{"id":73714,"date":"2022-10-16T14:23:08","date_gmt":"2022-10-16T14:23:08","guid":{"rendered":"https:\/\/topgetestet.de\/?product=marco-tozzi-damen-2-2-25246-29-sneaker"},"modified":"2022-10-16T14:23:08","modified_gmt":"2022-10-16T14:23:08","slug":"marco-tozzi-damen-2-2-25246-29-sneaker","status":"publish","type":"product","link":"https:\/\/topgetestet.de\/?product=marco-tozzi-damen-2-2-25246-29-sneaker","title":{"rendered":"MARCO TOZZI Damen 2-2-25246-29 Sneaker"},"content":{"rendered":"<p>Price: <span style=\"color:#b12704\">[price_with_discount]<\/span><br \/><i><small>(as of [price_update_date] &#8211; <span class=\"wp_automatic_amazon_disclaimer\" title=\"Product prices and availability are accurate as of the date\/time indicated and are subject to change. Any price and availability information displayed on [relevant Amazon Site(s), as applicable] at the time of purchase will apply to the purchase of this product.\">Details<\/span>)<\/small><\/i><\/p>\n<p><a href=\"https:\/\/amazon.de\/dp\/B09MZCPZMS?tag=topgetestet09-21\"><img decoding=\"async\" src=\"https:\/\/i.imgur.com\/ISRHEWs.png\"><\/a><br \/>\n[ad_1]<br \/>\n <span>Marco Tozzi \u2013 weil ich will: Drei Worte, die Grund genug sind, ein neues Paar Schuhe zu kaufen. Denn eine moderne und selbstbewusste Frau braucht weder einen Grund, sich etwas zu g\u00f6nnen, noch muss sie sich daf\u00fcr rechtfertigen. Vor allem nicht, wenn es um Schuhe geht. Marco Tozzi bietet internationale Schuhtrends f\u00fcr jeden Anlass und garantiert einen stilsicheren Auftritt.<\/span> <br \/> Verpackungsabmessungen \u200f : \u200e  30.7 x 27.8 x 11.5 cm; 1.01 Kilogramm <br \/> Im Angebot von Amazon.de seit \u200f : \u200e  3. Dezember 2021 <br \/> Hersteller \u200f : \u200e  Marco Tozzi Shoes GmbH &#038; Co. KG <br \/> ASIN \u200f : \u200e  B09MZCVD68 <br \/> Modellnummer \u200f : \u200e  2-2-25246-29 <br \/> Kategorie \u200f : \u200e  Damen <\/p>\n<p>[ad_2]<\/p>\n","protected":false},"excerpt":{"rendered":"<p>Price: [price_with_discount](as of [price_update_date] &#8211; Details) [ad_1] Marco Tozzi \u2013 weil ich will: Drei Worte, die Grund genug sind, ein neues Paar Schuhe zu kaufen. Denn eine moderne und selbstbewusste<\/p>\n","protected":false},"featured_media":73715,"comment_status":"open","ping_status":"closed","template":"","meta":[],"product_cat":[230],"product_tag":[266],"class_list":{"0":"post-73714","1":"product","2":"type-product","3":"status-publish","4":"has-post-thumbnail","6":"product_cat-fashion","7":"product_tag-womens-fashion-sneakers","9":"first","10":"instock","11":"shipping-taxable","12":"product-type-external"},"aioseo_notices":[],"_links":{"self":[{"href":"https:\/\/topgetestet.de\/index.php?rest_route=\/wp\/v2\/product\/73714","targetHints":{"allow":["GET"]}}],"collection":[{"href":"https:\/\/topgetestet.de\/index.php?rest_route=\/wp\/v2\/product"}],"about":[{"href":"https:\/\/topgetestet.de\/index.php?rest_route=\/wp\/v2\/types\/product"}],"replies":[{"embeddable":true,"href":"https:\/\/topgetestet.de\/index.php?rest_route=%2Fwp%2Fv2%2Fcomments&post=73714"}],"wp:featuredmedia":[{"embeddable":true,"href":"https:\/\/topgetestet.de\/index.php?rest_route=\/wp\/v2\/media\/73715"}],"wp:attachment":[{"href":"https:\/\/topgetestet.de\/index.php?rest_route=%2Fwp%2Fv2%2Fmedia&parent=73714"}],"wp:term":[{"taxonomy":"product_cat","embeddable":true,"href":"https:\/\/topgetestet.de\/index.php?rest_route=%2Fwp%2Fv2%2Fproduct_cat&post=73714"},{"taxonomy":"product_tag","embeddable":true,"href":"https:\/\/topgetestet.de\/index.php?rest_route=%2Fwp%2Fv2%2Fproduct_tag&post=73714"}],"curies":[{"name":"wp","href":"https:\/\/api.w.org\/{rel}","templated":true}]}}