{"id":73683,"date":"2022-10-16T14:15:54","date_gmt":"2022-10-16T14:15:54","guid":{"rendered":"https:\/\/topgetestet.de\/?product=powera-duale-ladegerat-ladestation-fur-playstation-4"},"modified":"2022-10-16T14:15:54","modified_gmt":"2022-10-16T14:15:54","slug":"powera-duale-ladegerat-ladestation-fur-playstation-4","status":"publish","type":"product","link":"https:\/\/topgetestet.de\/?product=powera-duale-ladegerat-ladestation-fur-playstation-4","title":{"rendered":"PowerA Duale Ladegerat Ladestation f\u00fcr PlayStation 4"},"content":{"rendered":"<p>Price: <span style=\"color:#b12704\">[price_with_discount]<\/span><br \/><i><small>(as of [price_update_date] &#8211; <span class=\"wp_automatic_amazon_disclaimer\" title=\"Product prices and availability are accurate as of the date\/time indicated and are subject to change. Any price and availability information displayed on [relevant Amazon Site(s), as applicable] at the time of purchase will apply to the purchase of this product.\">Details<\/span>)<\/small><\/i><\/p>\n<p><a href=\"https:\/\/amazon.de\/dp\/B00TGYCAB8?tag=topgetestet09-21\"><img decoding=\"async\" src=\"https:\/\/i.imgur.com\/ISRHEWs.png\"><\/a><br \/>\n[ad_1]<br \/>\n <span>Laden und pr\u00e4sentieren Sie die kabellosen DUALSHOCK 4-Controller mit der offiziell lizenzierten Ladestation f\u00fcr PlayStation 4. Da die Controller direkt neben der PS4-Konsole geladen werden, k\u00f6nnen Sie sicher sein, dass sie zum Spielen bereit sind.<\/span> <br \/> Auslaufartikel (Produktion durch Hersteller eingestellt) \u200f : \u200e  Nein <br \/> Batterien \u200f : \u200e  1 Lithium-Ionen Batterien erforderlich (enthalten). <br \/> Alterseinstufung \u200f : \u200e  Nicht gepr\u00fcft <br \/> Sprache \u200f : \u200e  Italienisch <br \/> Handbuch \u200f : \u200e  Italienisch <br \/> Produktabmessungen \u200f : \u200e  22.1 x 10.2 x 18.2 cm; 277 Gramm <br \/> Untertitel: \u200f : \u200e  Italienisch <br \/> ASIN \u200f : \u200e  B00TGYCAB8 <br \/> Modellnummer \u200f : \u200e  1311351-02 <br \/> Herkunftsland \u200f : \u200e  China <\/p>\n<p>L\u00e4dt 2 kabellose DUALSHOCK 4-Controller<br \/>Zum Laden einfach einklicken<br \/>Keine Sorge mehr, dass die Batterie leer wird<br \/>L\u00e4dt und pr\u00e4sentiert<br \/>Ladung mit Netzteil<br \/>\n<br \/>[ad_2]<\/p>\n","protected":false},"excerpt":{"rendered":"<p>Price: [price_with_discount](as of [price_update_date] &#8211; Details) [ad_1] Laden und pr\u00e4sentieren Sie die kabellosen DUALSHOCK 4-Controller mit der offiziell lizenzierten Ladestation f\u00fcr PlayStation 4. Da die Controller direkt neben der PS4-Konsole<\/p>\n","protected":false},"featured_media":73684,"comment_status":"open","ping_status":"closed","template":"","meta":[],"product_cat":[227],"product_tag":[264],"class_list":{"0":"post-73683","1":"product","2":"type-product","3":"status-publish","4":"has-post-thumbnail","6":"product_cat-gaming","7":"product_tag-playstation-4-accessories","9":"first","10":"instock","11":"shipping-taxable","12":"product-type-external"},"aioseo_notices":[],"_links":{"self":[{"href":"https:\/\/topgetestet.de\/index.php?rest_route=\/wp\/v2\/product\/73683","targetHints":{"allow":["GET"]}}],"collection":[{"href":"https:\/\/topgetestet.de\/index.php?rest_route=\/wp\/v2\/product"}],"about":[{"href":"https:\/\/topgetestet.de\/index.php?rest_route=\/wp\/v2\/types\/product"}],"replies":[{"embeddable":true,"href":"https:\/\/topgetestet.de\/index.php?rest_route=%2Fwp%2Fv2%2Fcomments&post=73683"}],"wp:featuredmedia":[{"embeddable":true,"href":"https:\/\/topgetestet.de\/index.php?rest_route=\/wp\/v2\/media\/73684"}],"wp:attachment":[{"href":"https:\/\/topgetestet.de\/index.php?rest_route=%2Fwp%2Fv2%2Fmedia&parent=73683"}],"wp:term":[{"taxonomy":"product_cat","embeddable":true,"href":"https:\/\/topgetestet.de\/index.php?rest_route=%2Fwp%2Fv2%2Fproduct_cat&post=73683"},{"taxonomy":"product_tag","embeddable":true,"href":"https:\/\/topgetestet.de\/index.php?rest_route=%2Fwp%2Fv2%2Fproduct_tag&post=73683"}],"curies":[{"name":"wp","href":"https:\/\/api.w.org\/{rel}","templated":true}]}}