{"id":73538,"date":"2022-10-16T13:25:47","date_gmt":"2022-10-16T13:25:47","guid":{"rendered":"https:\/\/topgetestet.de\/?product=gillette-satin-care-gel-shea-butter-3pack-3x200-ml"},"modified":"2022-10-16T13:25:47","modified_gmt":"2022-10-16T13:25:47","slug":"gillette-satin-care-gel-shea-butter-3pack-3x200-ml","status":"publish","type":"product","link":"https:\/\/topgetestet.de\/?product=gillette-satin-care-gel-shea-butter-3pack-3x200-ml","title":{"rendered":"Gillette Satin Care Gel Shea Butter 3pack (3&#215;200 ml)"},"content":{"rendered":"<p>Price: <span style=\"color:#b12704\">[price_with_discount]<\/span><br \/><i><small>(as of [price_update_date] &#8211; <span class=\"wp_automatic_amazon_disclaimer\" title=\"Product prices and availability are accurate as of the date\/time indicated and are subject to change. Any price and availability information displayed on [relevant Amazon Site(s), as applicable] at the time of purchase will apply to the purchase of this product.\">Details<\/span>)<\/small><\/i><\/p>\n<p><a href=\"https:\/\/amazon.de\/dp\/B003Q95A9S?tag=topgetestet09-21\"><img decoding=\"async\" src=\"https:\/\/i.imgur.com\/ISRHEWs.png\"><\/a><br \/>\n[ad_1]<br \/>\n <span>Gillette Satin Care Shea Butter Rasiergel f\u00fcr Frauen hat eine spezielle Formel mit besonderer Gleitkraft und wurde extra f\u00fcr trockene Haut entwickelt. Das Gel hat einen angenehm dezenten Duft und verwandelt sich in einen reichhaltigen, cremigen Schaum. Es sorgt f\u00fcr unglaublich sanftes Gleiten, sch\u00fctzt vor kleineren Verletzungen und hinterl\u00e4sst nach jeder Rasur ein sch\u00f6nes, weiches, glattes Hautgef\u00fchl. Ein besonders gro\u00dfartiges Rasurergebnis l\u00e4sst sich in Kombination mit einem Gillette Venus Rasierer erzielen. Die praktische Standardgr\u00f6\u00dfe f\u00fcr Zuhause h\u00e4lt lange, f\u00fcr viele Rasuren \u2013 damit man sich \u00fcberall so zeigen kann, wie man es mag.<\/span> <br \/>Formulierung: Formel mit Shea Butter pflegt die Haut w\u00e4hrend der Rasur und bietet besondere Gleitkraft, f\u00fcr sanftes Gleiten<br \/>Hautschutz: Problemloses, sanftes Gleiten, sch\u00fctzt vor kleineren Hautverletzungen<br \/>Wohlf\u00fchlen: F\u00fcr angenehm weiche und glatte Haut<br \/>Duft: Angenehm dezenter Duft<br \/>Anwendung: Einfache Anwendung und guter \u00dcberblick wo man bereits rasiert hat<br \/>Gr\u00f6\u00dfe: Standardgr\u00f6\u00dfe f\u00fcr Zuhause<br \/>\n<br \/>[ad_2]<\/p>\n","protected":false},"excerpt":{"rendered":"<p>Price: [price_with_discount](as of [price_update_date] &#8211; Details) [ad_1] Gillette Satin Care Shea Butter Rasiergel f\u00fcr Frauen hat eine spezielle Formel mit besonderer Gleitkraft und wurde extra f\u00fcr trockene Haut entwickelt. Das<\/p>\n","protected":false},"featured_media":73539,"comment_status":"open","ping_status":"closed","template":"","meta":[],"product_cat":[228],"product_tag":[237],"class_list":{"0":"post-73538","1":"product","2":"type-product","3":"status-publish","4":"has-post-thumbnail","6":"product_cat-beauty","7":"product_tag-personal-care","9":"first","10":"instock","11":"shipping-taxable","12":"product-type-external"},"aioseo_notices":[],"_links":{"self":[{"href":"https:\/\/topgetestet.de\/index.php?rest_route=\/wp\/v2\/product\/73538","targetHints":{"allow":["GET"]}}],"collection":[{"href":"https:\/\/topgetestet.de\/index.php?rest_route=\/wp\/v2\/product"}],"about":[{"href":"https:\/\/topgetestet.de\/index.php?rest_route=\/wp\/v2\/types\/product"}],"replies":[{"embeddable":true,"href":"https:\/\/topgetestet.de\/index.php?rest_route=%2Fwp%2Fv2%2Fcomments&post=73538"}],"wp:featuredmedia":[{"embeddable":true,"href":"https:\/\/topgetestet.de\/index.php?rest_route=\/wp\/v2\/media\/73539"}],"wp:attachment":[{"href":"https:\/\/topgetestet.de\/index.php?rest_route=%2Fwp%2Fv2%2Fmedia&parent=73538"}],"wp:term":[{"taxonomy":"product_cat","embeddable":true,"href":"https:\/\/topgetestet.de\/index.php?rest_route=%2Fwp%2Fv2%2Fproduct_cat&post=73538"},{"taxonomy":"product_tag","embeddable":true,"href":"https:\/\/topgetestet.de\/index.php?rest_route=%2Fwp%2Fv2%2Fproduct_tag&post=73538"}],"curies":[{"name":"wp","href":"https:\/\/api.w.org\/{rel}","templated":true}]}}