{"id":73505,"date":"2022-10-16T13:19:51","date_gmt":"2022-10-16T13:19:51","guid":{"rendered":"https:\/\/topgetestet.de\/?product=harry-potter-the-complete-collection-jubilaums-edition-9-dvds"},"modified":"2022-10-16T13:19:51","modified_gmt":"2022-10-16T13:19:51","slug":"harry-potter-the-complete-collection-jubilaums-edition-9-dvds","status":"publish","type":"product","link":"https:\/\/topgetestet.de\/?product=harry-potter-the-complete-collection-jubilaums-edition-9-dvds","title":{"rendered":"Harry Potter: The Complete Collection &#8211; Jubil\u00e4ums-Edition [9 DVDs]"},"content":{"rendered":"<p>Price: <span style=\"color:#b12704\">[price_with_discount]<\/span><br \/><i><small>(as of [price_update_date] &#8211; <span class=\"wp_automatic_amazon_disclaimer\" title=\"Product prices and availability are accurate as of the date\/time indicated and are subject to change. Any price and availability information displayed on [relevant Amazon Site(s), as applicable] at the time of purchase will apply to the purchase of this product.\">Details<\/span>)<\/small><\/i><\/p>\n<p><a href=\"https:\/\/amazon.de\/dp\/B096CKK99Y?tag=topgetestet09-21\"><img decoding=\"async\" src=\"https:\/\/i.imgur.com\/ISRHEWs.png\"><\/a><br \/>\n[ad_1]<br \/>\n <span>Als Harry von Hogwarts, der Schule f\u00fcr Hexerei und Zauberei, aufgenommen wird, erlebt er in acht Filmen das Abenteuer seines Lebens. Harry Potter und der Stein der Weisen\u2122Das magische Abenteuer beginnt als Harry von Hogwarts, der Schule f\u00fcr Hexerei und Zauberei, aufgenommen wird.Harry Potter und die Kammer des Schreckens\u2122Fliegende Autos, gemeingef\u00e4hrliche B\u00e4ume und die Warnung eines mysteri\u00f6sen Hauselfen &#8211; so beginnt f\u00fcr Harry Potter das zweite Schuljahr.Harry Potter und der Gefangene von Askaban\u2122Harry muss sich den Seelen aussaugenden Dementoren stellen, einen Werwolf \u00fcberlisten und erf\u00e4hrt die Wahrheit \u00fcber den geflohenen Str\u00e4fling von Askaban &#8211; Sirius Black.Harry Potter und der Feuerkelch\u2122Harry muss einen gef\u00e4hrlichen Drachen, gespenstische Wasserd\u00e4monen und ein verzaubertes Labyrinth \u00fcberstehen, nur um am Ende Dem-dessen-Name-nicht-genannt-werden-darf gegen\u00fcberzustehen.Harry Potter und der Orden des Ph\u00f6nix\u2122Da kaum jemand an die R\u00fcckkehr von Lord Voldemort glaubt, muss Harry seine Freunde heimlich ausbilden, um sie so auf den bevorstehenden Kampf der Zauberer vorzubereiten.Harry Potter und der Halbblutprinz\u2122Als Lord Voldemorts Faust sich immer enger um die Welt der Muggels und der Zauberer schlie\u00dft, suchen Harry und Dumbledore nach Mitteln und Wegen, Voldemorts Verteidigungslinien zu durchbrechen.Harry Potter und die Heiligt\u00fcmer des Todes &#8211; Teil&#8230;<\/p>\n<p>Bonusmaterial:<br \/>Enth\u00e4lt 9 Discs: 8x DVD Filme + 1 Disc Bonus: DVD &#8220;Harry Potter und der Stein der Weisen\u2122&#8221; im interaktiven Magical Movie Modus, Magical Movie Mode : Englisches Audio mit deutschen Untertiteln<\/span> <br \/> Alterseinstufung \u200f : \u200e  Freigegeben ab 12 Jahren <br \/> Produktabmessungen \u200f : \u200e  14.1 x 3 x 19.4 cm; 300 Gramm <br \/> Regisseur \u200f : \u200e  Chris Columbus, Alfonso Cuar\u00f3n, Mike Newell, David Yates <br \/> Medienformat \u200f : \u200e  PAL, Breitbild <br \/> Laufzeit \u200f : \u200e  18 Stunden und 52 Minuten <br \/> Erscheinungstermin \u200f : \u200e  26. August 2021 <br \/> Darsteller \u200f : \u200e  Daniel Radcliffe, Emma Watson, Rupert Grint <br \/> Untertitel: \u200f : \u200e  Deutsch <br \/> Sprache, \u200f : \u200e  Deutsch (Dolby Digital 5.1), Englisch (Dolby Digital 5.1) <br \/> Studio \u200f : \u200e  Warner Bros (Universal Pictures) <br \/> ASIN \u200f : \u200e  B096CKK99Y <br \/> Herkunftsland \u200f : \u200e  Deutschland <br \/> Anzahl Disks \u200f : \u200e  9 <\/p>\n<p>[ad_2]<\/p>\n","protected":false},"excerpt":{"rendered":"<p>Price: [price_with_discount](as of [price_update_date] &#8211; Details) [ad_1] Als Harry von Hogwarts, der Schule f\u00fcr Hexerei und Zauberei, aufgenommen wird, erlebt er in acht Filmen das Abenteuer seines Lebens. Harry Potter<\/p>\n","protected":false},"featured_media":73506,"comment_status":"open","ping_status":"closed","template":"","meta":[],"product_cat":[227],"product_tag":[255],"class_list":{"0":"post-73505","1":"product","2":"type-product","3":"status-publish","4":"has-post-thumbnail","6":"product_cat-gaming","7":"product_tag-amazon-games","9":"first","10":"instock","11":"shipping-taxable","12":"product-type-external"},"aioseo_notices":[],"_links":{"self":[{"href":"https:\/\/topgetestet.de\/index.php?rest_route=\/wp\/v2\/product\/73505","targetHints":{"allow":["GET"]}}],"collection":[{"href":"https:\/\/topgetestet.de\/index.php?rest_route=\/wp\/v2\/product"}],"about":[{"href":"https:\/\/topgetestet.de\/index.php?rest_route=\/wp\/v2\/types\/product"}],"replies":[{"embeddable":true,"href":"https:\/\/topgetestet.de\/index.php?rest_route=%2Fwp%2Fv2%2Fcomments&post=73505"}],"wp:featuredmedia":[{"embeddable":true,"href":"https:\/\/topgetestet.de\/index.php?rest_route=\/wp\/v2\/media\/73506"}],"wp:attachment":[{"href":"https:\/\/topgetestet.de\/index.php?rest_route=%2Fwp%2Fv2%2Fmedia&parent=73505"}],"wp:term":[{"taxonomy":"product_cat","embeddable":true,"href":"https:\/\/topgetestet.de\/index.php?rest_route=%2Fwp%2Fv2%2Fproduct_cat&post=73505"},{"taxonomy":"product_tag","embeddable":true,"href":"https:\/\/topgetestet.de\/index.php?rest_route=%2Fwp%2Fv2%2Fproduct_tag&post=73505"}],"curies":[{"name":"wp","href":"https:\/\/api.w.org\/{rel}","templated":true}]}}