{"id":73153,"date":"2022-10-16T11:32:06","date_gmt":"2022-10-16T11:32:06","guid":{"rendered":"https:\/\/topgetestet.de\/?product=adidas-damen-grand-court-2-0-sneaker"},"modified":"2022-10-16T11:32:06","modified_gmt":"2022-10-16T11:32:06","slug":"adidas-damen-grand-court-2-0-sneaker","status":"publish","type":"product","link":"https:\/\/topgetestet.de\/?product=adidas-damen-grand-court-2-0-sneaker","title":{"rendered":"adidas Damen Grand Court 2.0 Sneaker"},"content":{"rendered":"<p>Price: <span style=\"color:#b12704\">[price_with_discount]<\/span><br \/><i><small>(as of [price_update_date] &#8211; <span class=\"wp_automatic_amazon_disclaimer\" title=\"Product prices and availability are accurate as of the date\/time indicated and are subject to change. Any price and availability information displayed on [relevant Amazon Site(s), as applicable] at the time of purchase will apply to the purchase of this product.\">Details<\/span>)<\/small><\/i><\/p>\n<p><a href=\"https:\/\/amazon.de\/dp\/B09ZTWB1FK?tag=topgetestet09-21\"><img decoding=\"async\" src=\"https:\/\/i.imgur.com\/ISRHEWs.png\"><\/a><br \/>\n[ad_1]<br \/>\n <span>Der authentische Schuh wurde f\u00fcr Tennis geboren und \u00fcberdacht f\u00fcr die Stadt. Ein Modell, das einfach gro\u00dfe Komfort und Leichtigkeit bietet.<\/span> <br \/> Produktabmessungen \u200f : \u200e  25 x 15 x 5 cm; 250 Gramm <br \/> Im Angebot von Amazon.de seit \u200f : \u200e  11. Juli 2022 <br \/> Hersteller \u200f : \u200e  Adidas <br \/> ASIN \u200f : \u200e  B09N3M1B5B <br \/> Modellnummer \u200f : \u200e  GW7112 <br \/> Kategorie \u200f : \u200e  Damen <\/p>\n<p>[ad_2]<\/p>\n","protected":false},"excerpt":{"rendered":"<p>Price: [price_with_discount](as of [price_update_date] &#8211; Details) [ad_1] Der authentische Schuh wurde f\u00fcr Tennis geboren und \u00fcberdacht f\u00fcr die Stadt. Ein Modell, das einfach gro\u00dfe Komfort und Leichtigkeit bietet. Produktabmessungen \u200f<\/p>\n","protected":false},"featured_media":73154,"comment_status":"open","ping_status":"closed","template":"","meta":[],"product_cat":[230],"product_tag":[266],"class_list":{"0":"post-73153","1":"product","2":"type-product","3":"status-publish","4":"has-post-thumbnail","6":"product_cat-fashion","7":"product_tag-womens-fashion-sneakers","9":"first","10":"instock","11":"shipping-taxable","12":"product-type-external"},"aioseo_notices":[],"_links":{"self":[{"href":"https:\/\/topgetestet.de\/index.php?rest_route=\/wp\/v2\/product\/73153","targetHints":{"allow":["GET"]}}],"collection":[{"href":"https:\/\/topgetestet.de\/index.php?rest_route=\/wp\/v2\/product"}],"about":[{"href":"https:\/\/topgetestet.de\/index.php?rest_route=\/wp\/v2\/types\/product"}],"replies":[{"embeddable":true,"href":"https:\/\/topgetestet.de\/index.php?rest_route=%2Fwp%2Fv2%2Fcomments&post=73153"}],"wp:featuredmedia":[{"embeddable":true,"href":"https:\/\/topgetestet.de\/index.php?rest_route=\/wp\/v2\/media\/73154"}],"wp:attachment":[{"href":"https:\/\/topgetestet.de\/index.php?rest_route=%2Fwp%2Fv2%2Fmedia&parent=73153"}],"wp:term":[{"taxonomy":"product_cat","embeddable":true,"href":"https:\/\/topgetestet.de\/index.php?rest_route=%2Fwp%2Fv2%2Fproduct_cat&post=73153"},{"taxonomy":"product_tag","embeddable":true,"href":"https:\/\/topgetestet.de\/index.php?rest_route=%2Fwp%2Fv2%2Fproduct_tag&post=73153"}],"curies":[{"name":"wp","href":"https:\/\/api.w.org\/{rel}","templated":true}]}}