{"id":73115,"date":"2022-10-16T11:18:11","date_gmt":"2022-10-16T11:18:11","guid":{"rendered":"https:\/\/topgetestet.de\/?product=amazon-basics-ethernetkabel-cat6-knickgeschutzt-152-cm-5-stuck-weis"},"modified":"2022-10-16T11:18:11","modified_gmt":"2022-10-16T11:18:11","slug":"amazon-basics-ethernetkabel-cat6-knickgeschutzt-152-cm-5-stuck-weis","status":"publish","type":"product","link":"https:\/\/topgetestet.de\/?product=amazon-basics-ethernetkabel-cat6-knickgeschutzt-152-cm-5-stuck-weis","title":{"rendered":"Amazon Basics Ethernetkabel Cat6, knickgesch\u00fctzt, 152 cm, 5 St\u00fcck, Wei\u00df"},"content":{"rendered":"<p>Price: <span style=\"color:#b12704\">[price_with_discount]<\/span><br \/><i><small>(as of [price_update_date] &#8211; <span class=\"wp_automatic_amazon_disclaimer\" title=\"Product prices and availability are accurate as of the date\/time indicated and are subject to change. Any price and availability information displayed on [relevant Amazon Site(s), as applicable] at the time of purchase will apply to the purchase of this product.\">Details<\/span>)<\/small><\/i><\/p>\n<p><a href=\"https:\/\/amazon.de\/dp\/B07RP42RY1?tag=topgetestet09-21\"><img decoding=\"async\" src=\"https:\/\/i.imgur.com\/ISRHEWs.png\"><\/a><br \/>\n[ad_1]<br \/>\n Um die Gesamtbewertung der Sterne und die prozentuale Aufschl\u00fcsselung nach Sternen zu berechnen, verwenden wir keinen einfachen Durchschnitt. Stattdessen ber\u00fccksichtigt unser System beispielsweise, wie aktuell eine Bewertung ist und ob der Pr\u00fcfer den Artikel bei Amazon gekauft hat. Es wurden auch Bewertungen analysiert, um die Vertrauensw\u00fcrdigkeit zu \u00fcberpr\u00fcfen. <br \/>5er-Packung 152 cm lange Cat6-Ethernetkabel zum Anschlie\u00dfen von Netzwerkger\u00e4ten, wie Computern, Druckern, Routern und mehr<br \/>Bandbreitenleistung von bis zu 250 MHz<br \/>Geringer Signalverlust mit einer \u00dcbertragungsgeschwindigkeit von bis zu 10 Gigabit\/s und 100 m Entfernung<br \/>Knickgesch\u00fctztes Stecker-Design verhindert Besch\u00e4digungen beim Ein-\/Ausstecken des Kabels<br \/>Vergoldete Kontakte und Leiter aus reinem Kupfer verbessern die Signal-Integrit\u00e4t und sind korrosionsbest\u00e4ndig<br \/>Mit flexibler Schutz-Ummantelung aus PVC, 5,0 mm Kabeldurchmesser und einem Aderdurchschnitt von 0,405 mm<br \/>\n<br \/>[ad_2]<\/p>\n","protected":false},"excerpt":{"rendered":"<p>Price: [price_with_discount](as of [price_update_date] &#8211; Details) [ad_1] Um die Gesamtbewertung der Sterne und die prozentuale Aufschl\u00fcsselung nach Sternen zu berechnen, verwenden wir keinen einfachen Durchschnitt. Stattdessen ber\u00fccksichtigt unser System beispielsweise,<\/p>\n","protected":false},"featured_media":73116,"comment_status":"open","ping_status":"closed","template":"","meta":[],"product_cat":[225],"product_tag":[],"class_list":{"0":"post-73115","1":"product","2":"type-product","3":"status-publish","4":"has-post-thumbnail","6":"product_cat-electronics","8":"first","9":"instock","10":"shipping-taxable","11":"product-type-external"},"aioseo_notices":[],"_links":{"self":[{"href":"https:\/\/topgetestet.de\/index.php?rest_route=\/wp\/v2\/product\/73115","targetHints":{"allow":["GET"]}}],"collection":[{"href":"https:\/\/topgetestet.de\/index.php?rest_route=\/wp\/v2\/product"}],"about":[{"href":"https:\/\/topgetestet.de\/index.php?rest_route=\/wp\/v2\/types\/product"}],"replies":[{"embeddable":true,"href":"https:\/\/topgetestet.de\/index.php?rest_route=%2Fwp%2Fv2%2Fcomments&post=73115"}],"wp:featuredmedia":[{"embeddable":true,"href":"https:\/\/topgetestet.de\/index.php?rest_route=\/wp\/v2\/media\/73116"}],"wp:attachment":[{"href":"https:\/\/topgetestet.de\/index.php?rest_route=%2Fwp%2Fv2%2Fmedia&parent=73115"}],"wp:term":[{"taxonomy":"product_cat","embeddable":true,"href":"https:\/\/topgetestet.de\/index.php?rest_route=%2Fwp%2Fv2%2Fproduct_cat&post=73115"},{"taxonomy":"product_tag","embeddable":true,"href":"https:\/\/topgetestet.de\/index.php?rest_route=%2Fwp%2Fv2%2Fproduct_tag&post=73115"}],"curies":[{"name":"wp","href":"https:\/\/api.w.org\/{rel}","templated":true}]}}