{"id":72824,"date":"2022-10-16T09:49:57","date_gmt":"2022-10-16T09:49:57","guid":{"rendered":"https:\/\/topgetestet.de\/?product=s-oliver-damen-mantel-langarm-2"},"modified":"2022-10-16T09:49:57","modified_gmt":"2022-10-16T09:49:57","slug":"s-oliver-damen-mantel-langarm-2","status":"publish","type":"product","link":"https:\/\/topgetestet.de\/?product=s-oliver-damen-mantel-langarm-2","title":{"rendered":"s.Oliver Damen Mantel Langarm"},"content":{"rendered":"<p>Price: <span style=\"color:#b12704\">[price_with_discount]<\/span><br \/><i><small>(as of [price_update_date] &#8211; <span class=\"wp_automatic_amazon_disclaimer\" title=\"Product prices and availability are accurate as of the date\/time indicated and are subject to change. Any price and availability information displayed on [relevant Amazon Site(s), as applicable] at the time of purchase will apply to the purchase of this product.\">Details<\/span>)<\/small><\/i><\/p>\n<p><a href=\"https:\/\/amazon.de\/dp\/B09RSKWD4C?tag=topgetestet09-21\"><img decoding=\"async\" src=\"https:\/\/i.imgur.com\/ISRHEWs.png\"><\/a><br \/>\n[ad_1]<\/p>\n<p>       Produktbeschreibung des Herstellers <\/p>\n<p>          <img decoding=\"async\" alt=\"logo\" src=\"https:\/\/images-na.ssl-images-amazon.com\/images\/G\/01\/x-locale\/common\/grey-pixel.gif\" class=\"a-lazy-loaded\" data-src=\"https:\/\/m.media-amazon.com\/images\/S\/aplus-media\/sota\/69dbad90-5eac-4c71-8439-eb6930180c71.__CR0,3,3076,923_PT0_SX600_V1___.png\"><\/p>\n<p>           <img decoding=\"async\" alt=\"logo\" src=\"https:\/\/m.media-amazon.com\/images\/S\/aplus-media\/sota\/69dbad90-5eac-4c71-8439-eb6930180c71.__CR0,3,3076,923_PT0_SX600_V1___.png\"><\/p>\n<p> s.Oliver inspiriert Menschen auf der ganzen Welt mit seiner Mode. Da sich die Kollektionen im Bereich des individuellen Lifestyles jeden Monat \u00e4ndern, garantiert s.Oliver eine hohe Affinit\u00e4t zu Trends und macht die Marke in ihrem gesamten Sortiment wahrnehmbar. Alle s.Oliver Marken verbinden Qualit\u00e4t mit h\u00f6chstem Tragekomfort zu einem hervorragenden Preis-Leistungs-Verh\u00e4ltnis. Das ist auch das Erfolgsgeheimnis von s.Oliver: Mode zu g\u00fcnstigen Preisen. <\/p>\n<p> In der s.Oliver Group sehen wir Nachhaltigkeit als Erfolgsfaktor f\u00fcr die Zukunft. Unser Motto: WE CARE. <\/p>\n<p> <img decoding=\"async\" alt=\"pic\" src=\"https:\/\/images-na.ssl-images-amazon.com\/images\/G\/01\/x-locale\/common\/grey-pixel.gif\" class=\"a-spacing-mini a-lazy-loaded\" data-src=\"https:\/\/m.media-amazon.com\/images\/W\/IMAGERENDERING_521856-T2\/images\/S\/aplus-media\/sota\/ff7da793-f201-4d44-99cd-ff95e60a8347.__CR0,0,480,480_PT0_SX300_V1___.jpg\">\n                   <\/p>\n<p>                    <img decoding=\"async\" alt=\"pic\" src=\"https:\/\/m.media-amazon.com\/images\/W\/IMAGERENDERING_521856-T2\/images\/S\/aplus-media\/sota\/ff7da793-f201-4d44-99cd-ff95e60a8347.__CR0,0,480,480_PT0_SX300_V1___.jpg\"><\/p>\n<p> <img decoding=\"async\" alt=\"pic\" src=\"https:\/\/images-na.ssl-images-amazon.com\/images\/G\/01\/x-locale\/common\/grey-pixel.gif\" class=\"a-spacing-mini a-lazy-loaded\" data-src=\"https:\/\/m.media-amazon.com\/images\/W\/IMAGERENDERING_521856-T2\/images\/S\/aplus-media\/sota\/83710ee3-0d7f-4827-9abc-cec38081aac5.__CR57,0,608,608_PT0_SX300_V1___.jpg\">\n                   <\/p>\n<p>                    <img decoding=\"async\" alt=\"pic\" src=\"https:\/\/m.media-amazon.com\/images\/W\/IMAGERENDERING_521856-T2\/images\/S\/aplus-media\/sota\/83710ee3-0d7f-4827-9abc-cec38081aac5.__CR57,0,608,608_PT0_SX300_V1___.jpg\"><\/p>\n<p> <img decoding=\"async\" alt=\"pic\" src=\"https:\/\/images-na.ssl-images-amazon.com\/images\/G\/01\/x-locale\/common\/grey-pixel.gif\" class=\"a-spacing-mini a-lazy-loaded\" data-src=\"https:\/\/m.media-amazon.com\/images\/W\/IMAGERENDERING_521856-T2\/images\/S\/aplus-media\/sota\/fd564950-1def-4159-aca9-1c822b726c1b.__CR0,13,480,480_PT0_SX300_V1___.jpg\">\n                   <\/p>\n<p>                    <img decoding=\"async\" alt=\"pic\" src=\"https:\/\/m.media-amazon.com\/images\/W\/IMAGERENDERING_521856-T2\/images\/S\/aplus-media\/sota\/fd564950-1def-4159-aca9-1c822b726c1b.__CR0,13,480,480_PT0_SX300_V1___.jpg\"><\/p>\n<p>          <img decoding=\"async\" alt=\"pic\" src=\"https:\/\/images-na.ssl-images-amazon.com\/images\/G\/01\/x-locale\/common\/grey-pixel.gif\" class=\"a-spacing-base a-lazy-loaded\" data-src=\"https:\/\/m.media-amazon.com\/images\/W\/IMAGERENDERING_521856-T2\/images\/S\/aplus-media\/sota\/565677ae-f65b-460b-abb5-d9407f48bc56.__CR54,0,1091,675_PT0_SX970_V1___.jpg\"><\/p>\n<p>           <img decoding=\"async\" alt=\"pic\" src=\"https:\/\/m.media-amazon.com\/images\/W\/IMAGERENDERING_521856-T2\/images\/S\/aplus-media\/sota\/565677ae-f65b-460b-abb5-d9407f48bc56.__CR54,0,1091,675_PT0_SX970_V1___.jpg\"><\/p>\n<p> Verpackungsabmessungen \u200f : \u200e  55.2 x 39.5 x 11.4 cm; 1.24 Kilogramm <br \/> Im Angebot von Amazon.de seit \u200f : \u200e  4. Februar 2022 <br \/> Hersteller \u200f : \u200e  s.Oliver <br \/> ASIN \u200f : \u200e  B09RSH6P9C <br \/> Modellnummer \u200f : \u200e  120.12.209.16.151.2116815 <br \/> Kategorie \u200f : \u200e  Damen <\/p>\n<p>[ad_2]<\/p>\n","protected":false},"excerpt":{"rendered":"<p>Price: [price_with_discount](as of [price_update_date] &#8211; Details) [ad_1] Produktbeschreibung des Herstellers s.Oliver inspiriert Menschen auf der ganzen Welt mit seiner Mode. Da sich die Kollektionen im Bereich des individuellen Lifestyles jeden<\/p>\n","protected":false},"featured_media":72825,"comment_status":"open","ping_status":"closed","template":"","meta":[],"product_cat":[232],"product_tag":[],"class_list":{"0":"post-72824","1":"product","2":"type-product","3":"status-publish","4":"has-post-thumbnail","6":"product_cat-women-fashion","8":"first","9":"instock","10":"shipping-taxable","11":"product-type-external"},"aioseo_notices":[],"_links":{"self":[{"href":"https:\/\/topgetestet.de\/index.php?rest_route=\/wp\/v2\/product\/72824","targetHints":{"allow":["GET"]}}],"collection":[{"href":"https:\/\/topgetestet.de\/index.php?rest_route=\/wp\/v2\/product"}],"about":[{"href":"https:\/\/topgetestet.de\/index.php?rest_route=\/wp\/v2\/types\/product"}],"replies":[{"embeddable":true,"href":"https:\/\/topgetestet.de\/index.php?rest_route=%2Fwp%2Fv2%2Fcomments&post=72824"}],"wp:featuredmedia":[{"embeddable":true,"href":"https:\/\/topgetestet.de\/index.php?rest_route=\/wp\/v2\/media\/72825"}],"wp:attachment":[{"href":"https:\/\/topgetestet.de\/index.php?rest_route=%2Fwp%2Fv2%2Fmedia&parent=72824"}],"wp:term":[{"taxonomy":"product_cat","embeddable":true,"href":"https:\/\/topgetestet.de\/index.php?rest_route=%2Fwp%2Fv2%2Fproduct_cat&post=72824"},{"taxonomy":"product_tag","embeddable":true,"href":"https:\/\/topgetestet.de\/index.php?rest_route=%2Fwp%2Fv2%2Fproduct_tag&post=72824"}],"curies":[{"name":"wp","href":"https:\/\/api.w.org\/{rel}","templated":true}]}}