{"id":72606,"date":"2022-10-16T09:01:33","date_gmt":"2022-10-16T09:01:33","guid":{"rendered":"https:\/\/topgetestet.de\/?product=odlo-herren-t-shirt-crew-neck-s-s-cardada"},"modified":"2022-10-16T09:01:33","modified_gmt":"2022-10-16T09:01:33","slug":"odlo-herren-t-shirt-crew-neck-s-s-cardada","status":"publish","type":"product","link":"https:\/\/topgetestet.de\/?product=odlo-herren-t-shirt-crew-neck-s-s-cardada","title":{"rendered":"Odlo Herren T-Shirt Crew Neck S\/S CARDADA"},"content":{"rendered":"<p>Price: <span style=\"color:#b12704\">[price_with_discount]<\/span><br \/><i><small>(as of [price_update_date] &#8211; <span class=\"wp_automatic_amazon_disclaimer\" title=\"Product prices and availability are accurate as of the date\/time indicated and are subject to change. Any price and availability information displayed on [relevant Amazon Site(s), as applicable] at the time of purchase will apply to the purchase of this product.\">Details<\/span>)<\/small><\/i><\/p>\n<p><a href=\"https:\/\/amazon.de\/dp\/B09MFWVNRP?tag=topgetestet09-21\"><img decoding=\"async\" src=\"https:\/\/i.imgur.com\/ISRHEWs.png\"><\/a><br \/>\n[ad_1]<br \/>\n <span>Mit ODLOs CARDADA Shirt kannst du neue H\u00f6henfl\u00fcge im Outdoorsport wagen, denn es leistet bei einer ganzen Reihe von Temperaturen und Sportarten treue Dienste. Das sportliche Funktionsshirt ist aus schnelltrocknendem Mini Jacquard-Material gefertigt, das f\u00fcr effektives Feuchtigkeitsmanagement und h\u00f6chsten Tragekomfort sorgt. Nachhaltige, antibakterielle ZeroScent Technologie auf Basis nat\u00fcrlicher Silberionen verhindert das Entstehen unangenehmer Ger\u00fcche &#8211; auch bei hei\u00dfem, schw\u00fclem Wetter. Mit dem wunderbar weichen, angenehm zu tragenden CARDADA T-Shirt kannst du auf deiner n\u00e4chsten Wanderung alles geben &#8211; und dich dabei stets frisch und wohl in deiner Haut f\u00fchlen!<\/span> <br \/> Verpackungsabmessungen \u200f : \u200e  37.1 x 26.6 x 1.3 cm; 120 Gramm <br \/> Im Angebot von Amazon.de seit \u200f : \u200e  23. November 2021 <br \/> Hersteller \u200f : \u200e  Odlo <br \/> ASIN \u200f : \u200e  B09MFY2WNZ <br \/> Modellnummer \u200f : \u200e  551002 <br \/> Kategorie \u200f : \u200e  Herren <\/p>\n<p>Schnelltrocknend<br \/>Kragenform: Rundhals<br \/>Kurzarm<br \/>Verschluss: Pull-On<br \/>100% Polyester<br \/>T-shirt crew neck s\/s<br \/>\n<br \/>[ad_2]<\/p>\n","protected":false},"excerpt":{"rendered":"<p>Price: [price_with_discount](as of [price_update_date] &#8211; Details) [ad_1] Mit ODLOs CARDADA Shirt kannst du neue H\u00f6henfl\u00fcge im Outdoorsport wagen, denn es leistet bei einer ganzen Reihe von Temperaturen und Sportarten treue<\/p>\n","protected":false},"featured_media":72607,"comment_status":"open","ping_status":"closed","template":"","meta":[],"product_cat":[231],"product_tag":[],"class_list":{"0":"post-72606","1":"product","2":"type-product","3":"status-publish","4":"has-post-thumbnail","6":"product_cat-mens-fashion","8":"first","9":"instock","10":"shipping-taxable","11":"product-type-external"},"aioseo_notices":[],"_links":{"self":[{"href":"https:\/\/topgetestet.de\/index.php?rest_route=\/wp\/v2\/product\/72606","targetHints":{"allow":["GET"]}}],"collection":[{"href":"https:\/\/topgetestet.de\/index.php?rest_route=\/wp\/v2\/product"}],"about":[{"href":"https:\/\/topgetestet.de\/index.php?rest_route=\/wp\/v2\/types\/product"}],"replies":[{"embeddable":true,"href":"https:\/\/topgetestet.de\/index.php?rest_route=%2Fwp%2Fv2%2Fcomments&post=72606"}],"wp:featuredmedia":[{"embeddable":true,"href":"https:\/\/topgetestet.de\/index.php?rest_route=\/wp\/v2\/media\/72607"}],"wp:attachment":[{"href":"https:\/\/topgetestet.de\/index.php?rest_route=%2Fwp%2Fv2%2Fmedia&parent=72606"}],"wp:term":[{"taxonomy":"product_cat","embeddable":true,"href":"https:\/\/topgetestet.de\/index.php?rest_route=%2Fwp%2Fv2%2Fproduct_cat&post=72606"},{"taxonomy":"product_tag","embeddable":true,"href":"https:\/\/topgetestet.de\/index.php?rest_route=%2Fwp%2Fv2%2Fproduct_tag&post=72606"}],"curies":[{"name":"wp","href":"https:\/\/api.w.org\/{rel}","templated":true}]}}