{"id":72588,"date":"2022-10-16T08:54:19","date_gmt":"2022-10-16T08:54:19","guid":{"rendered":"https:\/\/topgetestet.de\/?product=under-armour-machina-3-strasenlaufschuhe-fur-manner-schwarz-2"},"modified":"2022-10-16T08:54:19","modified_gmt":"2022-10-16T08:54:19","slug":"under-armour-machina-3-strasenlaufschuhe-fur-manner-schwarz-2","status":"publish","type":"product","link":"https:\/\/topgetestet.de\/?product=under-armour-machina-3-strasenlaufschuhe-fur-manner-schwarz-2","title":{"rendered":"Under Armour Machina 3 Stra\u00dfenlaufschuhe f\u00fcr M\u00e4nner Schwarz"},"content":{"rendered":"<p>Price: <span style=\"color:#b12704\">[price_with_discount]<\/span><br \/><i><small>(as of [price_update_date] &#8211; <span class=\"wp_automatic_amazon_disclaimer\" title=\"Product prices and availability are accurate as of the date\/time indicated and are subject to change. Any price and availability information displayed on [relevant Amazon Site(s), as applicable] at the time of purchase will apply to the purchase of this product.\">Details<\/span>)<\/small><\/i><\/p>\n<p><a href=\"https:\/\/amazon.de\/dp\/B095WQR1RC?tag=topgetestet09-21\"><img decoding=\"async\" src=\"https:\/\/i.imgur.com\/ISRHEWs.png\"><\/a><br \/>\n[ad_1]<br \/>\n <span>Hier kommt der Under Armour Sportschuh in Wei\u00df, der dir einen besonderen Look und ein angenehmes Tragegef\u00fchl verschafft. Er ist atmungsaktiv, super bequem und d\u00e4mpfend. Er bietet dir eine hohe Strapazierf\u00e4higkeit. Der 1996 gegr\u00fcndete und international aufstrebende Sportartikelanbieter aus den USA liefert dir ein wunderbares Modell, auf das du dich verlassen kannst. Dieser Neutralschuh darf bei deinen Einheiten auf keinen Fall fehlen.<br \/> Produktdetails:<\/p>\n<p> Sportschuh f\u00fcr Herren<br \/> Obermaterial: Textil<br \/> Futter: Textil<br \/> Laufsohle: Gummi<\/span> <br \/>Innenmaterial: Synthetisch<br \/>Absatzh\u00f6he: 28 mm<br \/>Fersen-Zehen-Differential: 28-20 mm<br \/>Laufschuhkategorie: A3 &#8211; Maximale D\u00e4mpfung<br \/>\n<br \/>[ad_2]<\/p>\n","protected":false},"excerpt":{"rendered":"<p>Price: [price_with_discount](as of [price_update_date] &#8211; Details) [ad_1] Hier kommt der Under Armour Sportschuh in Wei\u00df, der dir einen besonderen Look und ein angenehmes Tragegef\u00fchl verschafft. Er ist atmungsaktiv, super bequem<\/p>\n","protected":false},"featured_media":72589,"comment_status":"open","ping_status":"closed","template":"","meta":[],"product_cat":[234],"product_tag":[235],"class_list":{"0":"post-72588","1":"product","2":"type-product","3":"status-publish","4":"has-post-thumbnail","6":"product_cat-shoes","7":"product_tag-mens-road-running-shoes","9":"first","10":"instock","11":"shipping-taxable","12":"product-type-external"},"aioseo_notices":[],"_links":{"self":[{"href":"https:\/\/topgetestet.de\/index.php?rest_route=\/wp\/v2\/product\/72588","targetHints":{"allow":["GET"]}}],"collection":[{"href":"https:\/\/topgetestet.de\/index.php?rest_route=\/wp\/v2\/product"}],"about":[{"href":"https:\/\/topgetestet.de\/index.php?rest_route=\/wp\/v2\/types\/product"}],"replies":[{"embeddable":true,"href":"https:\/\/topgetestet.de\/index.php?rest_route=%2Fwp%2Fv2%2Fcomments&post=72588"}],"wp:featuredmedia":[{"embeddable":true,"href":"https:\/\/topgetestet.de\/index.php?rest_route=\/wp\/v2\/media\/72589"}],"wp:attachment":[{"href":"https:\/\/topgetestet.de\/index.php?rest_route=%2Fwp%2Fv2%2Fmedia&parent=72588"}],"wp:term":[{"taxonomy":"product_cat","embeddable":true,"href":"https:\/\/topgetestet.de\/index.php?rest_route=%2Fwp%2Fv2%2Fproduct_cat&post=72588"},{"taxonomy":"product_tag","embeddable":true,"href":"https:\/\/topgetestet.de\/index.php?rest_route=%2Fwp%2Fv2%2Fproduct_tag&post=72588"}],"curies":[{"name":"wp","href":"https:\/\/api.w.org\/{rel}","templated":true}]}}