{"id":72560,"date":"2022-10-16T08:48:14","date_gmt":"2022-10-16T08:48:14","guid":{"rendered":"https:\/\/topgetestet.de\/?product=parent-bike-bundle-iphone-13-pro-iphone"},"modified":"2022-10-16T08:48:14","modified_gmt":"2022-10-16T08:48:14","slug":"parent-bike-bundle-iphone-13-pro-iphone","status":"publish","type":"product","link":"https:\/\/topgetestet.de\/?product=parent-bike-bundle-iphone-13-pro-iphone","title":{"rendered":"Parent Bike Bundle (iPhone 13 Pro, iPhone)"},"content":{"rendered":"<p>Price: <span style=\"color:#b12704\">[price_with_discount]<\/span><br \/><i><small>(as of [price_update_date] &#8211; <span class=\"wp_automatic_amazon_disclaimer\" title=\"Product prices and availability are accurate as of the date\/time indicated and are subject to change. Any price and availability information displayed on [relevant Amazon Site(s), as applicable] at the time of purchase will apply to the purchase of this product.\">Details<\/span>)<\/small><\/i><\/p>\n<p><a href=\"https:\/\/amazon.de\/dp\/B09T715VH8?tag=topgetestet09-21\"><img decoding=\"async\" src=\"https:\/\/i.imgur.com\/ISRHEWs.png\"><\/a><br \/>\n[ad_1]<br \/>\n Um die Gesamtbewertung der Sterne und die prozentuale Aufschl\u00fcsselung nach Sternen zu berechnen, verwenden wir keinen einfachen Durchschnitt. Stattdessen ber\u00fccksichtigt unser System beispielsweise, wie aktuell eine Bewertung ist und ob der Pr\u00fcfer den Artikel bei Amazon gekauft hat. Es wurden auch Bewertungen analysiert, um die Vertrauensw\u00fcrdigkeit zu \u00fcberpr\u00fcfen. <br \/> Verpackungsabmessungen \u200f : \u200e  19.5 x 10.2 x 4.9 cm; 220 Gramm <br \/> Im Angebot von Amazon.de seit \u200f : \u200e  12. Januar 2022 <br \/> Hersteller \u200f : \u200e  SP CONNECT <br \/> ASIN \u200f : \u200e  B09T715VH8 <br \/> Herkunftsland \u200f : \u200e  China <\/p>\n<p>\ud83d\udeb2LIEFERUMFANG: Das Bike Bundle enth\u00e4lt: Phone Case, Weather Cover, Universal Bike Mount, Stand Tool und Bedienungsanleitung, egal ob Extremsport oder Hobby, wir bieten die beste Alternative.<br \/>\ud83d\udeb2MONTAGEM\u00d6GLICHKEITEN: Du kannst die Fahrradhalterung werkzeuglos im Hoch oder Querformat auf Lenker-Durchmesser von 22-42 mm anbringen und durch die Winkeleinstellung individuell anpassen.<br \/>\ud83d\udeb2F\u00dcR JEDES WETTER: Durch das inkludierte Weather-Cover bist du f\u00fcr jede Witterung gewappnet, egal ob Regen, Schwei\u00df, Staub oder Schlamm. Nat\u00fcrlich kannst du trotz Cover den Touchscreen nutzen.<br \/>\ud83d\udeb2ROBUST UND SICHER: Der Fahrradhandyhalter ist durch eine kompakte Montage am Lenker und dem patentierten SP Connect Verschlusssystem die praktischste und sicherste L\u00f6sung die du finden wirst.<br \/>\ud83d\udeb2PATENTIERTER DREHVERSCHLUSS: Schnell, einfach und sicher! Die Patentierte Halterung garantiert sicheren Halt und erm\u00f6glicht dir sekundenschnelles An- und Abmontieren deines Mobil-Ger\u00e4tes.<br \/>\n<br \/>[ad_2]<\/p>\n","protected":false},"excerpt":{"rendered":"<p>Price: [price_with_discount](as of [price_update_date] &#8211; Details) [ad_1] Um die Gesamtbewertung der Sterne und die prozentuale Aufschl\u00fcsselung nach Sternen zu berechnen, verwenden wir keinen einfachen Durchschnitt. Stattdessen ber\u00fccksichtigt unser System beispielsweise,<\/p>\n","protected":false},"featured_media":72561,"comment_status":"open","ping_status":"closed","template":"","meta":[],"product_cat":[225],"product_tag":[],"class_list":{"0":"post-72560","1":"product","2":"type-product","3":"status-publish","4":"has-post-thumbnail","6":"product_cat-electronics","8":"first","9":"instock","10":"shipping-taxable","11":"product-type-external"},"aioseo_notices":[],"_links":{"self":[{"href":"https:\/\/topgetestet.de\/index.php?rest_route=\/wp\/v2\/product\/72560","targetHints":{"allow":["GET"]}}],"collection":[{"href":"https:\/\/topgetestet.de\/index.php?rest_route=\/wp\/v2\/product"}],"about":[{"href":"https:\/\/topgetestet.de\/index.php?rest_route=\/wp\/v2\/types\/product"}],"replies":[{"embeddable":true,"href":"https:\/\/topgetestet.de\/index.php?rest_route=%2Fwp%2Fv2%2Fcomments&post=72560"}],"wp:featuredmedia":[{"embeddable":true,"href":"https:\/\/topgetestet.de\/index.php?rest_route=\/wp\/v2\/media\/72561"}],"wp:attachment":[{"href":"https:\/\/topgetestet.de\/index.php?rest_route=%2Fwp%2Fv2%2Fmedia&parent=72560"}],"wp:term":[{"taxonomy":"product_cat","embeddable":true,"href":"https:\/\/topgetestet.de\/index.php?rest_route=%2Fwp%2Fv2%2Fproduct_cat&post=72560"},{"taxonomy":"product_tag","embeddable":true,"href":"https:\/\/topgetestet.de\/index.php?rest_route=%2Fwp%2Fv2%2Fproduct_tag&post=72560"}],"curies":[{"name":"wp","href":"https:\/\/api.w.org\/{rel}","templated":true}]}}