{"id":72466,"date":"2022-10-16T08:36:01","date_gmt":"2022-10-16T08:36:01","guid":{"rendered":"https:\/\/topgetestet.de\/?product=esprit-sports-damen-ocs-pants-trainingshose-2"},"modified":"2022-10-16T08:36:01","modified_gmt":"2022-10-16T08:36:01","slug":"esprit-sports-damen-ocs-pants-trainingshose-2","status":"publish","type":"product","link":"https:\/\/topgetestet.de\/?product=esprit-sports-damen-ocs-pants-trainingshose-2","title":{"rendered":"ESPRIT Sports Damen Ocs Pants Trainingshose"},"content":{"rendered":"<p>Price: <span style=\"color:#b12704\">[price_with_discount]<\/span><br \/><i><small>(as of [price_update_date] &#8211; <span class=\"wp_automatic_amazon_disclaimer\" title=\"Product prices and availability are accurate as of the date\/time indicated and are subject to change. Any price and availability information displayed on [relevant Amazon Site(s), as applicable] at the time of purchase will apply to the purchase of this product.\">Details<\/span>)<\/small><\/i><\/p>\n<p><a href=\"https:\/\/amazon.de\/dp\/B0883HFKHY?tag=topgetestet09-21\"><img decoding=\"async\" src=\"https:\/\/i.imgur.com\/ISRHEWs.png\"><\/a><br \/>\n[ad_1]<br \/>\n <span>\u00dcBER ESPRIT Gepr\u00e4gt vom Zeitgeist des Gr\u00fcndungsjahres 1968, steht die internationale Modemarke Esprit f\u00fcr den entspannten, sonnigen Lebensstil ihrer Heimat Kalifornien. Esprit entwirft inspirierende Kollektionen f\u00fcr Damen, Herren und Kinder aus hochwertigen Materialien und mit viel Liebe zum Detail. In allen Produkten von Esprit spiegelt sich der Anspruch der Gruppe wider: \u201esich gut f\u00fchlen, um gut auszusehen\u201c. Der \u201eEsprit de Corps\u201c des Unternehmens zeichnet sich durch eine positive und wertsch\u00e4tzende Haltung dem Leben gegen\u00fcber aus, in der Gemeinschaft, Familie und Freunde eine wichtige Rolle spielen \u2013 und das im l\u00e4ssig-coolen kalifornischen Style. Dem Esprit Style. Esprit ist in \u00fcber 40 L\u00e4ndern pr\u00e4sent und vertreibt seine Produkte international in rund 580 eigenen Retail-Stores sowie an \u00fcber 5.400 Wholesale-Standorten, einschlie\u00dflich Franchise-Gesch\u00e4ften und Verkaufsfl\u00e4chen in Warenh\u00e4usern. Die Gruppe vermarktet ihre Produkte unter den beiden Marken Esprit und edc. Esprit ist seit 1993 an der B\u00f6rse Hongkong gelistet und hat Zentralen in Deutschland und Hongkong.<\/span> <br \/> Verpackungsabmessungen \u200f : \u200e  26.8 x 18 x 3.8 cm; 360 Gramm <br \/> Im Angebot von Amazon.de seit \u200f : \u200e  5. Mai 2020 <br \/> Hersteller \u200f : \u200e  Esprit <br \/> ASIN \u200f : \u200e  B0883GBSFP <br \/> Modellnummer \u200f : \u200e  990EI1B309 <br \/> Kategorie \u200f : \u200e  Damen <\/p>\n<p>[ad_2]<\/p>\n","protected":false},"excerpt":{"rendered":"<p>Price: [price_with_discount](as of [price_update_date] &#8211; Details) [ad_1] \u00dcBER ESPRIT Gepr\u00e4gt vom Zeitgeist des Gr\u00fcndungsjahres 1968, steht die internationale Modemarke Esprit f\u00fcr den entspannten, sonnigen Lebensstil ihrer Heimat Kalifornien. Esprit entwirft<\/p>\n","protected":false},"featured_media":72467,"comment_status":"open","ping_status":"closed","template":"","meta":[],"product_cat":[232],"product_tag":[],"class_list":{"0":"post-72466","1":"product","2":"type-product","3":"status-publish","4":"has-post-thumbnail","6":"product_cat-women-fashion","8":"first","9":"instock","10":"shipping-taxable","11":"product-type-external"},"aioseo_notices":[],"_links":{"self":[{"href":"https:\/\/topgetestet.de\/index.php?rest_route=\/wp\/v2\/product\/72466","targetHints":{"allow":["GET"]}}],"collection":[{"href":"https:\/\/topgetestet.de\/index.php?rest_route=\/wp\/v2\/product"}],"about":[{"href":"https:\/\/topgetestet.de\/index.php?rest_route=\/wp\/v2\/types\/product"}],"replies":[{"embeddable":true,"href":"https:\/\/topgetestet.de\/index.php?rest_route=%2Fwp%2Fv2%2Fcomments&post=72466"}],"wp:featuredmedia":[{"embeddable":true,"href":"https:\/\/topgetestet.de\/index.php?rest_route=\/wp\/v2\/media\/72467"}],"wp:attachment":[{"href":"https:\/\/topgetestet.de\/index.php?rest_route=%2Fwp%2Fv2%2Fmedia&parent=72466"}],"wp:term":[{"taxonomy":"product_cat","embeddable":true,"href":"https:\/\/topgetestet.de\/index.php?rest_route=%2Fwp%2Fv2%2Fproduct_cat&post=72466"},{"taxonomy":"product_tag","embeddable":true,"href":"https:\/\/topgetestet.de\/index.php?rest_route=%2Fwp%2Fv2%2Fproduct_tag&post=72466"}],"curies":[{"name":"wp","href":"https:\/\/api.w.org\/{rel}","templated":true}]}}