{"id":72393,"date":"2022-10-16T08:13:03","date_gmt":"2022-10-16T08:13:03","guid":{"rendered":"https:\/\/topgetestet.de\/?product=peppercorn-damen-diona-bluse"},"modified":"2022-10-16T08:13:03","modified_gmt":"2022-10-16T08:13:03","slug":"peppercorn-damen-diona-bluse","status":"publish","type":"product","link":"https:\/\/topgetestet.de\/?product=peppercorn-damen-diona-bluse","title":{"rendered":"Peppercorn Damen Diona Bluse"},"content":{"rendered":"<p>Price: <span style=\"color:#b12704\">[price_with_discount]<\/span><br \/><i><small>(as of [price_update_date] &#8211; <span class=\"wp_automatic_amazon_disclaimer\" title=\"Product prices and availability are accurate as of the date\/time indicated and are subject to change. Any price and availability information displayed on [relevant Amazon Site(s), as applicable] at the time of purchase will apply to the purchase of this product.\">Details<\/span>)<\/small><\/i><\/p>\n<p><a href=\"https:\/\/amazon.de\/dp\/B09HKZCSD9?tag=topgetestet09-21\"><img decoding=\"async\" src=\"https:\/\/i.imgur.com\/ISRHEWs.png\"><\/a><br \/>\n[ad_1]<br \/>\n <span>Die Diona-Bluse hat einen coolen und abstrakten Print f\u00fcr Fr\u00fchling und Sommer. Die Bluse hat einen sch\u00f6nen V-Ausschnitt, Knopfleisten und coole Plissee-Details an den \u00c4rmeln. Das Material ist 100 % Modal, was die Bluse super bequem und b\u00fcgelfrei macht. Passform: \u00dcbergro\u00dfe Qualit\u00e4t: 100 % Modal<\/span> <br \/> Verpackungsabmessungen \u200f : \u200e  37.7 x 29.4 x 2.8 cm; 125 Gramm <br \/> Im Angebot von Amazon.de seit \u200f : \u200e  30. September 2021 <br \/> Hersteller \u200f : \u200e  Redefined Fashion <br \/> ASIN \u200f : \u200e  B09HKZ7TZN <br \/> Modellnummer \u200f : \u200e  PC1754C <br \/> Kategorie \u200f : \u200e  Damen <\/p>\n<p>[ad_2]<\/p>\n","protected":false},"excerpt":{"rendered":"<p>Price: [price_with_discount](as of [price_update_date] &#8211; Details) [ad_1] Die Diona-Bluse hat einen coolen und abstrakten Print f\u00fcr Fr\u00fchling und Sommer. Die Bluse hat einen sch\u00f6nen V-Ausschnitt, Knopfleisten und coole Plissee-Details an<\/p>\n","protected":false},"featured_media":72394,"comment_status":"open","ping_status":"closed","template":"","meta":[],"product_cat":[232],"product_tag":[],"class_list":{"0":"post-72393","1":"product","2":"type-product","3":"status-publish","4":"has-post-thumbnail","6":"product_cat-women-fashion","8":"first","9":"instock","10":"shipping-taxable","11":"product-type-external"},"aioseo_notices":[],"_links":{"self":[{"href":"https:\/\/topgetestet.de\/index.php?rest_route=\/wp\/v2\/product\/72393","targetHints":{"allow":["GET"]}}],"collection":[{"href":"https:\/\/topgetestet.de\/index.php?rest_route=\/wp\/v2\/product"}],"about":[{"href":"https:\/\/topgetestet.de\/index.php?rest_route=\/wp\/v2\/types\/product"}],"replies":[{"embeddable":true,"href":"https:\/\/topgetestet.de\/index.php?rest_route=%2Fwp%2Fv2%2Fcomments&post=72393"}],"wp:featuredmedia":[{"embeddable":true,"href":"https:\/\/topgetestet.de\/index.php?rest_route=\/wp\/v2\/media\/72394"}],"wp:attachment":[{"href":"https:\/\/topgetestet.de\/index.php?rest_route=%2Fwp%2Fv2%2Fmedia&parent=72393"}],"wp:term":[{"taxonomy":"product_cat","embeddable":true,"href":"https:\/\/topgetestet.de\/index.php?rest_route=%2Fwp%2Fv2%2Fproduct_cat&post=72393"},{"taxonomy":"product_tag","embeddable":true,"href":"https:\/\/topgetestet.de\/index.php?rest_route=%2Fwp%2Fv2%2Fproduct_tag&post=72393"}],"curies":[{"name":"wp","href":"https:\/\/api.w.org\/{rel}","templated":true}]}}