{"id":72334,"date":"2022-10-16T07:47:26","date_gmt":"2022-10-16T07:47:26","guid":{"rendered":"https:\/\/topgetestet.de\/?product=outriders-worldslayer-edition-playstation-4"},"modified":"2022-10-16T07:47:26","modified_gmt":"2022-10-16T07:47:26","slug":"outriders-worldslayer-edition-playstation-4","status":"publish","type":"product","link":"https:\/\/topgetestet.de\/?product=outriders-worldslayer-edition-playstation-4","title":{"rendered":"Outriders Worldslayer Edition (Playstation 4)"},"content":{"rendered":"<p>Price: <span style=\"color:#b12704\">[price_with_discount]<\/span><br \/><i><small>(as of [price_update_date] &#8211; <span class=\"wp_automatic_amazon_disclaimer\" title=\"Product prices and availability are accurate as of the date\/time indicated and are subject to change. Any price and availability information displayed on [relevant Amazon Site(s), as applicable] at the time of purchase will apply to the purchase of this product.\">Details<\/span>)<\/small><\/i><\/p>\n<p><a href=\"https:\/\/amazon.de\/dp\/B09YL7BB1W?tag=topgetestet09-21\"><img decoding=\"async\" src=\"https:\/\/i.imgur.com\/ISRHEWs.png\"><\/a><br \/>\n[ad_1]<br \/>\n <span>OUTRIDERS WORLDSLAYER ist ein brachialer Coop-Loot-Shooter f\u00fcr 1-3 Spieler, der in einem d\u00fcsteren Sci-Fi-Universum spielt. <br \/>Erschaffe deinen eigenen Outrider aus vier m\u00e4chtigen Klassen und bereise den abwechslungsreichen und t\u00f6dlichen Planeten Enoch. Das Spiel enth\u00e4lt nicht nur das OUTRIDERS Basis-Spiel, sondern auch die neue Kampagnen-Erweiterung WORLDSLAYER, die die Geschichte des Original-Spiels weitererz\u00e4hlt und zahlreiche neue Inhalte und Features bietet. <br \/>Starte am Beginn der urspr\u00fcnglichen OUTRIDERS-Story oder springe direkt zur WORLDSLAYER-Kampagne, in der du mit einem komplett ausger\u00fcsteten Level-30-Outrider beginnst. Hierbei stellst du dich deiner bisher gr\u00f6\u00dften Gegnerin, Commander Ereshkigal und ihrer Armee der Ver\u00e4nderten, im einem finalen Kampf um das \u00dcberleben der Menschheit. <br \/>Noch gr\u00f6\u00dfere Gefahren lauern nach Abschluss der Kampagne auf dich &#8211; Im Endgame in den alten Ruinen von Tarya Gratar. <br \/>Kombiniere aggressiven Waffeneinsatz mit brachialen F\u00e4higkeiten und einem Arsenal von abgedrehten, anpassbaren Waffen und Ausr\u00fcstungs-Sets. OUTRIDERS WORLDSLAYER bietet viele Stunden packendes, actiongeladenes Gameplay!<\/p>\n<p>Features:<br \/>EINE T\u00d6DLICHE REISE &#8211; Die Hoffnung der Menschheit liegt auf deinen Schultern. Stelle dich den Gefahren des Planeten Enoch und l\u00fcfte das Geheimnis um die gef\u00e4hrlichen Anomalie-St\u00fcrme, die Mensch und Tierwelt mutieren l\u00e4sst. <br \/>DYNAMISCHER 1-3 SPIELER COOP-MODUS &#8211; Spiele allein oder mit bis zu 2 Freunden im Drop-in-Drop-out-Coop, w\u00e4hrend ihr euch dem Horror einer drohenden Apokalypse stellt. <br \/>4 EINZIGARTIGE KLASSEN &#8211; Erstelle deinen eigenen Outrider und w\u00e4hle aus 4 einzigartigen, m\u00e4chtigen Klassen. Jede verf\u00fcgt hierbei \u00fcber ihre eigenen, t\u00f6dlichen F\u00e4higkeiten, die du im Laufe des Spiels ausbauen und deinem pers\u00f6nlichen Spielstil anpassen kannst.<br \/>WAFFEN &amp; AUSR\u00dcSTUNG &#8211; Verbessere und passe deinen Outrider mit unz\u00e4hligen Kombinationen aus epischen, legend\u00e4ren und apokalyptischen Ausr\u00fcstungsgegenst\u00e4nden an, um ein massives Schadens-Potential zu erreichen. Ausr\u00fcstung kann mit bis zu 3 Mod-Slots ver\u00e4ndert werden, und erlaubt den Spieler so, ihr Ausr\u00fcstungsset an ihren Spielstil anzupassen, sowie dieses mit dem Transmog-System nach Belieben zu ver\u00e4ndern. <br \/>POWER-BOOSTS &#8211; Verbessert eure F\u00e4higkeiten und Skills \u00fcber die riesigen Skill-Trees und nutzt die neuen Pax-Trees f\u00fcr weitere Boosts. Stellt euch der Herausforderung der Apocalypse-Tiers mit euren wachsenden Kr\u00e4ften und verbessert auch zus\u00e4tzlich durch die Vergabe von Ascension-Punkten in den Kategorien Brutalit\u00e4t, Ausdauer, T\u00fcchtigkeit und Anomalie. <br \/>ENDGAME &#8211; Sammelt den wertvollsten Loot, wenn ihr euch den Endgame-Expeditionen und den neuen Gefahren in der uralten Stadt Tarya Gratar stellt. <br \/>SOFORT-BOOST &#8211; Verbessert euren bereits bestehenden Outrider oder nutzt den Boost-Roll, um einen neuen, komplett ausger\u00fcsteten Level-30-Outrider zu erstellen, und sofort in die Gefechte der WORLDSLAYER-Kampagne einzusteigen. <br \/>OUTRIDERS ENTHALTEN &#8211; OUTRIDERS WORLDSLAYER beinhaltet das Basisspiel OUTRIDERS, mit allen bisherigen Updates und Expeditionen, die seit Launch hinzugef\u00fcgt wurden.<\/p>\n<p>Upgrade auf PS5 steht zur Verf\u00fcgung.<\/span> <br \/> Alterseinstufung \u200f : \u200e  USK ab 18 <br \/> Sprache \u200f : \u200e  Englisch, Franz\u00f6sisch, Deutsch, Italienisch, Spanisch <br \/> Handbuch \u200f : \u200e  Deutsch <br \/> Verpackungsabmessungen \u200f : \u200e  17 x 13.6 x 1.7 cm; 80 Gramm <br \/> Erscheinungstermin \u200f : \u200e  30. Juni 2022 <br \/> Untertitel: \u200f : \u200e  Englisch, Franz\u00f6sisch, Deutsch, Italienisch, Spanisch <br \/> ASIN \u200f : \u200e  B09YL7BB1W <br \/> Modellnummer \u200f : \u200e  442794 <br \/> Herkunftsland \u200f : \u200e  Deutschland <\/p>\n<p>4 EINZIGARTIGE KLASSEN &#8211; Erstelle deinen eigenen Outrider und w\u00e4hle aus 4 einzigartigen, m\u00e4chtigen Klassen<br \/>DYNAMISCHER 1-3 SPIELER COOP-MODUS &#8211; Spiele allein oder mit bis zu 2 Freunden im Drop-in-Drop-out-Coop<br \/>OUTRIDERS WORLDSLAYER beinhaltet das Basisspiel OUTRIDERS, mit allen bisherigen Updates und Expeditionen, die seit Launch hinzugef\u00fcgt wurden.<br \/>\n<br \/>[ad_2]<\/p>\n","protected":false},"excerpt":{"rendered":"<p>Price: [price_with_discount](as of [price_update_date] &#8211; Details) [ad_1] OUTRIDERS WORLDSLAYER ist ein brachialer Coop-Loot-Shooter f\u00fcr 1-3 Spieler, der in einem d\u00fcsteren Sci-Fi-Universum spielt. Erschaffe deinen eigenen Outrider aus vier m\u00e4chtigen Klassen<\/p>\n","protected":false},"featured_media":72335,"comment_status":"open","ping_status":"closed","template":"","meta":[],"product_cat":[227],"product_tag":[261],"class_list":{"0":"post-72334","1":"product","2":"type-product","3":"status-publish","4":"has-post-thumbnail","6":"product_cat-gaming","7":"product_tag-playstation-legacy-games","9":"first","10":"instock","11":"sale","12":"shipping-taxable","13":"product-type-external"},"aioseo_notices":[],"_links":{"self":[{"href":"https:\/\/topgetestet.de\/index.php?rest_route=\/wp\/v2\/product\/72334","targetHints":{"allow":["GET"]}}],"collection":[{"href":"https:\/\/topgetestet.de\/index.php?rest_route=\/wp\/v2\/product"}],"about":[{"href":"https:\/\/topgetestet.de\/index.php?rest_route=\/wp\/v2\/types\/product"}],"replies":[{"embeddable":true,"href":"https:\/\/topgetestet.de\/index.php?rest_route=%2Fwp%2Fv2%2Fcomments&post=72334"}],"wp:featuredmedia":[{"embeddable":true,"href":"https:\/\/topgetestet.de\/index.php?rest_route=\/wp\/v2\/media\/72335"}],"wp:attachment":[{"href":"https:\/\/topgetestet.de\/index.php?rest_route=%2Fwp%2Fv2%2Fmedia&parent=72334"}],"wp:term":[{"taxonomy":"product_cat","embeddable":true,"href":"https:\/\/topgetestet.de\/index.php?rest_route=%2Fwp%2Fv2%2Fproduct_cat&post=72334"},{"taxonomy":"product_tag","embeddable":true,"href":"https:\/\/topgetestet.de\/index.php?rest_route=%2Fwp%2Fv2%2Fproduct_tag&post=72334"}],"curies":[{"name":"wp","href":"https:\/\/api.w.org\/{rel}","templated":true}]}}