{"id":72301,"date":"2022-10-16T07:26:54","date_gmt":"2022-10-16T07:26:54","guid":{"rendered":"https:\/\/topgetestet.de\/?product=pallmann-eco-oil-care-075-liter-parkett-pflege"},"modified":"2022-10-16T07:26:54","modified_gmt":"2022-10-16T07:26:54","slug":"pallmann-eco-oil-care-075-liter-parkett-pflege","status":"publish","type":"product","link":"https:\/\/topgetestet.de\/?product=pallmann-eco-oil-care-075-liter-parkett-pflege","title":{"rendered":"Pallmann Eco Oil Care 0,75 Liter Parkett-Pflege"},"content":{"rendered":"<p>Price: <span style=\"color:#b12704\">[price_with_discount]<\/span><br \/><i><small>(as of [price_update_date] &#8211; <span class=\"wp_automatic_amazon_disclaimer\" title=\"Product prices and availability are accurate as of the date\/time indicated and are subject to change. Any price and availability information displayed on [relevant Amazon Site(s), as applicable] at the time of purchase will apply to the purchase of this product.\">Details<\/span>)<\/small><\/i><\/p>\n<p><a href=\"https:\/\/amazon.de\/dp\/B07T743R4W?tag=topgetestet09-21\"><img decoding=\"async\" src=\"https:\/\/i.imgur.com\/ISRHEWs.png\"><\/a><br \/>\n[ad_1]<br \/>\n <span>Wasserbasierende Pflegeemulsion, die durch einen schmutzabweisenden Film den Parkettboden sch\u00fctzt, die Optik der Oberfl\u00e4che verbessert und gleichzeitig die Lebensdauer des Bodens verl\u00e4ngert. ANWENDUNGSBEREICH: Pflegemittel f\u00fcr den regelm\u00e4\u00dfigen Gebrauch auf allen ge\u00f6lten Parkettb\u00f6den, die mit PALLMANN ECO OIL 1K oder PALLMANN HARDWAXOIL behandelt wurden.<\/span> <br \/>Schnelle Trocknung, Strapazierf\u00e4hig, Kein Aufpolieren notwendig<br \/>Wasserbasierende Pflegeemulsion, die durch einen schmutzabweisenden Film den Parkettboden sch\u00fctzt<br \/>\n<br \/>[ad_2]<\/p>\n","protected":false},"excerpt":{"rendered":"<p>Price: [price_with_discount](as of [price_update_date] &#8211; Details) [ad_1] Wasserbasierende Pflegeemulsion, die durch einen schmutzabweisenden Film den Parkettboden sch\u00fctzt, die Optik der Oberfl\u00e4che verbessert und gleichzeitig die Lebensdauer des Bodens verl\u00e4ngert. ANWENDUNGSBEREICH:<\/p>\n","protected":false},"featured_media":72302,"comment_status":"open","ping_status":"closed","template":"","meta":[],"product_cat":[228],"product_tag":[237],"class_list":{"0":"post-72301","1":"product","2":"type-product","3":"status-publish","4":"has-post-thumbnail","6":"product_cat-beauty","7":"product_tag-personal-care","9":"first","10":"instock","11":"shipping-taxable","12":"product-type-external"},"aioseo_notices":[],"_links":{"self":[{"href":"https:\/\/topgetestet.de\/index.php?rest_route=\/wp\/v2\/product\/72301","targetHints":{"allow":["GET"]}}],"collection":[{"href":"https:\/\/topgetestet.de\/index.php?rest_route=\/wp\/v2\/product"}],"about":[{"href":"https:\/\/topgetestet.de\/index.php?rest_route=\/wp\/v2\/types\/product"}],"replies":[{"embeddable":true,"href":"https:\/\/topgetestet.de\/index.php?rest_route=%2Fwp%2Fv2%2Fcomments&post=72301"}],"wp:featuredmedia":[{"embeddable":true,"href":"https:\/\/topgetestet.de\/index.php?rest_route=\/wp\/v2\/media\/72302"}],"wp:attachment":[{"href":"https:\/\/topgetestet.de\/index.php?rest_route=%2Fwp%2Fv2%2Fmedia&parent=72301"}],"wp:term":[{"taxonomy":"product_cat","embeddable":true,"href":"https:\/\/topgetestet.de\/index.php?rest_route=%2Fwp%2Fv2%2Fproduct_cat&post=72301"},{"taxonomy":"product_tag","embeddable":true,"href":"https:\/\/topgetestet.de\/index.php?rest_route=%2Fwp%2Fv2%2Fproduct_tag&post=72301"}],"curies":[{"name":"wp","href":"https:\/\/api.w.org\/{rel}","templated":true}]}}