{"id":72234,"date":"2022-10-16T06:55:22","date_gmt":"2022-10-16T06:55:22","guid":{"rendered":"https:\/\/topgetestet.de\/?product=adidas-herren-duramo-10-road-running-shoe-3"},"modified":"2022-10-16T06:55:22","modified_gmt":"2022-10-16T06:55:22","slug":"adidas-herren-duramo-10-road-running-shoe-3","status":"publish","type":"product","link":"https:\/\/topgetestet.de\/?product=adidas-herren-duramo-10-road-running-shoe-3","title":{"rendered":"adidas Herren Duramo 10 Road Running Shoe"},"content":{"rendered":"<p>Price: <span style=\"color:#b12704\">[price_with_discount]<\/span><br \/><i><small>(as of [price_update_date] &#8211; <span class=\"wp_automatic_amazon_disclaimer\" title=\"Product prices and availability are accurate as of the date\/time indicated and are subject to change. Any price and availability information displayed on [relevant Amazon Site(s), as applicable] at the time of purchase will apply to the purchase of this product.\">Details<\/span>)<\/small><\/i><\/p>\n<p><a href=\"https:\/\/amazon.de\/dp\/B09NJNZZVV?tag=topgetestet09-21\"><img decoding=\"async\" src=\"https:\/\/i.imgur.com\/ISRHEWs.png\"><\/a><br \/>\n[ad_1]<br \/>\n <span>Die Duramo 10 sind sehr gem\u00fctliche Laufschuhe. Das leichte und atmungsaktive Mesh Obermaterial erm\u00f6glicht eine gute Luftzirkulation und die d\u00e4mpfende Lightmotion Zwischensohle einen angenehmen Tragekomfort.<\/span> <br \/> Verpackungsabmessungen \u200f : \u200e  31.3 x 21.6 x 12.2 cm; 550 Gramm <br \/> Im Angebot von Amazon.de seit \u200f : \u200e  13. Dezember 2021 <br \/> Hersteller \u200f : \u200e  adidas <br \/> ASIN \u200f : \u200e  B09NL369JY <br \/> Modellnummer \u200f : \u200e  GW8338 <br \/> Kategorie \u200f : \u200e  Herren <\/p>\n<p>Innenmaterial: Synthetic<br \/>Sohle: Gummi<br \/>Verschluss: Schn\u00fcrung<br \/>Absatzform: Flach<br \/>Schuhweite: Normale<br \/>Nicht wasserfest<br \/>Kn\u00f6chel<br \/>\n<br \/>[ad_2]<\/p>\n","protected":false},"excerpt":{"rendered":"<p>Price: [price_with_discount](as of [price_update_date] &#8211; Details) [ad_1] Die Duramo 10 sind sehr gem\u00fctliche Laufschuhe. Das leichte und atmungsaktive Mesh Obermaterial erm\u00f6glicht eine gute Luftzirkulation und die d\u00e4mpfende Lightmotion Zwischensohle einen<\/p>\n","protected":false},"featured_media":72235,"comment_status":"open","ping_status":"closed","template":"","meta":[],"product_cat":[234],"product_tag":[235],"class_list":{"0":"post-72234","1":"product","2":"type-product","3":"status-publish","4":"has-post-thumbnail","6":"product_cat-shoes","7":"product_tag-mens-road-running-shoes","9":"first","10":"instock","11":"shipping-taxable","12":"product-type-external"},"aioseo_notices":[],"_links":{"self":[{"href":"https:\/\/topgetestet.de\/index.php?rest_route=\/wp\/v2\/product\/72234","targetHints":{"allow":["GET"]}}],"collection":[{"href":"https:\/\/topgetestet.de\/index.php?rest_route=\/wp\/v2\/product"}],"about":[{"href":"https:\/\/topgetestet.de\/index.php?rest_route=\/wp\/v2\/types\/product"}],"replies":[{"embeddable":true,"href":"https:\/\/topgetestet.de\/index.php?rest_route=%2Fwp%2Fv2%2Fcomments&post=72234"}],"wp:featuredmedia":[{"embeddable":true,"href":"https:\/\/topgetestet.de\/index.php?rest_route=\/wp\/v2\/media\/72235"}],"wp:attachment":[{"href":"https:\/\/topgetestet.de\/index.php?rest_route=%2Fwp%2Fv2%2Fmedia&parent=72234"}],"wp:term":[{"taxonomy":"product_cat","embeddable":true,"href":"https:\/\/topgetestet.de\/index.php?rest_route=%2Fwp%2Fv2%2Fproduct_cat&post=72234"},{"taxonomy":"product_tag","embeddable":true,"href":"https:\/\/topgetestet.de\/index.php?rest_route=%2Fwp%2Fv2%2Fproduct_tag&post=72234"}],"curies":[{"name":"wp","href":"https:\/\/api.w.org\/{rel}","templated":true}]}}