{"id":72196,"date":"2022-10-16T06:31:39","date_gmt":"2022-10-16T06:31:39","guid":{"rendered":"https:\/\/topgetestet.de\/?product=mey-club-coll-serie-gilberton-herren-homewear-hosen-31058"},"modified":"2022-10-16T06:31:39","modified_gmt":"2022-10-16T06:31:39","slug":"mey-club-coll-serie-gilberton-herren-homewear-hosen-31058","status":"publish","type":"product","link":"https:\/\/topgetestet.de\/?product=mey-club-coll-serie-gilberton-herren-homewear-hosen-31058","title":{"rendered":"Mey Club Coll. Serie Gilberton Herren Homewear Hosen 31058"},"content":{"rendered":"<p>Price: <span style=\"color:#b12704\">[price_with_discount]<\/span><br \/><i><small>(as of [price_update_date] &#8211; <span class=\"wp_automatic_amazon_disclaimer\" title=\"Product prices and availability are accurate as of the date\/time indicated and are subject to change. Any price and availability information displayed on [relevant Amazon Site(s), as applicable] at the time of purchase will apply to the purchase of this product.\">Details<\/span>)<\/small><\/i><\/p>\n<p><a href=\"https:\/\/amazon.de\/dp\/B09JCMGSKF?tag=topgetestet09-21\"><img decoding=\"async\" src=\"https:\/\/i.imgur.com\/ISRHEWs.png\"><\/a><br \/>\n[ad_1]<br \/>\nGlobal Organic Textile Standard (GOTS) ist eine globale Zertifizierung mit strengen Standards f\u00fcr die Verarbeitung von Kleidung und Heimtextilien aus organischen Fasern. Nur Textilprodukte, die mindestens 70&nbsp;% organische Fasern enthalten, k\u00f6nnen GOTS-zertifiziert werden. Diese Fasern werden ohne GMO, ohne hoch gef\u00e4hrliche Chemikalien und ohne Einsatz von Kinderarbeit hergestellt. Die Hersteller m\u00fcssen auch \u00fcber ein stabiles System zum Schutz von Gesundheit, Sicherheit und Rechten ihrer Mitarbeiter verf\u00fcgen und strenge Verfahren zur Abwasserbehandlung durchf\u00fchren.<br \/> Im Angebot von Amazon.de seit \u200f : \u200e  13. Oktober 2021 <br \/> Hersteller \u200f : \u200e  mey <br \/> ASIN \u200f : \u200e  B09JCLK9XN <br \/> Modellnummer \u200f : \u200e  31058 <br \/> Kategorie \u200f : \u200e  Herren <\/p>\n<p>UMWELTFREUNDLICHE UNDERWEAR! Unsere extra weiche Bio-Baumwolle sorgt f\u00fcr ein angenehmes Tragegef\u00fchl. Als verl\u00e4ssliches Zeichen f\u00fcr die nachhaltige Produktion sind wir zertifiziert nach \u201eGOTS\u201c und \u201eGr\u00fcner Knopf\u201c.<br \/>100% Baumwolle<br \/>Modellnummer: 31058<br \/>UNKOMPLIZIERTE WOHLF\u00dcHL-SHORTS: Die legere Passform, das nat\u00fcrliche Tragegef\u00fchl und der Komfortbund machen aus der Homewear Hose einen bequemen Alltagsbegleiter. Also Schlafhose, Loungepants oder Homewearhose.<br \/>MY MODERNS: Ausgefallenes Design und perfekte Proportionen f\u00fcr stilbewusste M\u00e4nner.<br \/>WEIL QUALIT\u00c4T NIE AUS DER MODE KOMMT \u2026 ist mey immer die richtige Wahl: Klassische Schnitte, stilsichere Designs, hochwertige Materialien. Nachhaltigkeit ist bei mey kein Trend, sondern Tradition \u2013 seit 1928.<br \/>\n<br \/>[ad_2]<\/p>\n","protected":false},"excerpt":{"rendered":"<p>Price: [price_with_discount](as of [price_update_date] &#8211; Details) [ad_1] Global Organic Textile Standard (GOTS) ist eine globale Zertifizierung mit strengen Standards f\u00fcr die Verarbeitung von Kleidung und Heimtextilien aus organischen Fasern. Nur<\/p>\n","protected":false},"featured_media":72197,"comment_status":"open","ping_status":"closed","template":"","meta":[],"product_cat":[231],"product_tag":[],"class_list":{"0":"post-72196","1":"product","2":"type-product","3":"status-publish","4":"has-post-thumbnail","6":"product_cat-mens-fashion","8":"first","9":"instock","10":"shipping-taxable","11":"product-type-external"},"aioseo_notices":[],"_links":{"self":[{"href":"https:\/\/topgetestet.de\/index.php?rest_route=\/wp\/v2\/product\/72196","targetHints":{"allow":["GET"]}}],"collection":[{"href":"https:\/\/topgetestet.de\/index.php?rest_route=\/wp\/v2\/product"}],"about":[{"href":"https:\/\/topgetestet.de\/index.php?rest_route=\/wp\/v2\/types\/product"}],"replies":[{"embeddable":true,"href":"https:\/\/topgetestet.de\/index.php?rest_route=%2Fwp%2Fv2%2Fcomments&post=72196"}],"wp:featuredmedia":[{"embeddable":true,"href":"https:\/\/topgetestet.de\/index.php?rest_route=\/wp\/v2\/media\/72197"}],"wp:attachment":[{"href":"https:\/\/topgetestet.de\/index.php?rest_route=%2Fwp%2Fv2%2Fmedia&parent=72196"}],"wp:term":[{"taxonomy":"product_cat","embeddable":true,"href":"https:\/\/topgetestet.de\/index.php?rest_route=%2Fwp%2Fv2%2Fproduct_cat&post=72196"},{"taxonomy":"product_tag","embeddable":true,"href":"https:\/\/topgetestet.de\/index.php?rest_route=%2Fwp%2Fv2%2Fproduct_tag&post=72196"}],"curies":[{"name":"wp","href":"https:\/\/api.w.org\/{rel}","templated":true}]}}