{"id":72123,"date":"2022-10-16T06:12:15","date_gmt":"2022-10-16T06:12:15","guid":{"rendered":"https:\/\/topgetestet.de\/?product=seidensticker-damen-slim-fit-langarm-bluse-bluse"},"modified":"2022-10-16T06:12:15","modified_gmt":"2022-10-16T06:12:15","slug":"seidensticker-damen-slim-fit-langarm-bluse-bluse","status":"publish","type":"product","link":"https:\/\/topgetestet.de\/?product=seidensticker-damen-slim-fit-langarm-bluse-bluse","title":{"rendered":"Seidensticker Damen Slim Fit Langarm Bluse Bluse"},"content":{"rendered":"<p>Price: <span style=\"color:#b12704\">[price_with_discount]<\/span><br \/><i><small>(as of [price_update_date] &#8211; <span class=\"wp_automatic_amazon_disclaimer\" title=\"Product prices and availability are accurate as of the date\/time indicated and are subject to change. Any price and availability information displayed on [relevant Amazon Site(s), as applicable] at the time of purchase will apply to the purchase of this product.\">Details<\/span>)<\/small><\/i><\/p>\n<p><a href=\"https:\/\/amazon.de\/dp\/B007X32SPM?tag=topgetestet09-21\"><img decoding=\"async\" src=\"https:\/\/i.imgur.com\/ISRHEWs.png\"><\/a><br \/>\n[ad_1]<br \/>\n <span>Seidensticker Bluse f\u00fcr Damen &#8211; Mit dieser Bluse machen Sie im B\u00fcro, auf einem Sommerfest oder einfach im Alltag eine gute Figur. Sie betont die weibliche Silhouette durch ihren leicht taillierten Schnitt. Im Winter l\u00e4sst es sich perfekt mit einer Hose oder einem Blazer kombinieren. Das weiche Material dieses Kleidungsst\u00fccks f\u00fcr Damen liegt angenehm auf der Haut und sorgt f\u00fcr einen optimalen Tragekomfort. Seidensticker Blusen entsprechen dem \u00d6ko-Tex Standard 100. Seidensticker: Souver\u00e4nit\u00e4t, schlichte Eleganz und Zeitlosigkeit: Seidensticker ist nicht nur der renommierteste Hemdenhersteller Deutschlands, sondern verbindet vor allem Tradition und Innovation und steht f\u00fcr modernen Stil. Konzentrierte Sortimente von Hemden und Blusen werden mit Trends kombiniert, um separate Kollektionen zu schaffen, die von der schwarzen Rose, dem Markenzeichen der Marke, inspiriert sind.<\/span> <br \/> Produktabmessungen \u200f : \u200e  35 x 25 x 4 cm; 200 Gramm <br \/> Im Angebot von Amazon.de seit \u200f : \u200e  21. Mai 2013 <br \/> Hersteller \u200f : \u200e  Seidensticker <br \/> ASIN \u200f : \u200e  B07RV7BGFF <br \/> Modellnummer \u200f : \u200e  080613 <br \/> Kategorie \u200f : \u200e  Damen <\/p>\n<p>[ad_2]<\/p>\n","protected":false},"excerpt":{"rendered":"<p>Price: [price_with_discount](as of [price_update_date] &#8211; Details) [ad_1] Seidensticker Bluse f\u00fcr Damen &#8211; Mit dieser Bluse machen Sie im B\u00fcro, auf einem Sommerfest oder einfach im Alltag eine gute Figur. Sie<\/p>\n","protected":false},"featured_media":72124,"comment_status":"open","ping_status":"closed","template":"","meta":[],"product_cat":[232],"product_tag":[],"class_list":{"0":"post-72123","1":"product","2":"type-product","3":"status-publish","4":"has-post-thumbnail","6":"product_cat-women-fashion","8":"first","9":"instock","10":"shipping-taxable","11":"product-type-external"},"aioseo_notices":[],"_links":{"self":[{"href":"https:\/\/topgetestet.de\/index.php?rest_route=\/wp\/v2\/product\/72123","targetHints":{"allow":["GET"]}}],"collection":[{"href":"https:\/\/topgetestet.de\/index.php?rest_route=\/wp\/v2\/product"}],"about":[{"href":"https:\/\/topgetestet.de\/index.php?rest_route=\/wp\/v2\/types\/product"}],"replies":[{"embeddable":true,"href":"https:\/\/topgetestet.de\/index.php?rest_route=%2Fwp%2Fv2%2Fcomments&post=72123"}],"wp:featuredmedia":[{"embeddable":true,"href":"https:\/\/topgetestet.de\/index.php?rest_route=\/wp\/v2\/media\/72124"}],"wp:attachment":[{"href":"https:\/\/topgetestet.de\/index.php?rest_route=%2Fwp%2Fv2%2Fmedia&parent=72123"}],"wp:term":[{"taxonomy":"product_cat","embeddable":true,"href":"https:\/\/topgetestet.de\/index.php?rest_route=%2Fwp%2Fv2%2Fproduct_cat&post=72123"},{"taxonomy":"product_tag","embeddable":true,"href":"https:\/\/topgetestet.de\/index.php?rest_route=%2Fwp%2Fv2%2Fproduct_tag&post=72123"}],"curies":[{"name":"wp","href":"https:\/\/api.w.org\/{rel}","templated":true}]}}