{"id":71932,"date":"2022-10-16T04:56:59","date_gmt":"2022-10-16T04:56:59","guid":{"rendered":"https:\/\/topgetestet.de\/?product=destiny-2-standard-edition-playstation-4"},"modified":"2022-10-16T04:56:59","modified_gmt":"2022-10-16T04:56:59","slug":"destiny-2-standard-edition-playstation-4","status":"publish","type":"product","link":"https:\/\/topgetestet.de\/?product=destiny-2-standard-edition-playstation-4","title":{"rendered":"Destiny 2 &#8211; Standard Edition &#8211; [PlayStation 4]"},"content":{"rendered":"<p>Price: <span style=\"color:#b12704\">[price_with_discount]<\/span><br \/><i><small>(as of [price_update_date] &#8211; <span class=\"wp_automatic_amazon_disclaimer\" title=\"Product prices and availability are accurate as of the date\/time indicated and are subject to change. Any price and availability information displayed on [relevant Amazon Site(s), as applicable] at the time of purchase will apply to the purchase of this product.\">Details<\/span>)<\/small><\/i><\/p>\n<p><a href=\"https:\/\/amazon.de\/dp\/B06XXKZCSM?tag=topgetestet09-21\"><img decoding=\"async\" src=\"https:\/\/i.imgur.com\/ISRHEWs.png\"><\/a><br \/>\n[ad_1]<br \/>\n <span>DER BEGINN EINER NEUEN LEGENDE!<\/p>\n<p>Die Sch\u00f6pfer des gefeierten Spiele-Hits Destiny pr\u00e4sentieren den hei\u00dfersehnten Nachfolger. Ein Action-Shooter, mit dem Sie auf eine epische Reise durch das Sonnensystem gehen.<\/p>\n<p>Die letzte sichere Stadt der Menschheit ist einer Invasions-\u00dcbermacht in die H\u00e4nde gefallen, angef\u00fchrt von Ghaul, dem imposanten Kommandanten der brutalen Rotlegion. Er hat den H\u00fctern der Stadt ihre Macht entzogen und die \u00dcberlebenden in die Flucht geschlagen. Sie reisen zu mysteri\u00f6sen, unbekannten Welten unseres Sonnensystems und entdecken ein Arsenal an Waffen und verheerenden neuen Kampffertigkeiten. Wenn Sie die Rotlegion besiegen und sich dem Ghaul stellen wollen, m\u00fcssen Sie die verstreuten Helden der Menschheit wiedervereinen, damit Sie gemeinsam unsere Heimat zur\u00fcckerobern k\u00f6nnen.<\/p>\n<p>FEATURES:<br \/>\u2022 Kinoreife Kampagne<br \/>\u2022 Verschiedene Koop-Modi<br \/>\u2022 Kompetitiver Mehrspieler-Modus<br \/>\u2022 Spiel komplett in Deutsch<br \/>\u2022 Nur online spielbar. Internetverbindung erforderlich!<\/p>\n<p>PS4-Exklusiver Inhalt: Koop-Strike, exotisches Scharfsch\u00fctzengewehr, Schiffsvariante, Mehrspieler-Karte, 3 legend\u00e4re R\u00fcstungssets.<\/span> <br \/> Auslaufartikel (Produktion durch Hersteller eingestellt) \u200f : \u200e  Nein <br \/> Alterseinstufung \u200f : \u200e  USK ab 16 freigegeben <br \/> Handbuch \u200f : \u200e  Deutsch <br \/> Produktabmessungen \u200f : \u200e  17.2 x 13 x 1.3 cm; 100 Gramm <br \/> Erscheinungstermin \u200f : \u200e  6. September 2017 <br \/> Untertitel: \u200f : \u200e  Deutsch <br \/> ASIN \u200f : \u200e  B06XXKZCSM <br \/> Modellnummer \u200f : \u200e  88094GM <br \/> Herkunftsland \u200f : \u200e  Deutschland <\/p>\n<p>mit dem Sie auf eine epische Reise durch &#8230;<br \/>\n<br \/>[ad_2]<\/p>\n","protected":false},"excerpt":{"rendered":"<p>Price: [price_with_discount](as of [price_update_date] &#8211; Details) [ad_1] DER BEGINN EINER NEUEN LEGENDE! Die Sch\u00f6pfer des gefeierten Spiele-Hits Destiny pr\u00e4sentieren den hei\u00dfersehnten Nachfolger. Ein Action-Shooter, mit dem Sie auf eine epische<\/p>\n","protected":false},"featured_media":71933,"comment_status":"open","ping_status":"closed","template":"","meta":[],"product_cat":[227],"product_tag":[261],"class_list":{"0":"post-71932","1":"product","2":"type-product","3":"status-publish","4":"has-post-thumbnail","6":"product_cat-gaming","7":"product_tag-playstation-legacy-games","9":"first","10":"instock","11":"shipping-taxable","12":"product-type-external"},"aioseo_notices":[],"_links":{"self":[{"href":"https:\/\/topgetestet.de\/index.php?rest_route=\/wp\/v2\/product\/71932","targetHints":{"allow":["GET"]}}],"collection":[{"href":"https:\/\/topgetestet.de\/index.php?rest_route=\/wp\/v2\/product"}],"about":[{"href":"https:\/\/topgetestet.de\/index.php?rest_route=\/wp\/v2\/types\/product"}],"replies":[{"embeddable":true,"href":"https:\/\/topgetestet.de\/index.php?rest_route=%2Fwp%2Fv2%2Fcomments&post=71932"}],"wp:featuredmedia":[{"embeddable":true,"href":"https:\/\/topgetestet.de\/index.php?rest_route=\/wp\/v2\/media\/71933"}],"wp:attachment":[{"href":"https:\/\/topgetestet.de\/index.php?rest_route=%2Fwp%2Fv2%2Fmedia&parent=71932"}],"wp:term":[{"taxonomy":"product_cat","embeddable":true,"href":"https:\/\/topgetestet.de\/index.php?rest_route=%2Fwp%2Fv2%2Fproduct_cat&post=71932"},{"taxonomy":"product_tag","embeddable":true,"href":"https:\/\/topgetestet.de\/index.php?rest_route=%2Fwp%2Fv2%2Fproduct_tag&post=71932"}],"curies":[{"name":"wp","href":"https:\/\/api.w.org\/{rel}","templated":true}]}}