{"id":71834,"date":"2022-10-16T04:09:45","date_gmt":"2022-10-16T04:09:45","guid":{"rendered":"https:\/\/topgetestet.de\/?product=falke-casual-damen-sneaker-breeze-4er-pack"},"modified":"2022-10-16T04:09:45","modified_gmt":"2022-10-16T04:09:45","slug":"falke-casual-damen-sneaker-breeze-4er-pack","status":"publish","type":"product","link":"https:\/\/topgetestet.de\/?product=falke-casual-damen-sneaker-breeze-4er-pack","title":{"rendered":"FALKE Casual Damen Sneaker Breeze 4er Pack"},"content":{"rendered":"<p>Price: <span style=\"color:#b12704\">[price_with_discount]<\/span><br \/><i><small>(as of [price_update_date] &#8211; <span class=\"wp_automatic_amazon_disclaimer\" title=\"Product prices and availability are accurate as of the date\/time indicated and are subject to change. Any price and availability information displayed on [relevant Amazon Site(s), as applicable] at the time of purchase will apply to the purchase of this product.\">Details<\/span>)<\/small><\/i><\/p>\n<p><a href=\"https:\/\/amazon.de\/dp\/B071Z2S1MR?tag=topgetestet09-21\"><img decoding=\"async\" src=\"https:\/\/i.imgur.com\/ISRHEWs.png\"><\/a><br \/>\n[ad_1]<br \/>\n <span>Falke Casual Damen Sneaker Breeze &#8211; Dieser Sneaker garantiert durch seine atmungsaktive Materialkomposition jederzeit ein frisches Tragegef\u00fchl. Aufgrund von hoher Feuchtigkeitsaufnahme erm\u00f6glicht der Sneaker ein einzigartig, trockenes Hautgef\u00fchl und bietet dabei h\u00f6chsten Tragekomfort durch den Einsatz von weicher, hautsympathischer Lyocell-Faser (Botanischer Ursprung).<br \/>Material: 75% Lyocell 24% Polyamid 1% Elasthan<br \/>Weitere Falke Socken und Falke Str\u00fcmpfe finden Sie bei uns im Shop. Schauen Sie sich auch unsere anderen Produkte von Topmarken an. Bei uns gibt es Socken und Unterw\u00e4sche versandkostenfrei.<\/span> <br \/> Im Angebot von Amazon.de seit \u200f : \u200e  11. Mai 2017 <br \/> ASIN \u200f : \u200e  B078MG69GY <br \/> Kategorie \u200f : \u200e  Damen <\/p>\n<p>[ad_2]<\/p>\n","protected":false},"excerpt":{"rendered":"<p>Price: [price_with_discount](as of [price_update_date] &#8211; Details) [ad_1] Falke Casual Damen Sneaker Breeze &#8211; Dieser Sneaker garantiert durch seine atmungsaktive Materialkomposition jederzeit ein frisches Tragegef\u00fchl. Aufgrund von hoher Feuchtigkeitsaufnahme erm\u00f6glicht der<\/p>\n","protected":false},"featured_media":71835,"comment_status":"open","ping_status":"closed","template":"","meta":[],"product_cat":[230],"product_tag":[266],"class_list":{"0":"post-71834","1":"product","2":"type-product","3":"status-publish","4":"has-post-thumbnail","6":"product_cat-fashion","7":"product_tag-womens-fashion-sneakers","9":"first","10":"instock","11":"shipping-taxable","12":"product-type-external"},"aioseo_notices":[],"_links":{"self":[{"href":"https:\/\/topgetestet.de\/index.php?rest_route=\/wp\/v2\/product\/71834","targetHints":{"allow":["GET"]}}],"collection":[{"href":"https:\/\/topgetestet.de\/index.php?rest_route=\/wp\/v2\/product"}],"about":[{"href":"https:\/\/topgetestet.de\/index.php?rest_route=\/wp\/v2\/types\/product"}],"replies":[{"embeddable":true,"href":"https:\/\/topgetestet.de\/index.php?rest_route=%2Fwp%2Fv2%2Fcomments&post=71834"}],"wp:featuredmedia":[{"embeddable":true,"href":"https:\/\/topgetestet.de\/index.php?rest_route=\/wp\/v2\/media\/71835"}],"wp:attachment":[{"href":"https:\/\/topgetestet.de\/index.php?rest_route=%2Fwp%2Fv2%2Fmedia&parent=71834"}],"wp:term":[{"taxonomy":"product_cat","embeddable":true,"href":"https:\/\/topgetestet.de\/index.php?rest_route=%2Fwp%2Fv2%2Fproduct_cat&post=71834"},{"taxonomy":"product_tag","embeddable":true,"href":"https:\/\/topgetestet.de\/index.php?rest_route=%2Fwp%2Fv2%2Fproduct_tag&post=71834"}],"curies":[{"name":"wp","href":"https:\/\/api.w.org\/{rel}","templated":true}]}}