{"id":71763,"date":"2022-10-16T03:56:20","date_gmt":"2022-10-16T03:56:20","guid":{"rendered":"https:\/\/topgetestet.de\/?product=nike-damen-superrep-go-3-flyknit-sneaker"},"modified":"2022-10-16T03:56:20","modified_gmt":"2022-10-16T03:56:20","slug":"nike-damen-superrep-go-3-flyknit-sneaker","status":"publish","type":"product","link":"https:\/\/topgetestet.de\/?product=nike-damen-superrep-go-3-flyknit-sneaker","title":{"rendered":"Nike Damen Superrep Go 3 Flyknit Sneaker"},"content":{"rendered":"<p>Price: <span style=\"color:#b12704\">[price_with_discount]<\/span><br \/><i><small>(as of [price_update_date] &#8211; <span class=\"wp_automatic_amazon_disclaimer\" title=\"Product prices and availability are accurate as of the date\/time indicated and are subject to change. Any price and availability information displayed on [relevant Amazon Site(s), as applicable] at the time of purchase will apply to the purchase of this product.\">Details<\/span>)<\/small><\/i><\/p>\n<p><a href=\"https:\/\/amazon.de\/dp\/B09XXXP2QH?tag=topgetestet09-21\"><img decoding=\"async\" src=\"https:\/\/i.imgur.com\/ISRHEWs.png\"><\/a><br \/>\n[ad_1]<br \/>\n <span>Denken Sie an Vielseitigkeit, die Ver\u00e4nderungen in Bezug auf das Obermaterial, die Zwischensohle und die Sohle ergeben einen flexiblen Schuh der weit \u00fcber eine HIIT-Unterricht geht. Bereit f\u00fcr die anspruchsvollsten Plyometrischen \u00dcbungen, aber bequem genug, um sie in der Stadt zu tragen. Wenn Sie sie nicht auf den F\u00fc\u00dfen haben, m\u00f6chten Sie sie immer griffbereit haben. Und mit dem neuen, packbaren und leichten Design k\u00f6nnen Sie es ganz einfach machen.<\/span> <br \/> Verpackungsabmessungen \u200f : \u200e  35 x 20 x 15 cm; 800 Gramm <br \/> Im Angebot von Amazon.de seit \u200f : \u200e  15. September 2022 <br \/> Hersteller \u200f : \u200e  Nike <br \/> ASIN \u200f : \u200e  B0BFFDGZ92 <br \/> Modellnummer \u200f : \u200e  DH3393-010 <br \/> Kategorie \u200f : \u200e  Damen <\/p>\n<p>Innenmaterial: Kunststoff<br \/>Sohle: Gummi<br \/>Verschluss: Pull On<br \/>Absatzform: Flach<br \/>Schuhweite: Moyen<br \/>Nicht wasserfest<br \/>Shoe<br \/>\n<br \/>[ad_2]<\/p>\n","protected":false},"excerpt":{"rendered":"<p>Price: [price_with_discount](as of [price_update_date] &#8211; Details) [ad_1] Denken Sie an Vielseitigkeit, die Ver\u00e4nderungen in Bezug auf das Obermaterial, die Zwischensohle und die Sohle ergeben einen flexiblen Schuh der weit \u00fcber<\/p>\n","protected":false},"featured_media":71764,"comment_status":"open","ping_status":"closed","template":"","meta":[],"product_cat":[230],"product_tag":[266],"class_list":{"0":"post-71763","1":"product","2":"type-product","3":"status-publish","4":"has-post-thumbnail","6":"product_cat-fashion","7":"product_tag-womens-fashion-sneakers","9":"first","10":"instock","11":"shipping-taxable","12":"product-type-external"},"aioseo_notices":[],"_links":{"self":[{"href":"https:\/\/topgetestet.de\/index.php?rest_route=\/wp\/v2\/product\/71763","targetHints":{"allow":["GET"]}}],"collection":[{"href":"https:\/\/topgetestet.de\/index.php?rest_route=\/wp\/v2\/product"}],"about":[{"href":"https:\/\/topgetestet.de\/index.php?rest_route=\/wp\/v2\/types\/product"}],"replies":[{"embeddable":true,"href":"https:\/\/topgetestet.de\/index.php?rest_route=%2Fwp%2Fv2%2Fcomments&post=71763"}],"wp:featuredmedia":[{"embeddable":true,"href":"https:\/\/topgetestet.de\/index.php?rest_route=\/wp\/v2\/media\/71764"}],"wp:attachment":[{"href":"https:\/\/topgetestet.de\/index.php?rest_route=%2Fwp%2Fv2%2Fmedia&parent=71763"}],"wp:term":[{"taxonomy":"product_cat","embeddable":true,"href":"https:\/\/topgetestet.de\/index.php?rest_route=%2Fwp%2Fv2%2Fproduct_cat&post=71763"},{"taxonomy":"product_tag","embeddable":true,"href":"https:\/\/topgetestet.de\/index.php?rest_route=%2Fwp%2Fv2%2Fproduct_tag&post=71763"}],"curies":[{"name":"wp","href":"https:\/\/api.w.org\/{rel}","templated":true}]}}