{"id":71681,"date":"2022-10-16T03:23:18","date_gmt":"2022-10-16T03:23:18","guid":{"rendered":"https:\/\/topgetestet.de\/?product=fit-for-fun-aerokick-cardio-workout-mit-kicks-punches"},"modified":"2022-10-16T03:23:18","modified_gmt":"2022-10-16T03:23:18","slug":"fit-for-fun-aerokick-cardio-workout-mit-kicks-punches","status":"publish","type":"product","link":"https:\/\/topgetestet.de\/?product=fit-for-fun-aerokick-cardio-workout-mit-kicks-punches","title":{"rendered":"Fit for Fun &#8211; AeroKick Cardio-Workout mit Kicks &#038; Punches"},"content":{"rendered":"<p>Price: <span style=\"color:#b12704\">[price_with_discount]<\/span><br \/><i><small>(as of [price_update_date] &#8211; <span class=\"wp_automatic_amazon_disclaimer\" title=\"Product prices and availability are accurate as of the date\/time indicated and are subject to change. Any price and availability information displayed on [relevant Amazon Site(s), as applicable] at the time of purchase will apply to the purchase of this product.\">Details<\/span>)<\/small><\/i><\/p>\n<p><a href=\"https:\/\/amazon.de\/dp\/B001RFGVA0?tag=topgetestet09-21\"><img decoding=\"async\" src=\"https:\/\/i.imgur.com\/ISRHEWs.png\"><\/a><br \/>\n[ad_1]<br \/>\n <span>Ein straffer, schlanker K\u00f6rper, ein leistungsf\u00e4higes Herz-Kreislauf-System: Dieses Workout macht&#8217;s m\u00f6glich!<br \/>Das Power-Programm f\u00fcr die Figur garantiert mit seinen temporeichen, spritzigen Moves ein vielseitiges Training, das keine W\u00fcnsche offen l\u00e4sst.<\/p>\n<p>Die neuartige, verbl\u00fcffend wirksame Methode kombiniert effektiv<br \/>&#8211; die besten dynamischen Kick- und Boxtechniken; ausf\u00fchrlich erl\u00e4utert und daher auch f\u00fcr Anf\u00e4nger optimal geeignet.<br \/>&#8211; ein straffes, figurformendes Cardio-Training; verbrennt \u00fcbersch\u00fcssiges Fett und schult die Koordination<br \/>&#8211; Ganzk\u00f6rper-Bodenworkout; definiert die Muskulatur und verbessert Haltung und Silhouette<\/p>\n<p>Ihr PersonalTrainer auf DVD:<br \/>&#8211; 11 einzelne \u00dcbungssequenzen (Kurzprogramme)<br \/>&#8211; 5 verschiedene Trainingsprogramme f\u00fcr Einsteiger<br \/>&#8211; 3 Trainingsprogramme speziell f\u00fcr Fortgeschrittene<\/p>\n<p>Bonusmaterial:<br \/>Grundkurs Kicks &amp; Punches;<\/span> <br \/> Seitenverh\u00e4ltnis \u200f : \u200e  16:9 &#8211; 1.77:1, 4:3 &#8211; 1.33:1 <br \/> Alterseinstufung \u200f : \u200e  Infoprogramm <br \/> Produktabmessungen \u200f : \u200e  13.7 x 19.2 x 0.8 cm; 97 Gramm <br \/> Medienformat \u200f : \u200e  Dolby, PAL <br \/> Laufzeit \u200f : \u200e  1 Stunde und 15 Minuten <br \/> Erscheinungstermin \u200f : \u200e  17. April 2009 <br \/> Darsteller \u200f : \u200e  Ina M\u00fcnsberg <br \/> Sprache, \u200f : \u200e  Deutsch (Dolby Digital 5.1), Deutsch (Dolby Digital 2.0) <br \/> Studio \u200f : \u200e  WVG Medien GmbH <br \/> ASIN \u200f : \u200e  B001RFGVA0 <br \/> Herkunftsland \u200f : \u200e  Deutschland <br \/> Anzahl Disks \u200f : \u200e  1 <\/p>\n<p>[ad_2]<\/p>\n","protected":false},"excerpt":{"rendered":"<p>Price: [price_with_discount](as of [price_update_date] &#8211; Details) [ad_1] Ein straffer, schlanker K\u00f6rper, ein leistungsf\u00e4higes Herz-Kreislauf-System: Dieses Workout macht&#8217;s m\u00f6glich!Das Power-Programm f\u00fcr die Figur garantiert mit seinen temporeichen, spritzigen Moves ein vielseitiges<\/p>\n","protected":false},"featured_media":71682,"comment_status":"open","ping_status":"closed","template":"","meta":[],"product_cat":[233],"product_tag":[274],"class_list":{"0":"post-71681","1":"product","2":"type-product","3":"status-publish","4":"has-post-thumbnail","6":"product_cat-fitness","7":"product_tag-cardio-training","9":"first","10":"instock","11":"shipping-taxable","12":"product-type-external"},"aioseo_notices":[],"_links":{"self":[{"href":"https:\/\/topgetestet.de\/index.php?rest_route=\/wp\/v2\/product\/71681","targetHints":{"allow":["GET"]}}],"collection":[{"href":"https:\/\/topgetestet.de\/index.php?rest_route=\/wp\/v2\/product"}],"about":[{"href":"https:\/\/topgetestet.de\/index.php?rest_route=\/wp\/v2\/types\/product"}],"replies":[{"embeddable":true,"href":"https:\/\/topgetestet.de\/index.php?rest_route=%2Fwp%2Fv2%2Fcomments&post=71681"}],"wp:featuredmedia":[{"embeddable":true,"href":"https:\/\/topgetestet.de\/index.php?rest_route=\/wp\/v2\/media\/71682"}],"wp:attachment":[{"href":"https:\/\/topgetestet.de\/index.php?rest_route=%2Fwp%2Fv2%2Fmedia&parent=71681"}],"wp:term":[{"taxonomy":"product_cat","embeddable":true,"href":"https:\/\/topgetestet.de\/index.php?rest_route=%2Fwp%2Fv2%2Fproduct_cat&post=71681"},{"taxonomy":"product_tag","embeddable":true,"href":"https:\/\/topgetestet.de\/index.php?rest_route=%2Fwp%2Fv2%2Fproduct_tag&post=71681"}],"curies":[{"name":"wp","href":"https:\/\/api.w.org\/{rel}","templated":true}]}}