{"id":71455,"date":"2022-10-16T01:03:54","date_gmt":"2022-10-16T01:03:54","guid":{"rendered":"https:\/\/topgetestet.de\/?product=uriwell-mini-urinal-fur-sie-und-ihn"},"modified":"2022-10-16T01:03:54","modified_gmt":"2022-10-16T01:03:54","slug":"uriwell-mini-urinal-fur-sie-und-ihn","status":"publish","type":"product","link":"https:\/\/topgetestet.de\/?product=uriwell-mini-urinal-fur-sie-und-ihn","title":{"rendered":"Uriwell Mini Urinal f\u00fcr sie und ihn"},"content":{"rendered":"<p>Price: <span style=\"color:#b12704\">[price_with_discount]<\/span><br \/><i><small>(as of [price_update_date] &#8211; <span class=\"wp_automatic_amazon_disclaimer\" title=\"Product prices and availability are accurate as of the date\/time indicated and are subject to change. Any price and availability information displayed on [relevant Amazon Site(s), as applicable] at the time of purchase will apply to the purchase of this product.\">Details<\/span>)<\/small><\/i><\/p>\n<p><a href=\"https:\/\/amazon.de\/dp\/B009LHEE3W?tag=topgetestet09-21\"><img decoding=\"async\" src=\"https:\/\/i.imgur.com\/ISRHEWs.png\"><\/a><br \/>\n[ad_1]<br \/>\n <span>Uriwell is a discreet and easy personal toilet! It bends easily in any direction meaning it can be used in any position &#8211; standing, lying or sitting &#8211; with no spills! Most personal toilets are designed for easy use for men but that&#8217;s where the Uriwell differs. The opening to the Uriwell has been ergonomically designed easier female use too!<\/span> <br \/>Faltbar, ausziehbar bis zu 800 ml Fl\u00fcssigkeit, unisex, leicht zu reinigen<br \/>F\u00fcr Kinder und Erwachsene in brenzligen Situationen, passt in jede Handtasche. Hilft Kindern, den Wechsel von Windel zu Toilette spielerisch zu erlernen.<br \/>Ideal zum Camping, auf Reisen und mit Kindern im Stau, f\u00fcr Handwerker oder bei Inkontinenz. In weiteren Variationen z. B. gr\u00fcn-gelb erh\u00e4ltlich.<br \/>Achtung: verwendbar bis -5\u00b0C oder +35\u00b0. Auseinanderziehen nur bei ge\u00f6ffnetem Deckel!<br \/>\n<br \/>[ad_2]<\/p>\n","protected":false},"excerpt":{"rendered":"<p>Price: [price_with_discount](as of [price_update_date] &#8211; Details) [ad_1] Uriwell is a discreet and easy personal toilet! It bends easily in any direction meaning it can be used in any position &#8211;<\/p>\n","protected":false},"featured_media":71456,"comment_status":"open","ping_status":"closed","template":"","meta":[],"product_cat":[228],"product_tag":[237],"class_list":{"0":"post-71455","1":"product","2":"type-product","3":"status-publish","4":"has-post-thumbnail","6":"product_cat-beauty","7":"product_tag-personal-care","9":"first","10":"instock","11":"sale","12":"shipping-taxable","13":"product-type-external"},"aioseo_notices":[],"_links":{"self":[{"href":"https:\/\/topgetestet.de\/index.php?rest_route=\/wp\/v2\/product\/71455","targetHints":{"allow":["GET"]}}],"collection":[{"href":"https:\/\/topgetestet.de\/index.php?rest_route=\/wp\/v2\/product"}],"about":[{"href":"https:\/\/topgetestet.de\/index.php?rest_route=\/wp\/v2\/types\/product"}],"replies":[{"embeddable":true,"href":"https:\/\/topgetestet.de\/index.php?rest_route=%2Fwp%2Fv2%2Fcomments&post=71455"}],"wp:featuredmedia":[{"embeddable":true,"href":"https:\/\/topgetestet.de\/index.php?rest_route=\/wp\/v2\/media\/71456"}],"wp:attachment":[{"href":"https:\/\/topgetestet.de\/index.php?rest_route=%2Fwp%2Fv2%2Fmedia&parent=71455"}],"wp:term":[{"taxonomy":"product_cat","embeddable":true,"href":"https:\/\/topgetestet.de\/index.php?rest_route=%2Fwp%2Fv2%2Fproduct_cat&post=71455"},{"taxonomy":"product_tag","embeddable":true,"href":"https:\/\/topgetestet.de\/index.php?rest_route=%2Fwp%2Fv2%2Fproduct_tag&post=71455"}],"curies":[{"name":"wp","href":"https:\/\/api.w.org\/{rel}","templated":true}]}}