{"id":71413,"date":"2022-10-16T00:33:47","date_gmt":"2022-10-16T00:33:47","guid":{"rendered":"https:\/\/topgetestet.de\/?product=puma-damen-bh-2"},"modified":"2022-10-16T00:33:47","modified_gmt":"2022-10-16T00:33:47","slug":"puma-damen-bh-2","status":"publish","type":"product","link":"https:\/\/topgetestet.de\/?product=puma-damen-bh-2","title":{"rendered":"PUMA Damen BH"},"content":{"rendered":"<p>Price: <span style=\"color:#b12704\">[price_with_discount]<\/span><br \/><i><small>(as of [price_update_date] &#8211; <span class=\"wp_automatic_amazon_disclaimer\" title=\"Product prices and availability are accurate as of the date\/time indicated and are subject to change. Any price and availability information displayed on [relevant Amazon Site(s), as applicable] at the time of purchase will apply to the purchase of this product.\">Details<\/span>)<\/small><\/i><\/p>\n<p><a href=\"https:\/\/amazon.de\/dp\/B084R32QHC?tag=topgetestet09-21\"><img decoding=\"async\" src=\"https:\/\/i.imgur.com\/ISRHEWs.png\"><\/a><br \/>\n[ad_1]<br \/>\n <span>Das PUMA Padded Damen-Top (1er-Pack) tr\u00e4gt das ikonische PUMA-Logo auf dem Bund. Ein Scoop Neck und verstellbare Tr\u00e4ger geben Halt und erm\u00f6glichen absolute Bewegungsfreiheit. Ein weicher Baumwollmodalstretch mit geformten, gepolsterten Cups gibt Ihnen die gleichm\u00e4\u00dfige Form, die Sie sich w\u00fcnschen.<\/span> <br \/> Verpackungsabmessungen \u200f : \u200e  30.8 x 18.8 x 3.6 cm; 80 Gramm <br \/> Im Angebot von Amazon.de seit \u200f : \u200e  12. Februar 2020 <br \/> Hersteller \u200f : \u200e  Puma <br \/> ASIN \u200f : \u200e  B084R32QHC <br \/> Modellnummer \u200f : \u200e  604024001 <br \/> Kategorie \u200f : \u200e  Damen <\/p>\n<p>Weiche Schaumstoffpolsterung<br \/>Verschluss: Pull On<br \/>57%Cotton,28%Modal,5%Elastane<br \/>Modern<br \/>Pflegehinweis: Maschinenw\u00e4sche<br \/>Modellnummer: 604024001<br \/>Verstellbare Schultergurte<br \/>\n<br \/>[ad_2]<\/p>\n","protected":false},"excerpt":{"rendered":"<p>Price: [price_with_discount](as of [price_update_date] &#8211; Details) [ad_1] Das PUMA Padded Damen-Top (1er-Pack) tr\u00e4gt das ikonische PUMA-Logo auf dem Bund. Ein Scoop Neck und verstellbare Tr\u00e4ger geben Halt und erm\u00f6glichen absolute<\/p>\n","protected":false},"featured_media":71414,"comment_status":"open","ping_status":"closed","template":"","meta":[],"product_cat":[232],"product_tag":[],"class_list":{"0":"post-71413","1":"product","2":"type-product","3":"status-publish","4":"has-post-thumbnail","6":"product_cat-women-fashion","8":"first","9":"instock","10":"shipping-taxable","11":"product-type-external"},"aioseo_notices":[],"_links":{"self":[{"href":"https:\/\/topgetestet.de\/index.php?rest_route=\/wp\/v2\/product\/71413","targetHints":{"allow":["GET"]}}],"collection":[{"href":"https:\/\/topgetestet.de\/index.php?rest_route=\/wp\/v2\/product"}],"about":[{"href":"https:\/\/topgetestet.de\/index.php?rest_route=\/wp\/v2\/types\/product"}],"replies":[{"embeddable":true,"href":"https:\/\/topgetestet.de\/index.php?rest_route=%2Fwp%2Fv2%2Fcomments&post=71413"}],"wp:featuredmedia":[{"embeddable":true,"href":"https:\/\/topgetestet.de\/index.php?rest_route=\/wp\/v2\/media\/71414"}],"wp:attachment":[{"href":"https:\/\/topgetestet.de\/index.php?rest_route=%2Fwp%2Fv2%2Fmedia&parent=71413"}],"wp:term":[{"taxonomy":"product_cat","embeddable":true,"href":"https:\/\/topgetestet.de\/index.php?rest_route=%2Fwp%2Fv2%2Fproduct_cat&post=71413"},{"taxonomy":"product_tag","embeddable":true,"href":"https:\/\/topgetestet.de\/index.php?rest_route=%2Fwp%2Fv2%2Fproduct_tag&post=71413"}],"curies":[{"name":"wp","href":"https:\/\/api.w.org\/{rel}","templated":true}]}}