{"id":71404,"date":"2022-10-16T00:31:01","date_gmt":"2022-10-16T00:31:01","guid":{"rendered":"https:\/\/topgetestet.de\/?product=asics-damen-gel-padel-pro-5-sneaker"},"modified":"2022-10-16T00:31:01","modified_gmt":"2022-10-16T00:31:01","slug":"asics-damen-gel-padel-pro-5-sneaker","status":"publish","type":"product","link":"https:\/\/topgetestet.de\/?product=asics-damen-gel-padel-pro-5-sneaker","title":{"rendered":"ASICS Damen Gel-Padel Pro 5 Sneaker"},"content":{"rendered":"<p>Price: <span style=\"color:#b12704\">[price_with_discount]<\/span><br \/><i><small>(as of [price_update_date] &#8211; <span class=\"wp_automatic_amazon_disclaimer\" title=\"Product prices and availability are accurate as of the date\/time indicated and are subject to change. Any price and availability information displayed on [relevant Amazon Site(s), as applicable] at the time of purchase will apply to the purchase of this product.\">Details<\/span>)<\/small><\/i><\/p>\n<p><a href=\"https:\/\/amazon.de\/dp\/B0B56VMQM9?tag=topgetestet09-21\"><img decoding=\"async\" src=\"https:\/\/i.imgur.com\/ISRHEWs.png\"><\/a><br \/>\n[ad_1]<br \/>\n <span>Der Gel-Padel \u2122 Pro 5-Schuh hat einen vielseitigen Stil f\u00fcr wettbewerbsf\u00e4hige Padel-Spieler. Dank gr\u00f6\u00dferer Unterst\u00fctzung und hoher Komfort kann dieser Schuh Ihre Erfahrung auf dem Spielfeld verbessern. Entworfen mit \u00fcberlappenden Schichten in synthetischen Leder- und Netzwerkeins\u00e4tzen am oberen, sorgt es f\u00fcr eine gr\u00f6\u00dfere Luftzirkulation und -unterst\u00fctzung, wo es am notwendigsten ist. Die Trusstic \u2122 -Systemtechnologie in der Ausfallzeit garantiert auch bei schnellen \u00dcberg\u00e4ngen auf dem Feld eine geringf\u00fcgige Stabilit\u00e4t. Dar\u00fcber hinaus garantiert der mit der GEL \u2122 -Technologie absorbierte Schock einen au\u00dfergew\u00f6hnlichen Komfort und die Aufprallabsorption w\u00e4hrend des Aufpralls. Mit dem Gel-Padel \u2122 Pro 5-Schuh k\u00f6nnen Spieler auf Innenfeldern dank gr\u00f6\u00dferer Unterst\u00fctzung, Flexibilit\u00e4t und Komfort ihr Spiel impulsen.<\/span> <br \/> Verpackungsabmessungen \u200f : \u200e  33 x 21 x 11 cm; 1 Kilogramm <br \/> Im Angebot von Amazon.de seit \u200f : \u200e  27. Juni 2022 <br \/> Hersteller \u200f : \u200e  ASICS <br \/> ASIN \u200f : \u200e  B0B56V1TGL <br \/> Modellnummer \u200f : \u200e  1042A200-101 <br \/> Kategorie \u200f : \u200e  Damen <\/p>\n<p>[ad_2]<\/p>\n","protected":false},"excerpt":{"rendered":"<p>Price: [price_with_discount](as of [price_update_date] &#8211; Details) [ad_1] Der Gel-Padel \u2122 Pro 5-Schuh hat einen vielseitigen Stil f\u00fcr wettbewerbsf\u00e4hige Padel-Spieler. Dank gr\u00f6\u00dferer Unterst\u00fctzung und hoher Komfort kann dieser Schuh Ihre Erfahrung<\/p>\n","protected":false},"featured_media":71405,"comment_status":"open","ping_status":"closed","template":"","meta":[],"product_cat":[230],"product_tag":[266],"class_list":{"0":"post-71404","1":"product","2":"type-product","3":"status-publish","4":"has-post-thumbnail","6":"product_cat-fashion","7":"product_tag-womens-fashion-sneakers","9":"first","10":"instock","11":"shipping-taxable","12":"product-type-external"},"aioseo_notices":[],"_links":{"self":[{"href":"https:\/\/topgetestet.de\/index.php?rest_route=\/wp\/v2\/product\/71404","targetHints":{"allow":["GET"]}}],"collection":[{"href":"https:\/\/topgetestet.de\/index.php?rest_route=\/wp\/v2\/product"}],"about":[{"href":"https:\/\/topgetestet.de\/index.php?rest_route=\/wp\/v2\/types\/product"}],"replies":[{"embeddable":true,"href":"https:\/\/topgetestet.de\/index.php?rest_route=%2Fwp%2Fv2%2Fcomments&post=71404"}],"wp:featuredmedia":[{"embeddable":true,"href":"https:\/\/topgetestet.de\/index.php?rest_route=\/wp\/v2\/media\/71405"}],"wp:attachment":[{"href":"https:\/\/topgetestet.de\/index.php?rest_route=%2Fwp%2Fv2%2Fmedia&parent=71404"}],"wp:term":[{"taxonomy":"product_cat","embeddable":true,"href":"https:\/\/topgetestet.de\/index.php?rest_route=%2Fwp%2Fv2%2Fproduct_cat&post=71404"},{"taxonomy":"product_tag","embeddable":true,"href":"https:\/\/topgetestet.de\/index.php?rest_route=%2Fwp%2Fv2%2Fproduct_tag&post=71404"}],"curies":[{"name":"wp","href":"https:\/\/api.w.org\/{rel}","templated":true}]}}