{"id":71266,"date":"2022-10-15T23:31:40","date_gmt":"2022-10-15T23:31:40","guid":{"rendered":"https:\/\/topgetestet.de\/?product=s-oliver-damen-5-5-28121-28-flache-sandale"},"modified":"2022-10-15T23:31:40","modified_gmt":"2022-10-15T23:31:40","slug":"s-oliver-damen-5-5-28121-28-flache-sandale","status":"publish","type":"product","link":"https:\/\/topgetestet.de\/?product=s-oliver-damen-5-5-28121-28-flache-sandale","title":{"rendered":"s.Oliver Damen 5-5-28121-28 Flache Sandale"},"content":{"rendered":"<p>Price: <span style=\"color:#b12704\">[price_with_discount]<\/span><br \/><i><small>(as of [price_update_date] &#8211; <span class=\"wp_automatic_amazon_disclaimer\" title=\"Product prices and availability are accurate as of the date\/time indicated and are subject to change. Any price and availability information displayed on [relevant Amazon Site(s), as applicable] at the time of purchase will apply to the purchase of this product.\">Details<\/span>)<\/small><\/i><\/p>\n<p><a href=\"https:\/\/amazon.de\/dp\/B09BZK5959?tag=topgetestet09-21\"><img decoding=\"async\" src=\"https:\/\/i.imgur.com\/ISRHEWs.png\"><\/a><br \/>\n[ad_1]<\/p>\n<p>       Von der Marke <\/p>\n<p>             <img decoding=\"async\" alt=\"Banner Desktop\" src=\"https:\/\/images-na.ssl-images-amazon.com\/images\/G\/01\/x-locale\/common\/grey-pixel.gif\" class=\"a-lazy-loaded\" data-src=\"https:\/\/m.media-amazon.com\/images\/S\/aplus-media-library-service-media\/aeb55ae7-1b6c-453d-98b0-a81930570a5b.__CR0,0,1951,833_PT0_SX1464_V1___.jpg\"><\/p>\n<p>              <img decoding=\"async\" alt=\"Banner Desktop\" src=\"https:\/\/m.media-amazon.com\/images\/S\/aplus-media-library-service-media\/aeb55ae7-1b6c-453d-98b0-a81930570a5b.__CR0,0,1951,833_PT0_SX1464_V1___.jpg\"><\/p>\n<h3> Fr\u00fchjahr \/ Sommer 2022 <\/h3>\n<p class=\"apm-brand-story-stores-link\">\n<p>                   <img decoding=\"async\" alt=\"Kachel Gro\u00df\" src=\"https:\/\/images-na.ssl-images-amazon.com\/images\/G\/01\/x-locale\/common\/grey-pixel.gif\" class=\"a-lazy-loaded\" data-src=\"https:\/\/m.media-amazon.com\/images\/S\/aplus-media-library-service-media\/5a049410-00d4-4a50-9f40-a573e3a98c56.__CR0,0,419,193_PT0_SX315_V1___.jpg\"><\/p>\n<p>                    <img decoding=\"async\" alt=\"Kachel Gro\u00df\" src=\"https:\/\/m.media-amazon.com\/images\/S\/aplus-media-library-service-media\/5a049410-00d4-4a50-9f40-a573e3a98c56.__CR0,0,419,193_PT0_SX315_V1___.jpg\"><\/p>\n<p> Wir stehen f\u00fcr zeitgem\u00e4\u00dfe, moderne Mode. Hochwertige Qualit\u00e4ten und Passformen, die sich richtig gut anf\u00fchlen. Mode f\u00fcrs Leben statt leben f\u00fcr die Mode! <\/p>\n<p>[ad_2]<\/p>\n","protected":false},"excerpt":{"rendered":"<p>Price: [price_with_discount](as of [price_update_date] &#8211; Details) [ad_1] Von der Marke Fr\u00fchjahr \/ Sommer 2022 Wir stehen f\u00fcr zeitgem\u00e4\u00dfe, moderne Mode. Hochwertige Qualit\u00e4ten und Passformen, die sich richtig gut anf\u00fchlen. Mode<\/p>\n","protected":false},"featured_media":71267,"comment_status":"open","ping_status":"closed","template":"","meta":[],"product_cat":[230],"product_tag":[266],"class_list":{"0":"post-71266","1":"product","2":"type-product","3":"status-publish","4":"has-post-thumbnail","6":"product_cat-fashion","7":"product_tag-womens-fashion-sneakers","9":"first","10":"instock","11":"shipping-taxable","12":"product-type-external"},"aioseo_notices":[],"_links":{"self":[{"href":"https:\/\/topgetestet.de\/index.php?rest_route=\/wp\/v2\/product\/71266","targetHints":{"allow":["GET"]}}],"collection":[{"href":"https:\/\/topgetestet.de\/index.php?rest_route=\/wp\/v2\/product"}],"about":[{"href":"https:\/\/topgetestet.de\/index.php?rest_route=\/wp\/v2\/types\/product"}],"replies":[{"embeddable":true,"href":"https:\/\/topgetestet.de\/index.php?rest_route=%2Fwp%2Fv2%2Fcomments&post=71266"}],"wp:featuredmedia":[{"embeddable":true,"href":"https:\/\/topgetestet.de\/index.php?rest_route=\/wp\/v2\/media\/71267"}],"wp:attachment":[{"href":"https:\/\/topgetestet.de\/index.php?rest_route=%2Fwp%2Fv2%2Fmedia&parent=71266"}],"wp:term":[{"taxonomy":"product_cat","embeddable":true,"href":"https:\/\/topgetestet.de\/index.php?rest_route=%2Fwp%2Fv2%2Fproduct_cat&post=71266"},{"taxonomy":"product_tag","embeddable":true,"href":"https:\/\/topgetestet.de\/index.php?rest_route=%2Fwp%2Fv2%2Fproduct_tag&post=71266"}],"curies":[{"name":"wp","href":"https:\/\/api.w.org\/{rel}","templated":true}]}}