{"id":71072,"date":"2022-10-15T22:40:30","date_gmt":"2022-10-15T22:40:30","guid":{"rendered":"https:\/\/topgetestet.de\/?product=joules-damen-welly-print-gummistiefel"},"modified":"2022-10-15T22:40:30","modified_gmt":"2022-10-15T22:40:30","slug":"joules-damen-welly-print-gummistiefel","status":"publish","type":"product","link":"https:\/\/topgetestet.de\/?product=joules-damen-welly-print-gummistiefel","title":{"rendered":"Joules Damen Welly Print Gummistiefel"},"content":{"rendered":"<p>Price: <span style=\"color:#b12704\">[price_with_discount]<\/span><br \/><i><small>(as of [price_update_date] &#8211; <span class=\"wp_automatic_amazon_disclaimer\" title=\"Product prices and availability are accurate as of the date\/time indicated and are subject to change. Any price and availability information displayed on [relevant Amazon Site(s), as applicable] at the time of purchase will apply to the purchase of this product.\">Details<\/span>)<\/small><\/i><\/p>\n<p><a href=\"https:\/\/amazon.de\/dp\/B0987XXQ8X?tag=topgetestet09-21\"><img decoding=\"async\" src=\"https:\/\/i.imgur.com\/ISRHEWs.png\"><\/a><br \/>\n[ad_1]<br \/>\n <span>Egal, ob Sie zu einem Festival oder einem Bauernhof gehen, unsere neuen handgezeichneten Gummistiefel werden sicherstellen, dass Sie sich von der Masse abheben. Hergestellt aus strapazierf\u00e4higem Naturkautschuk, sehen Sie Saison f\u00fcr Saison von schlammigen Spazierg\u00e4ngen durch und mit einem verstellbaren R\u00fcckenzwickel werden sie auch bequem um Ihre Beine sitzen. Mit unserem Welly Pflegeset kannst du deine Gummistiefel immer gut aussehen lassen.<\/span> <br \/> Verpackungsabmessungen \u200f : \u200e  48.2 x 31.4 x 10.8 cm; 2.22 Kilogramm <br \/> Im Angebot von Amazon.de seit \u200f : \u200e  29. Juni 2021 <br \/> Hersteller \u200f : \u200e  Joules <br \/> ASIN \u200f : \u200e  B098826Y6F <br \/> Modellnummer \u200f : \u200e  216563 <br \/> Kategorie \u200f : \u200e  Damen <\/p>\n<p>[ad_2]<\/p>\n","protected":false},"excerpt":{"rendered":"<p>Price: [price_with_discount](as of [price_update_date] &#8211; Details) [ad_1] Egal, ob Sie zu einem Festival oder einem Bauernhof gehen, unsere neuen handgezeichneten Gummistiefel werden sicherstellen, dass Sie sich von der Masse abheben.<\/p>\n","protected":false},"featured_media":71073,"comment_status":"open","ping_status":"closed","template":"","meta":[],"product_cat":[230],"product_tag":[266],"class_list":{"0":"post-71072","1":"product","2":"type-product","3":"status-publish","4":"has-post-thumbnail","6":"product_cat-fashion","7":"product_tag-womens-fashion-sneakers","9":"first","10":"instock","11":"shipping-taxable","12":"product-type-external"},"aioseo_notices":[],"_links":{"self":[{"href":"https:\/\/topgetestet.de\/index.php?rest_route=\/wp\/v2\/product\/71072","targetHints":{"allow":["GET"]}}],"collection":[{"href":"https:\/\/topgetestet.de\/index.php?rest_route=\/wp\/v2\/product"}],"about":[{"href":"https:\/\/topgetestet.de\/index.php?rest_route=\/wp\/v2\/types\/product"}],"replies":[{"embeddable":true,"href":"https:\/\/topgetestet.de\/index.php?rest_route=%2Fwp%2Fv2%2Fcomments&post=71072"}],"wp:featuredmedia":[{"embeddable":true,"href":"https:\/\/topgetestet.de\/index.php?rest_route=\/wp\/v2\/media\/71073"}],"wp:attachment":[{"href":"https:\/\/topgetestet.de\/index.php?rest_route=%2Fwp%2Fv2%2Fmedia&parent=71072"}],"wp:term":[{"taxonomy":"product_cat","embeddable":true,"href":"https:\/\/topgetestet.de\/index.php?rest_route=%2Fwp%2Fv2%2Fproduct_cat&post=71072"},{"taxonomy":"product_tag","embeddable":true,"href":"https:\/\/topgetestet.de\/index.php?rest_route=%2Fwp%2Fv2%2Fproduct_tag&post=71072"}],"curies":[{"name":"wp","href":"https:\/\/api.w.org\/{rel}","templated":true}]}}