{"id":71019,"date":"2022-10-15T22:21:55","date_gmt":"2022-10-15T22:21:55","guid":{"rendered":"https:\/\/topgetestet.de\/?product=urban-classics-herren-long-oversized-checked-greyish-shirt"},"modified":"2022-10-15T22:21:55","modified_gmt":"2022-10-15T22:21:55","slug":"urban-classics-herren-long-oversized-checked-greyish-shirt","status":"publish","type":"product","link":"https:\/\/topgetestet.de\/?product=urban-classics-herren-long-oversized-checked-greyish-shirt","title":{"rendered":"Urban Classics Herren Long Oversized Checked Greyish Shirt"},"content":{"rendered":"<p>Price: <span style=\"color:#b12704\">[price_with_discount]<\/span><br \/><i><small>(as of [price_update_date] &#8211; <span class=\"wp_automatic_amazon_disclaimer\" title=\"Product prices and availability are accurate as of the date\/time indicated and are subject to change. Any price and availability information displayed on [relevant Amazon Site(s), as applicable] at the time of purchase will apply to the purchase of this product.\">Details<\/span>)<\/small><\/i><\/p>\n<p><a href=\"https:\/\/amazon.de\/dp\/B0B6JQYXPW?tag=topgetestet09-21\"><img decoding=\"async\" src=\"https:\/\/i.imgur.com\/ISRHEWs.png\"><\/a><br \/>\n[ad_1]<br \/>\n <span>Das M\u00e4nner Hemd zeigt sich souver\u00e4n im Karomuster und mit einer L\u00e4nge, die \u00fcber das Ges\u00e4\u00df reicht sowie in angesagter Oversize Fit Passform mit \u00fcberschnittenen Schultern. Kragen, Knopfleiste und Brusttaschen sowie geschlitzte \u00c4rmelmanschetten komplettieren den urbanen Style. Auch die Seitennaht ist leicht geschlitzt. Das Herren Hemd besteht aus Polyester, Viskose und Elasthan.<\/span> <br \/> Verpackungsabmessungen \u200f : \u200e  38.5 x 32.4 x 5.1 cm; 510 Gramm <br \/> Im Angebot von Amazon.de seit \u200f : \u200e  14. Juli 2022 <br \/> Hersteller \u200f : \u200e  Urban Classics <br \/> ASIN \u200f : \u200e  B0B6JN9P32 <br \/> Modellnummer \u200f : \u200e  TB5594 <br \/> Kategorie \u200f : \u200e  Herren <\/p>\n<p>Kragenform: Tab Collar<br \/>Langarm<br \/>Verschluss: Knopf<br \/>64% Polyester, 34% Viskose, 2% Elasthan<br \/>Western<br \/>Pflegehinweis: Maschinenw\u00e4sche<br \/>Modellnummer: TB5594<br \/>\n<br \/>[ad_2]<\/p>\n","protected":false},"excerpt":{"rendered":"<p>Price: [price_with_discount](as of [price_update_date] &#8211; Details) [ad_1] Das M\u00e4nner Hemd zeigt sich souver\u00e4n im Karomuster und mit einer L\u00e4nge, die \u00fcber das Ges\u00e4\u00df reicht sowie in angesagter Oversize Fit Passform<\/p>\n","protected":false},"featured_media":71020,"comment_status":"open","ping_status":"closed","template":"","meta":[],"product_cat":[231],"product_tag":[],"class_list":{"0":"post-71019","1":"product","2":"type-product","3":"status-publish","4":"has-post-thumbnail","6":"product_cat-mens-fashion","8":"first","9":"instock","10":"shipping-taxable","11":"product-type-external"},"aioseo_notices":[],"_links":{"self":[{"href":"https:\/\/topgetestet.de\/index.php?rest_route=\/wp\/v2\/product\/71019","targetHints":{"allow":["GET"]}}],"collection":[{"href":"https:\/\/topgetestet.de\/index.php?rest_route=\/wp\/v2\/product"}],"about":[{"href":"https:\/\/topgetestet.de\/index.php?rest_route=\/wp\/v2\/types\/product"}],"replies":[{"embeddable":true,"href":"https:\/\/topgetestet.de\/index.php?rest_route=%2Fwp%2Fv2%2Fcomments&post=71019"}],"wp:featuredmedia":[{"embeddable":true,"href":"https:\/\/topgetestet.de\/index.php?rest_route=\/wp\/v2\/media\/71020"}],"wp:attachment":[{"href":"https:\/\/topgetestet.de\/index.php?rest_route=%2Fwp%2Fv2%2Fmedia&parent=71019"}],"wp:term":[{"taxonomy":"product_cat","embeddable":true,"href":"https:\/\/topgetestet.de\/index.php?rest_route=%2Fwp%2Fv2%2Fproduct_cat&post=71019"},{"taxonomy":"product_tag","embeddable":true,"href":"https:\/\/topgetestet.de\/index.php?rest_route=%2Fwp%2Fv2%2Fproduct_tag&post=71019"}],"curies":[{"name":"wp","href":"https:\/\/api.w.org\/{rel}","templated":true}]}}