{"id":70997,"date":"2022-10-15T22:15:01","date_gmt":"2022-10-15T22:15:01","guid":{"rendered":"https:\/\/topgetestet.de\/?product=asics-herren-gel-fujitrabuco-8-laufschuh-2"},"modified":"2022-10-15T22:15:01","modified_gmt":"2022-10-15T22:15:01","slug":"asics-herren-gel-fujitrabuco-8-laufschuh-2","status":"publish","type":"product","link":"https:\/\/topgetestet.de\/?product=asics-herren-gel-fujitrabuco-8-laufschuh-2","title":{"rendered":"ASICS Herren Gel-Fujitrabuco 8 Laufschuh"},"content":{"rendered":"<p>Price: <span style=\"color:#b12704\">[price_with_discount]<\/span><br \/><i><small>(as of [price_update_date] &#8211; <span class=\"wp_automatic_amazon_disclaimer\" title=\"Product prices and availability are accurate as of the date\/time indicated and are subject to change. Any price and availability information displayed on [relevant Amazon Site(s), as applicable] at the time of purchase will apply to the purchase of this product.\">Details<\/span>)<\/small><\/i><\/p>\n<p><a href=\"https:\/\/amazon.de\/dp\/B088K6BYML?tag=topgetestet09-21\"><img decoding=\"async\" src=\"https:\/\/i.imgur.com\/ISRHEWs.png\"><\/a><br \/>\n[ad_1]<br \/>\n <span>Nach dem Fahren auf der Stra\u00dfe, Pfaden und Parks sind Sie jetzt auf der Suche nach schlammigen, harten und steinigen Wegen, und wer es regnet. F\u00fcr diese Trailrennen ben\u00f6tigen Sie die neuen Asics GEL-FUJITRABUCO 7 G-TX. Die sichersten und bequemsten dieser Kategorie sind dank der unschlagbaren Unterst\u00fctzung am ganzen Fu\u00df perfekt f\u00fcr leichtes Laufen auf unebenem Gel\u00e4nde und sorgen f\u00fcr optimale Traktion auf jedem Untergrund. Dieser innovative Schuh zeichnet sich durch hervorragende Unterst\u00fctzung und Schutz durch sehr gute sieben Technologien aus. Innovationen, die die Integralstabilit\u00e4t f\u00f6rdern, umfassen LyteFoam-Mittelsohle f\u00fcr eine bessere Stabilisierung des Mesopods. Es ist das leichteste Material dieser Art und bietet grundlegende Unterschiede in Bezug auf D\u00e4mpfung und Sprungkraft. Dar\u00fcber hinaus haben wir die Gel-Technologie in der Ferse hinzugef\u00fcgt, um St\u00f6\u00dfe zu d\u00e4mpfen. Die Speeda-Montage absorbiert St\u00f6\u00dfe und sorgt f\u00fcr eine bessere Kontrolle der Sprungkraft, w\u00e4hrend die EVA-Innensohle f\u00fcr maximalen Komfort sorgt. Schlie\u00dflich unterst\u00fctzt und stabilisiert den Fu\u00df und f\u00f6rdert nat\u00fcrliche Bewegungen. Die Netzstruktur sorgt f\u00fcr Atmungsaktivit\u00e4t und das Gewebe aus Gore-Tex. F\u00fcr Trailrunning-Schuhe ist Traktion unerl\u00e4sslich, und mit dem GEL-FUJITRABUCO 7 G-TX m\u00fcssen Sie sich keine Sorgen machen. Die neue spezielle aggressive Sohle umfasst strapazierf\u00e4hige Multidirektionale Lamellen, einen Schutz gegen Felsen und einen optimalen Grip, so dass Sie in der Lage sind, jedes Gel\u00e4nde zu bew\u00e4ltigen, von rutschigen Felsen bis hin zu schlammigen Wegen. Zudem ist er ein auff\u00e4lliger und trendiger Schuh mit dem ASICS INFINITY Logo veredelt. Jetzt steht es Ihnen auch auf schlammigen Wegen.<\/span> <br \/> Produktabmessungen \u200f : \u200e  1 x 1 x 1 cm; 650 Gramm <br \/> Im Angebot von Amazon.de seit \u200f : \u200e  20. Mai 2020 <br \/> Hersteller \u200f : \u200e  Asics <br \/> ASIN \u200f : \u200e  B0823KC6W6 <br \/> Modellnummer \u200f : \u200e  1011A668-402 <br \/> Kategorie \u200f : \u200e  Herren <\/p>\n<p>Innenmaterial: synthetic,textile<br \/>Sohle: synthetic,textile<br \/>Verschluss: Schn\u00fcrung<br \/>Absatzh\u00f6he: 26 Millimeter<br \/>Absatzform: Kein Absatz<br \/>Materialzusammensetzung: Stoff<br \/>\n<br \/>[ad_2]<\/p>\n","protected":false},"excerpt":{"rendered":"<p>Price: [price_with_discount](as of [price_update_date] &#8211; Details) [ad_1] Nach dem Fahren auf der Stra\u00dfe, Pfaden und Parks sind Sie jetzt auf der Suche nach schlammigen, harten und steinigen Wegen, und wer<\/p>\n","protected":false},"featured_media":70998,"comment_status":"open","ping_status":"closed","template":"","meta":[],"product_cat":[234],"product_tag":[235],"class_list":{"0":"post-70997","1":"product","2":"type-product","3":"status-publish","4":"has-post-thumbnail","6":"product_cat-shoes","7":"product_tag-mens-road-running-shoes","9":"first","10":"instock","11":"shipping-taxable","12":"product-type-external"},"aioseo_notices":[],"_links":{"self":[{"href":"https:\/\/topgetestet.de\/index.php?rest_route=\/wp\/v2\/product\/70997","targetHints":{"allow":["GET"]}}],"collection":[{"href":"https:\/\/topgetestet.de\/index.php?rest_route=\/wp\/v2\/product"}],"about":[{"href":"https:\/\/topgetestet.de\/index.php?rest_route=\/wp\/v2\/types\/product"}],"replies":[{"embeddable":true,"href":"https:\/\/topgetestet.de\/index.php?rest_route=%2Fwp%2Fv2%2Fcomments&post=70997"}],"wp:featuredmedia":[{"embeddable":true,"href":"https:\/\/topgetestet.de\/index.php?rest_route=\/wp\/v2\/media\/70998"}],"wp:attachment":[{"href":"https:\/\/topgetestet.de\/index.php?rest_route=%2Fwp%2Fv2%2Fmedia&parent=70997"}],"wp:term":[{"taxonomy":"product_cat","embeddable":true,"href":"https:\/\/topgetestet.de\/index.php?rest_route=%2Fwp%2Fv2%2Fproduct_cat&post=70997"},{"taxonomy":"product_tag","embeddable":true,"href":"https:\/\/topgetestet.de\/index.php?rest_route=%2Fwp%2Fv2%2Fproduct_tag&post=70997"}],"curies":[{"name":"wp","href":"https:\/\/api.w.org\/{rel}","templated":true}]}}