{"id":70935,"date":"2022-10-15T21:59:30","date_gmt":"2022-10-15T21:59:30","guid":{"rendered":"https:\/\/topgetestet.de\/?product=skechers-damen-bobs-pulse-air-sneaker"},"modified":"2022-10-15T21:59:30","modified_gmt":"2022-10-15T21:59:30","slug":"skechers-damen-bobs-pulse-air-sneaker","status":"publish","type":"product","link":"https:\/\/topgetestet.de\/?product=skechers-damen-bobs-pulse-air-sneaker","title":{"rendered":"Skechers Damen Bobs Pulse Air Sneaker"},"content":{"rendered":"<p>Price: <span style=\"color:#b12704\">[price_with_discount]<\/span><br \/><i><small>(as of [price_update_date] &#8211; <span class=\"wp_automatic_amazon_disclaimer\" title=\"Product prices and availability are accurate as of the date\/time indicated and are subject to change. Any price and availability information displayed on [relevant Amazon Site(s), as applicable] at the time of purchase will apply to the purchase of this product.\">Details<\/span>)<\/small><\/i><\/p>\n<p><a href=\"https:\/\/amazon.de\/dp\/B082N4B4LF?tag=topgetestet09-21\"><img decoding=\"async\" src=\"https:\/\/i.imgur.com\/ISRHEWs.png\"><\/a><br \/>\n[ad_1]<br \/>\n <span>Verleihen Sie einem modischen Sneaker-Design mit dem Skechers BOBS Sport Pulse Air Luftschuh. Weiches, gewebtes Mesh-Gewebe und gl\u00e4nzendes Synthetik-Obermaterial in einem sportlichen, l\u00e4ssigen Schn\u00fcrschuh mit Memory-Schaum-Innensohle und sto\u00dfd\u00e4mpfender Sketch-Air-Mittelsohle.<\/span> <br \/> Produktabmessungen \u200f : \u200e  30.8 x 21.8 x 11.8 cm; 180 Gramm <br \/> Im Angebot von Amazon.de seit \u200f : \u200e  13. Dezember 2019 <br \/> Hersteller \u200f : \u200e  Skechers USA Ltd <br \/> ASIN \u200f : \u200e  B082N4KQQ3 <br \/> Modellnummer \u200f : \u200e  117012 BLK <br \/> Kategorie \u200f : \u200e  Damen <\/p>\n<p>Innenmaterial: Synthetik<br \/>Sohle: Gummi<br \/>Verschluss: Schn\u00fcrung<br \/>Absatzh\u00f6he: 1 cm<br \/>Absatzform: Flach<br \/>Schuhweite: Schmal<br \/>Nicht wasserfest<br \/>\n<br \/>[ad_2]<\/p>\n","protected":false},"excerpt":{"rendered":"<p>Price: [price_with_discount](as of [price_update_date] &#8211; Details) [ad_1] Verleihen Sie einem modischen Sneaker-Design mit dem Skechers BOBS Sport Pulse Air Luftschuh. Weiches, gewebtes Mesh-Gewebe und gl\u00e4nzendes Synthetik-Obermaterial in einem sportlichen, l\u00e4ssigen<\/p>\n","protected":false},"featured_media":70936,"comment_status":"open","ping_status":"closed","template":"","meta":[],"product_cat":[230],"product_tag":[266],"class_list":{"0":"post-70935","1":"product","2":"type-product","3":"status-publish","4":"has-post-thumbnail","6":"product_cat-fashion","7":"product_tag-womens-fashion-sneakers","9":"first","10":"instock","11":"shipping-taxable","12":"product-type-external"},"aioseo_notices":[],"_links":{"self":[{"href":"https:\/\/topgetestet.de\/index.php?rest_route=\/wp\/v2\/product\/70935","targetHints":{"allow":["GET"]}}],"collection":[{"href":"https:\/\/topgetestet.de\/index.php?rest_route=\/wp\/v2\/product"}],"about":[{"href":"https:\/\/topgetestet.de\/index.php?rest_route=\/wp\/v2\/types\/product"}],"replies":[{"embeddable":true,"href":"https:\/\/topgetestet.de\/index.php?rest_route=%2Fwp%2Fv2%2Fcomments&post=70935"}],"wp:featuredmedia":[{"embeddable":true,"href":"https:\/\/topgetestet.de\/index.php?rest_route=\/wp\/v2\/media\/70936"}],"wp:attachment":[{"href":"https:\/\/topgetestet.de\/index.php?rest_route=%2Fwp%2Fv2%2Fmedia&parent=70935"}],"wp:term":[{"taxonomy":"product_cat","embeddable":true,"href":"https:\/\/topgetestet.de\/index.php?rest_route=%2Fwp%2Fv2%2Fproduct_cat&post=70935"},{"taxonomy":"product_tag","embeddable":true,"href":"https:\/\/topgetestet.de\/index.php?rest_route=%2Fwp%2Fv2%2Fproduct_tag&post=70935"}],"curies":[{"name":"wp","href":"https:\/\/api.w.org\/{rel}","templated":true}]}}