{"id":70927,"date":"2022-10-15T21:54:40","date_gmt":"2022-10-15T21:54:40","guid":{"rendered":"https:\/\/topgetestet.de\/?product=brooks-herren-revel-5-laufschuh-2"},"modified":"2022-10-15T21:54:40","modified_gmt":"2022-10-15T21:54:40","slug":"brooks-herren-revel-5-laufschuh-2","status":"publish","type":"product","link":"https:\/\/topgetestet.de\/?product=brooks-herren-revel-5-laufschuh-2","title":{"rendered":"Brooks Herren Revel 5 Laufschuh"},"content":{"rendered":"<p>Price: <span style=\"color:#b12704\">[price_with_discount]<\/span><br \/><i><small>(as of [price_update_date] &#8211; <span class=\"wp_automatic_amazon_disclaimer\" title=\"Product prices and availability are accurate as of the date\/time indicated and are subject to change. Any price and availability information displayed on [relevant Amazon Site(s), as applicable] at the time of purchase will apply to the purchase of this product.\">Details<\/span>)<\/small><\/i><\/p>\n<p><a href=\"https:\/\/amazon.de\/dp\/B08R1142TP?tag=topgetestet09-21\"><img decoding=\"async\" src=\"https:\/\/i.imgur.com\/ISRHEWs.png\"><\/a><br \/>\n[ad_1]<br \/>\n <span>Komfortabler Stil f\u00fcr jedes Terrain f\u00fcr L\u00e4ufer, die die richtige Mischung aus sportlicher Leistung und Stadtstil suchen. Die elegante Silhouette des flachen Strick-Obermaterials sorgt f\u00fcr ein gutes Gef\u00fchl und einen guten Look, auch wenn Sie nicht auf dem Laufen gehen. Egal, wie Sie Ihren Fu\u00df bewegen, die Innenpolsterung dieses Laufschuhs ist so konzipiert, dass er Ihren Fu\u00df umschlie\u00dft und Ihnen den t\u00e4glichen Komfort bietet. Verzichten Sie nicht auf Komfort: Die D\u00e4mpfung der BioMoGo DNA Zwischensohle passt sich dynamisch Ihrem Fu\u00dfbereich an und verteilt den Aufprall vom K\u00f6rper f\u00fcr eine perfekte Weichheit auf das Fu\u00dfbett.<\/span> <br \/> Verpackungsabmessungen \u200f : \u200e  30.2 x 18.49 x 11.61 cm; 630 Gramm <br \/> Im Angebot von Amazon.de seit \u200f : \u200e  17. Juni 2021 <br \/> Hersteller \u200f : \u200e  Brooks <br \/> ASIN \u200f : \u200e  B08R11R3S8 <br \/> Modellnummer \u200f : \u200e  1103741D090 <br \/> Kategorie \u200f : \u200e  Herren <\/p>\n<p>Innenmaterial: Textil<br \/>Sohle: Gummi<br \/>Verschluss: Schn\u00fcrung<br \/>Absatzform: Kein Absatz<br \/>Schuhweite: Medium<br \/>Nicht wasserfest<br \/>\n<br \/>[ad_2]<\/p>\n","protected":false},"excerpt":{"rendered":"<p>Price: [price_with_discount](as of [price_update_date] &#8211; Details) [ad_1] Komfortabler Stil f\u00fcr jedes Terrain f\u00fcr L\u00e4ufer, die die richtige Mischung aus sportlicher Leistung und Stadtstil suchen. Die elegante Silhouette des flachen Strick-Obermaterials<\/p>\n","protected":false},"featured_media":70928,"comment_status":"open","ping_status":"closed","template":"","meta":[],"product_cat":[234],"product_tag":[235],"class_list":{"0":"post-70927","1":"product","2":"type-product","3":"status-publish","4":"has-post-thumbnail","6":"product_cat-shoes","7":"product_tag-mens-road-running-shoes","9":"first","10":"instock","11":"shipping-taxable","12":"product-type-external"},"aioseo_notices":[],"_links":{"self":[{"href":"https:\/\/topgetestet.de\/index.php?rest_route=\/wp\/v2\/product\/70927","targetHints":{"allow":["GET"]}}],"collection":[{"href":"https:\/\/topgetestet.de\/index.php?rest_route=\/wp\/v2\/product"}],"about":[{"href":"https:\/\/topgetestet.de\/index.php?rest_route=\/wp\/v2\/types\/product"}],"replies":[{"embeddable":true,"href":"https:\/\/topgetestet.de\/index.php?rest_route=%2Fwp%2Fv2%2Fcomments&post=70927"}],"wp:featuredmedia":[{"embeddable":true,"href":"https:\/\/topgetestet.de\/index.php?rest_route=\/wp\/v2\/media\/70928"}],"wp:attachment":[{"href":"https:\/\/topgetestet.de\/index.php?rest_route=%2Fwp%2Fv2%2Fmedia&parent=70927"}],"wp:term":[{"taxonomy":"product_cat","embeddable":true,"href":"https:\/\/topgetestet.de\/index.php?rest_route=%2Fwp%2Fv2%2Fproduct_cat&post=70927"},{"taxonomy":"product_tag","embeddable":true,"href":"https:\/\/topgetestet.de\/index.php?rest_route=%2Fwp%2Fv2%2Fproduct_tag&post=70927"}],"curies":[{"name":"wp","href":"https:\/\/api.w.org\/{rel}","templated":true}]}}