{"id":70586,"date":"2022-10-15T20:04:25","date_gmt":"2022-10-15T20:04:25","guid":{"rendered":"https:\/\/topgetestet.de\/?product=jurassic-world-evolution-playstation-4"},"modified":"2022-10-15T20:04:25","modified_gmt":"2022-10-15T20:04:25","slug":"jurassic-world-evolution-playstation-4","status":"publish","type":"product","link":"https:\/\/topgetestet.de\/?product=jurassic-world-evolution-playstation-4","title":{"rendered":"Jurassic World Evolution &#8211; [PlayStation 4]"},"content":{"rendered":"<p>Price: <span style=\"color:#b12704\">[price_with_discount]<\/span><br \/><i><small>(as of [price_update_date] &#8211; <span class=\"wp_automatic_amazon_disclaimer\" title=\"Product prices and availability are accurate as of the date\/time indicated and are subject to change. Any price and availability information displayed on [relevant Amazon Site(s), as applicable] at the time of purchase will apply to the purchase of this product.\">Details<\/span>)<\/small><\/i><\/p>\n<p><a href=\"https:\/\/amazon.de\/dp\/B07BYMXH7S?tag=topgetestet09-21\"><img decoding=\"async\" src=\"https:\/\/i.imgur.com\/ISRHEWs.png\"><\/a><br \/>\n[ad_1]<br \/>\n <span>WELCOME TO JURASSIC WORLD!<\/p>\n<p>Baue deine eigene Jurassic World auf, indem du neue Dinosaurierrassen und Attraktionen entwickelst, sie Eind\u00e4mmst und Forschungseinrichtungen baust. \u00dcbernimm den Betrieb auf den legend\u00e4ren Inseln des Muertes-Archipels und erwecke die Dinosaurier zum Leben. Gestalte Isla Matanceros, Muerta, Pena, Sorna und Taca\u00f1o mit kraftvollen Terraforming- und Bauger\u00e4ten und erkunde Jurassic World am Steuer des 4&#215;4 oder aus dem Cockpit des Helikopters.<\/p>\n<p>Kreiere unglaubliche Dinosaurier die intelligent denken, f\u00fchlen und auf die Welt reagieren, die um sie herum ist. Kontrolliere die Dinosaurier mit ihren einzigartige Verhaltensweisen, Charakterz\u00fcge und Erscheinungsformen und halte sie dann f\u00fcr wissenschaftliche Unterhaltungs- und Sicherheitsinteressen bereit. <\/p>\n<p>Die Suche nach verlorener Dinosaurier-DNA kann beginnen.<\/p>\n<p><\/span> <br \/> Auslaufartikel (Produktion durch Hersteller eingestellt) \u200f : \u200e  Nein <br \/> Alterseinstufung \u200f : \u200e  USK ab 12 freigegeben <br \/> Sprache \u200f : \u200e  Deutsch <br \/> Produktabmessungen \u200f : \u200e  17.2 x 13.4 x 1.3 cm; 20 Gramm <br \/> Erscheinungstermin \u200f : \u200e  3. Juli 2018 <br \/> ASIN \u200f : \u200e  B07BYMXH7S <br \/> Modellnummer \u200f : \u200e  1695758 <\/p>\n<p>\u00dcbernehmen Sie die Leitung der legend\u00e4ren Isla Nublar und des Muertes-Archipels<br \/>Erschaffen Sie ihr eingenes Jurassic World<br \/>Erleben Sie die Dinosaurier hautnah<br \/>\n<br \/>[ad_2]<\/p>\n","protected":false},"excerpt":{"rendered":"<p>Price: [price_with_discount](as of [price_update_date] &#8211; Details) [ad_1] WELCOME TO JURASSIC WORLD! Baue deine eigene Jurassic World auf, indem du neue Dinosaurierrassen und Attraktionen entwickelst, sie Eind\u00e4mmst und Forschungseinrichtungen baust. \u00dcbernimm<\/p>\n","protected":false},"featured_media":70587,"comment_status":"open","ping_status":"closed","template":"","meta":[],"product_cat":[227],"product_tag":[261],"class_list":{"0":"post-70586","1":"product","2":"type-product","3":"status-publish","4":"has-post-thumbnail","6":"product_cat-gaming","7":"product_tag-playstation-legacy-games","9":"first","10":"instock","11":"shipping-taxable","12":"product-type-external"},"aioseo_notices":[],"_links":{"self":[{"href":"https:\/\/topgetestet.de\/index.php?rest_route=\/wp\/v2\/product\/70586","targetHints":{"allow":["GET"]}}],"collection":[{"href":"https:\/\/topgetestet.de\/index.php?rest_route=\/wp\/v2\/product"}],"about":[{"href":"https:\/\/topgetestet.de\/index.php?rest_route=\/wp\/v2\/types\/product"}],"replies":[{"embeddable":true,"href":"https:\/\/topgetestet.de\/index.php?rest_route=%2Fwp%2Fv2%2Fcomments&post=70586"}],"wp:featuredmedia":[{"embeddable":true,"href":"https:\/\/topgetestet.de\/index.php?rest_route=\/wp\/v2\/media\/70587"}],"wp:attachment":[{"href":"https:\/\/topgetestet.de\/index.php?rest_route=%2Fwp%2Fv2%2Fmedia&parent=70586"}],"wp:term":[{"taxonomy":"product_cat","embeddable":true,"href":"https:\/\/topgetestet.de\/index.php?rest_route=%2Fwp%2Fv2%2Fproduct_cat&post=70586"},{"taxonomy":"product_tag","embeddable":true,"href":"https:\/\/topgetestet.de\/index.php?rest_route=%2Fwp%2Fv2%2Fproduct_tag&post=70586"}],"curies":[{"name":"wp","href":"https:\/\/api.w.org\/{rel}","templated":true}]}}