{"id":70398,"date":"2022-10-15T19:02:51","date_gmt":"2022-10-15T19:02:51","guid":{"rendered":"https:\/\/topgetestet.de\/?product=new-balance-herren-straen-laufschuh-parent-8"},"modified":"2022-10-15T19:02:51","modified_gmt":"2022-10-15T19:02:51","slug":"new-balance-herren-straen-laufschuh-parent-8","status":"publish","type":"product","link":"https:\/\/topgetestet.de\/?product=new-balance-herren-straen-laufschuh-parent-8","title":{"rendered":"New Balance Herren Straen-Laufschuh, Parent,"},"content":{"rendered":"<p>Price: <span style=\"color:#b12704\">[price_with_discount]<\/span><br \/><i><small>(as of [price_update_date] &#8211; <span class=\"wp_automatic_amazon_disclaimer\" title=\"Product prices and availability are accurate as of the date\/time indicated and are subject to change. Any price and availability information displayed on [relevant Amazon Site(s), as applicable] at the time of purchase will apply to the purchase of this product.\">Details<\/span>)<\/small><\/i><\/p>\n<p><a href=\"https:\/\/amazon.de\/dp\/B08829KTXK?tag=topgetestet09-21\"><img decoding=\"async\" src=\"https:\/\/i.imgur.com\/ISRHEWs.png\"><\/a><br \/>\n[ad_1]<\/p>\n<p>       Von der Marke <\/p>\n<p>             <img decoding=\"async\" alt=\"Img\" src=\"https:\/\/images-na.ssl-images-amazon.com\/images\/G\/01\/x-locale\/common\/grey-pixel.gif\" class=\"a-lazy-loaded\" data-src=\"https:\/\/m.media-amazon.com\/images\/W\/IMAGERENDERING_521856-T1\/images\/S\/aplus-media\/sota\/c320460c-e6e9-4482-8925-890fca73ecd7.__CR0,0,1464,625_PT0_SX1464_V1___.jpg\"><\/p>\n<p>              <img decoding=\"async\" alt=\"Img\" src=\"https:\/\/m.media-amazon.com\/images\/W\/IMAGERENDERING_521856-T1\/images\/S\/aplus-media\/sota\/c320460c-e6e9-4482-8925-890fca73ecd7.__CR0,0,1464,625_PT0_SX1464_V1___.jpg\"><\/p>\n<p>                   <img decoding=\"async\" alt=\"img\" src=\"https:\/\/images-na.ssl-images-amazon.com\/images\/G\/01\/x-locale\/common\/grey-pixel.gif\" class=\"a-lazy-loaded\" data-src=\"https:\/\/m.media-amazon.com\/images\/W\/IMAGERENDERING_521856-T1\/images\/S\/aplus-media\/sota\/db4dbf6d-37eb-4680-b658-d7dae14e16f9.__CR0,0,315,145_PT0_SX315_V1___.jpg\"><\/p>\n<p>                    <img decoding=\"async\" alt=\"img\" src=\"https:\/\/m.media-amazon.com\/images\/W\/IMAGERENDERING_521856-T1\/images\/S\/aplus-media\/sota\/db4dbf6d-37eb-4680-b658-d7dae14e16f9.__CR0,0,315,145_PT0_SX315_V1___.jpg\"><\/p>\n<p> Wir stehen f\u00fcr etwas Gr\u00f6\u00dferes als Sneaker. <\/p>\n<p> Bei New Balance ir setzen uns f\u00fcr diejenigen ein, die furchtlos ihrer Leidenschaft nachgehen. Wir f\u00f6rdern Sport. Wir tun das Richtige f\u00fcr die Menschen und den Planeten. Gemeinsam treiben wir sinnvolle Ver\u00e4nderungen in Gemeinschaften auf der ganzen Welt voran. We Got Now. <\/p>\n<p>                     Wie haben wir angefangen?  <\/p>\n<p> New Balance hat Innovation in seiner DNA. William Riley, ein junger englischer Einwanderer, entwarf bereits 1906 seine erste flexible Einlegesohle. Die Inspiration f\u00fcr die Einlegesohle hat er bei der Beobachtung seiner H\u00fchner im Hinterhof entdeckt. Seine H\u00fchner hielten auf drei Krallen das perfekte Gleichgewicht. <\/p>\n<p>                     Was macht unsere Produkte einzigartig?  <\/p>\n<p> Wir haben unser langj\u00e4hriges Engagement f\u00fcr die Herstellung von Produkten und unseren unersch\u00fctterlichen Glauben daran, dass die eigene Herstellung wichtig ist, beibehalten <\/p>\n<p>                     Welches Problem l\u00f6sen wir?  <\/p>\n<p> Wir bem\u00fchen uns, in den Gemeinden, in denen wir t\u00e4tig sind, einen positiven Einfluss zu haben. Wir wollen sicherstellen, dass die Menschen, die unsere Produkte herstellen &#8211; ganz gleich, wo auf der Welt sie sich befinden &#8211; mit W\u00fcrde und Respekt behandelt werden. Wir wissen auch, dass es wichtig ist unseren Planeten zu sch\u00fctzen. Wir suchen st\u00e4ndig nach M\u00f6glichkeiten, negative Auswirkungen auf die Umwelt in unseren Betrieben und in unserer globalen Lieferkette zu minimieren und zu verhindern. <\/p>\n<h3> Explore our new Collection <\/h3>\n<p class=\"apm-brand-story-stores-link\">\n<p>                   <img decoding=\"async\" alt=\"IMG\" src=\"https:\/\/images-na.ssl-images-amazon.com\/images\/G\/01\/x-locale\/common\/grey-pixel.gif\" class=\"a-lazy-loaded\" data-src=\"https:\/\/m.media-amazon.com\/images\/S\/aplus-media\/sota\/196f7c44-5ef3-42f4-bf24-86ceb2aa3fa7.__CR0,56,409,512_PT0_SX362_V1___.png\"><\/p>\n<p>                    <img decoding=\"async\" alt=\"IMG\" src=\"https:\/\/m.media-amazon.com\/images\/S\/aplus-media\/sota\/196f7c44-5ef3-42f4-bf24-86ceb2aa3fa7.__CR0,56,409,512_PT0_SX362_V1___.png\"><\/p>\n<p> Produktabmessungen \u200f : \u200e  31 x 19 x 12 cm; 100.07 Gramm <br \/> Im Angebot von Amazon.de seit \u200f : \u200e  4. Mai 2020 <br \/> Hersteller \u200f : \u200e  New Balance <br \/> ASIN \u200f : \u200e  B0882BFZT1 <br \/> Modellnummer \u200f : \u200e  M520LB7 <br \/> Kategorie \u200f : \u200e  Herren <\/p>\n<p>[ad_2]<\/p>\n","protected":false},"excerpt":{"rendered":"<p>Price: [price_with_discount](as of [price_update_date] &#8211; Details) [ad_1] Von der Marke Wir stehen f\u00fcr etwas Gr\u00f6\u00dferes als Sneaker. Bei New Balance ir setzen uns f\u00fcr diejenigen ein, die furchtlos ihrer Leidenschaft<\/p>\n","protected":false},"featured_media":70399,"comment_status":"open","ping_status":"closed","template":"","meta":[],"product_cat":[234],"product_tag":[235],"class_list":{"0":"post-70398","1":"product","2":"type-product","3":"status-publish","4":"has-post-thumbnail","6":"product_cat-shoes","7":"product_tag-mens-road-running-shoes","9":"first","10":"instock","11":"shipping-taxable","12":"product-type-external"},"aioseo_notices":[],"_links":{"self":[{"href":"https:\/\/topgetestet.de\/index.php?rest_route=\/wp\/v2\/product\/70398","targetHints":{"allow":["GET"]}}],"collection":[{"href":"https:\/\/topgetestet.de\/index.php?rest_route=\/wp\/v2\/product"}],"about":[{"href":"https:\/\/topgetestet.de\/index.php?rest_route=\/wp\/v2\/types\/product"}],"replies":[{"embeddable":true,"href":"https:\/\/topgetestet.de\/index.php?rest_route=%2Fwp%2Fv2%2Fcomments&post=70398"}],"wp:featuredmedia":[{"embeddable":true,"href":"https:\/\/topgetestet.de\/index.php?rest_route=\/wp\/v2\/media\/70399"}],"wp:attachment":[{"href":"https:\/\/topgetestet.de\/index.php?rest_route=%2Fwp%2Fv2%2Fmedia&parent=70398"}],"wp:term":[{"taxonomy":"product_cat","embeddable":true,"href":"https:\/\/topgetestet.de\/index.php?rest_route=%2Fwp%2Fv2%2Fproduct_cat&post=70398"},{"taxonomy":"product_tag","embeddable":true,"href":"https:\/\/topgetestet.de\/index.php?rest_route=%2Fwp%2Fv2%2Fproduct_tag&post=70398"}],"curies":[{"name":"wp","href":"https:\/\/api.w.org\/{rel}","templated":true}]}}