{"id":70078,"date":"2022-10-15T17:34:27","date_gmt":"2022-10-15T17:34:27","guid":{"rendered":"https:\/\/topgetestet.de\/?product=van-hill-damen-sportschuhe-slip-ons-strick-profilsohle"},"modified":"2022-10-15T17:34:27","modified_gmt":"2022-10-15T17:34:27","slug":"van-hill-damen-sportschuhe-slip-ons-strick-profilsohle","status":"publish","type":"product","link":"https:\/\/topgetestet.de\/?product=van-hill-damen-sportschuhe-slip-ons-strick-profilsohle","title":{"rendered":"VAN HILL Damen Sportschuhe Slip Ons Strick Profilsohle"},"content":{"rendered":"<p>Price: <span style=\"color:#b12704\">[price_with_discount]<\/span><br \/><i><small>(as of [price_update_date] &#8211; <span class=\"wp_automatic_amazon_disclaimer\" title=\"Product prices and availability are accurate as of the date\/time indicated and are subject to change. Any price and availability information displayed on [relevant Amazon Site(s), as applicable] at the time of purchase will apply to the purchase of this product.\">Details<\/span>)<\/small><\/i><\/p>\n<p><a href=\"https:\/\/amazon.de\/dp\/B0B4K95PG9?tag=topgetestet09-21\"><img decoding=\"async\" src=\"https:\/\/i.imgur.com\/ISRHEWs.png\"><\/a><br \/>\n[ad_1]<br \/>\n <span class=\"a-text-bold\">* Geschlecht<\/span><span> Damenschuhe<br \/><\/span><span class=\"a-text-bold\">* Schuhe<\/span><span> Sportschuhe<br \/><\/span><span class=\"a-text-bold\">* Schuh (Modell)<\/span><span> Slip Ons<br \/><\/span><span class=\"a-text-bold\">* Jahreszeit<\/span><span> All Year<br \/><\/span><span class=\"a-text-bold\">* F\u00fctterung (Futterst\u00e4rke)<\/span><span> Nicht gef\u00fcttert<br \/><\/span><span class=\"a-text-bold\">* F\u00fctterung (durchgehend)<\/span><span> Nein<br \/><\/span><span class=\"a-text-bold\">* Obermaterial<\/span><span> Textil, 100% Polyester<br \/><\/span><span class=\"a-text-bold\">* Innenmaterial<\/span><span> Stoff<br \/><\/span><span class=\"a-text-bold\">* Decksohle<\/span><span> Stoff<br \/><\/span><span class=\"a-text-bold\">* Laufsohle<\/span><span> Sonstiges Material<br \/><\/span><span class=\"a-text-bold\">* Plateau H\u00f6he (cm)<\/span><span> Keine Angabe<br \/><\/span><span class=\"a-text-bold\">* Absatz (Form)<\/span><span> Flach<br \/><\/span><span class=\"a-text-bold\">* Schuhspitze (Form)<\/span><span> Rund<br \/><\/span><span class=\"a-text-bold\">* L\u00e4nge Innensohle (cm)<\/span><span> 24<br \/><\/span><span class=\"a-text-bold\">* Absatzh\u00f6he (cm)<\/span><span> 3<br \/><\/span><span class=\"a-text-bold\">* Schafth\u00f6he (cm)<\/span><span> 7,5<br \/><\/span><span class=\"a-text-bold\">* Schaftweite (cm)<\/span><span> Keine Angabe<br \/><\/span><span class=\"a-text-bold\"><br \/>Diese Schuhma\u00dfangaben gelten f\u00fcr die Schuhgr\u00f6\u00dfe 37<\/span> <br \/> Verpackungsabmessungen \u200f : \u200e  27 x 14 x 10 cm; 490 Gramm <br \/> Im Angebot von Amazon.de seit \u200f : \u200e  20. Juni 2022 <br \/> ASIN \u200f : \u200e  B0B4K7DCL3 <br \/> Kategorie \u200f : \u200e  Damen <\/p>\n<p>Innenmaterial: Textil<br \/>Sohle: Sonstiges Material<br \/>Verschluss: Schn\u00fcrung<br \/>Absatzh\u00f6he: 3 cm<br \/>Absatzform: Flach<br \/>Materialzusammensetzung: Textil, 100% Polyester<br \/>Schuhweite: Schmal<br \/>\n<br \/>[ad_2]<\/p>\n","protected":false},"excerpt":{"rendered":"<p>Price: [price_with_discount](as of [price_update_date] &#8211; Details) [ad_1] * Geschlecht Damenschuhe* Schuhe Sportschuhe* Schuh (Modell) Slip Ons* Jahreszeit All Year* F\u00fctterung (Futterst\u00e4rke) Nicht gef\u00fcttert* F\u00fctterung (durchgehend) Nein* Obermaterial Textil, 100% Polyester*<\/p>\n","protected":false},"featured_media":70079,"comment_status":"open","ping_status":"closed","template":"","meta":[],"product_cat":[230],"product_tag":[266],"class_list":{"0":"post-70078","1":"product","2":"type-product","3":"status-publish","4":"has-post-thumbnail","6":"product_cat-fashion","7":"product_tag-womens-fashion-sneakers","9":"first","10":"instock","11":"shipping-taxable","12":"product-type-external"},"aioseo_notices":[],"_links":{"self":[{"href":"https:\/\/topgetestet.de\/index.php?rest_route=\/wp\/v2\/product\/70078","targetHints":{"allow":["GET"]}}],"collection":[{"href":"https:\/\/topgetestet.de\/index.php?rest_route=\/wp\/v2\/product"}],"about":[{"href":"https:\/\/topgetestet.de\/index.php?rest_route=\/wp\/v2\/types\/product"}],"replies":[{"embeddable":true,"href":"https:\/\/topgetestet.de\/index.php?rest_route=%2Fwp%2Fv2%2Fcomments&post=70078"}],"wp:featuredmedia":[{"embeddable":true,"href":"https:\/\/topgetestet.de\/index.php?rest_route=\/wp\/v2\/media\/70079"}],"wp:attachment":[{"href":"https:\/\/topgetestet.de\/index.php?rest_route=%2Fwp%2Fv2%2Fmedia&parent=70078"}],"wp:term":[{"taxonomy":"product_cat","embeddable":true,"href":"https:\/\/topgetestet.de\/index.php?rest_route=%2Fwp%2Fv2%2Fproduct_cat&post=70078"},{"taxonomy":"product_tag","embeddable":true,"href":"https:\/\/topgetestet.de\/index.php?rest_route=%2Fwp%2Fv2%2Fproduct_tag&post=70078"}],"curies":[{"name":"wp","href":"https:\/\/api.w.org\/{rel}","templated":true}]}}