{"id":69999,"date":"2022-10-15T17:20:39","date_gmt":"2022-10-15T17:20:39","guid":{"rendered":"https:\/\/topgetestet.de\/?product=under-armour-hovr-sonic-5-laufschuh-herren"},"modified":"2022-10-15T17:20:39","modified_gmt":"2022-10-15T17:20:39","slug":"under-armour-hovr-sonic-5-laufschuh-herren","status":"publish","type":"product","link":"https:\/\/topgetestet.de\/?product=under-armour-hovr-sonic-5-laufschuh-herren","title":{"rendered":"Under Armour HOVR Sonic 5 Laufschuh Herren"},"content":{"rendered":"<p>Price: <span style=\"color:#b12704\">[price_with_discount]<\/span><br \/><i><small>(as of [price_update_date] &#8211; <span class=\"wp_automatic_amazon_disclaimer\" title=\"Product prices and availability are accurate as of the date\/time indicated and are subject to change. Any price and availability information displayed on [relevant Amazon Site(s), as applicable] at the time of purchase will apply to the purchase of this product.\">Details<\/span>)<\/small><\/i><\/p>\n<p><a href=\"https:\/\/amazon.de\/dp\/B096927MWM?tag=topgetestet09-21\"><img decoding=\"async\" src=\"https:\/\/i.imgur.com\/ISRHEWs.png\"><\/a><br \/>\n[ad_1]<br \/>\n <span>Verbindet sich mit UA Mapmyrun\u2122: verfolgt und analysiert Ihre Laufmetriken, um Sie zu einem besseren L\u00e4ufer. Engineered spacer upper with a minimalist design for breathability, durability &amp; lightweight containment. Externe TPU-Fersenwicklung bietet leichte Struktur und Unterst\u00fctzung f\u00fcr zus\u00e4tzliche Verriegelung. Geformte EVA-Einlegesohle bietet zus\u00e4tzlichen Komfort, Belastbarkeit und D\u00e4mpfung f\u00fcr hohe Laufleistung. Die reaktionsfreudige UA HOVR\u2122-D\u00e4mpfung reduziert St\u00f6\u00dfe, gibt Energie zur\u00fcck und hilft Sie vorw\u00e4rts zu treiben. Karbongummi in Ferse und Zehenbereich f\u00fcr zus\u00e4tzliche Traktion und Strapazierf\u00e4higkeit und vorgeblasener Gummi-Vorfu\u00df f\u00fcr Energier\u00fcckgabe. NEUTRAL: F\u00fcr L\u00e4ufer, die ein Gleichgewicht von Flexibilit\u00e4t und D\u00e4mpfung ben\u00f6tigen.<\/span> <br \/>Mens<br \/>3024898-003-7<br \/>\n<br \/>[ad_2]<\/p>\n","protected":false},"excerpt":{"rendered":"<p>Price: [price_with_discount](as of [price_update_date] &#8211; Details) [ad_1] Verbindet sich mit UA Mapmyrun\u2122: verfolgt und analysiert Ihre Laufmetriken, um Sie zu einem besseren L\u00e4ufer. Engineered spacer upper with a minimalist design<\/p>\n","protected":false},"featured_media":70000,"comment_status":"open","ping_status":"closed","template":"","meta":[],"product_cat":[234],"product_tag":[235],"class_list":{"0":"post-69999","1":"product","2":"type-product","3":"status-publish","4":"has-post-thumbnail","6":"product_cat-shoes","7":"product_tag-mens-road-running-shoes","9":"first","10":"instock","11":"shipping-taxable","12":"product-type-external"},"aioseo_notices":[],"_links":{"self":[{"href":"https:\/\/topgetestet.de\/index.php?rest_route=\/wp\/v2\/product\/69999","targetHints":{"allow":["GET"]}}],"collection":[{"href":"https:\/\/topgetestet.de\/index.php?rest_route=\/wp\/v2\/product"}],"about":[{"href":"https:\/\/topgetestet.de\/index.php?rest_route=\/wp\/v2\/types\/product"}],"replies":[{"embeddable":true,"href":"https:\/\/topgetestet.de\/index.php?rest_route=%2Fwp%2Fv2%2Fcomments&post=69999"}],"wp:featuredmedia":[{"embeddable":true,"href":"https:\/\/topgetestet.de\/index.php?rest_route=\/wp\/v2\/media\/70000"}],"wp:attachment":[{"href":"https:\/\/topgetestet.de\/index.php?rest_route=%2Fwp%2Fv2%2Fmedia&parent=69999"}],"wp:term":[{"taxonomy":"product_cat","embeddable":true,"href":"https:\/\/topgetestet.de\/index.php?rest_route=%2Fwp%2Fv2%2Fproduct_cat&post=69999"},{"taxonomy":"product_tag","embeddable":true,"href":"https:\/\/topgetestet.de\/index.php?rest_route=%2Fwp%2Fv2%2Fproduct_tag&post=69999"}],"curies":[{"name":"wp","href":"https:\/\/api.w.org\/{rel}","templated":true}]}}