{"id":6996,"date":"2022-09-02T17:04:28","date_gmt":"2022-09-02T17:04:28","guid":{"rendered":"https:\/\/topgetestet.de\/?product=smart-toys-and-games-gmbh-flippin-dolphins"},"modified":"2022-09-02T17:04:28","modified_gmt":"2022-09-02T17:04:28","slug":"smart-toys-and-games-gmbh-flippin-dolphins","status":"publish","type":"product","link":"https:\/\/topgetestet.de\/?product=smart-toys-and-games-gmbh-flippin-dolphins","title":{"rendered":"SMART Toys and Games GmbH Flippin Dolphins"},"content":{"rendered":"<p>Price: <span style=\"color:#b12704\">[price_with_discount]<\/span><br \/><i><small>(as of [price_update_date] &#8211; <span class=\"wp_automatic_amazon_disclaimer\" title=\"Product prices and availability are accurate as of the date\/time indicated and are subject to change. Any price and availability information displayed on [relevant Amazon Site(s), as applicable] at the time of purchase will apply to the purchase of this product.\">Details<\/span>)<\/small><\/i><\/p>\n<p><a href=\"https:\/\/amazon.de\/dp\/B085WBRQK6?tag=topgetestet09-21\"><img decoding=\"async\" src=\"https:\/\/i.imgur.com\/ISRHEWs.png\"><\/a><br \/>\n[ad_1]<br \/>\n <span>Kannst Du alle Delfine in dem Bild unterbringen? Du bekommst aber nur mit, was \u00fcber der Wasseroberfl\u00e4che vor sich geht Unterwasser ist aber auch viel los! Kannst Du die Delfinschule wieder zusammenbringen? Alle Puzzleteile m\u00fcssen im Spielfeld untergebracht werden kannst Du die Aufgabe l\u00f6sen? 48 tolle Aufgaben. F\u00fcr zu Hause und unterwegs.<\/span><br \/>\n<br \/>[ad_2]<\/p>\n","protected":false},"excerpt":{"rendered":"<p>Price: [price_with_discount](as of [price_update_date] &#8211; Details) [ad_1] Kannst Du alle Delfine in dem Bild unterbringen? Du bekommst aber nur mit, was \u00fcber der Wasseroberfl\u00e4che vor sich geht Unterwasser ist aber<\/p>\n","protected":false},"featured_media":6997,"comment_status":"open","ping_status":"closed","template":"","meta":[],"product_cat":[227],"product_tag":[270],"class_list":{"0":"post-6996","1":"product","2":"type-product","3":"status-publish","4":"has-post-thumbnail","6":"product_cat-gaming","7":"product_tag-toys-games","9":"first","10":"instock","11":"sale","12":"shipping-taxable","13":"product-type-external"},"aioseo_notices":[],"_links":{"self":[{"href":"https:\/\/topgetestet.de\/index.php?rest_route=\/wp\/v2\/product\/6996","targetHints":{"allow":["GET"]}}],"collection":[{"href":"https:\/\/topgetestet.de\/index.php?rest_route=\/wp\/v2\/product"}],"about":[{"href":"https:\/\/topgetestet.de\/index.php?rest_route=\/wp\/v2\/types\/product"}],"replies":[{"embeddable":true,"href":"https:\/\/topgetestet.de\/index.php?rest_route=%2Fwp%2Fv2%2Fcomments&post=6996"}],"wp:featuredmedia":[{"embeddable":true,"href":"https:\/\/topgetestet.de\/index.php?rest_route=\/wp\/v2\/media\/6997"}],"wp:attachment":[{"href":"https:\/\/topgetestet.de\/index.php?rest_route=%2Fwp%2Fv2%2Fmedia&parent=6996"}],"wp:term":[{"taxonomy":"product_cat","embeddable":true,"href":"https:\/\/topgetestet.de\/index.php?rest_route=%2Fwp%2Fv2%2Fproduct_cat&post=6996"},{"taxonomy":"product_tag","embeddable":true,"href":"https:\/\/topgetestet.de\/index.php?rest_route=%2Fwp%2Fv2%2Fproduct_tag&post=6996"}],"curies":[{"name":"wp","href":"https:\/\/api.w.org\/{rel}","templated":true}]}}