{"id":69701,"date":"2022-10-15T15:50:42","date_gmt":"2022-10-15T15:50:42","guid":{"rendered":"https:\/\/topgetestet.de\/?product=football-manager-2021-touch-nintendo-switch"},"modified":"2022-10-15T15:50:42","modified_gmt":"2022-10-15T15:50:42","slug":"football-manager-2021-touch-nintendo-switch","status":"publish","type":"product","link":"https:\/\/topgetestet.de\/?product=football-manager-2021-touch-nintendo-switch","title":{"rendered":"Football Manager 2021 Touch (Nintendo Switch)"},"content":{"rendered":"<p>Price: <span style=\"color:#b12704\">[price_with_discount]<\/span><br \/><i><small>(as of [price_update_date] &#8211; <span class=\"wp_automatic_amazon_disclaimer\" title=\"Product prices and availability are accurate as of the date\/time indicated and are subject to change. Any price and availability information displayed on [relevant Amazon Site(s), as applicable] at the time of purchase will apply to the purchase of this product.\">Details<\/span>)<\/small><\/i><\/p>\n<p><a href=\"https:\/\/amazon.de\/dp\/B08YB47TDL?tag=topgetestet09-21\"><img decoding=\"async\" src=\"https:\/\/i.imgur.com\/ISRHEWs.png\"><\/a><br \/>\n[ad_1]<br \/>\n <span>Auf der \u00dcberholspur zum fu\u00dfballerischen Ruhm&#8230; Mit der neuen Saison und einer \u00fcberarbeiteten Benutzeroberfl\u00e4che ist FM21 Touch das perfekte Spiel f\u00fcr alle, die den Nervenkitzel von Football Manager in einem schlankeren Format suchen. Nutzen Sie die Optionen des Nintendo Switch-Controllers und die \u00fcberarbeitete Benutzeroberfl\u00e4che, um die Saisons durchzuspielen und sich auf Taktik und Transfers zu konzentrieren. Alles andere k\u00f6nnen Sie in die H\u00e4nde Ihres Assistenten legen. Lehnen Sie sich zur\u00fcck und sehen Sie zu, wie Ihre taktische Vision in unserer gefeierten 3D-Match-Engine zum Leben erweckt wird, und es gibt keinen besseren Weg, die Action zu genie\u00dfen, als Ihre Nintendo Switch anzudocken und sie auf dem gro\u00dfen Bildschirm zu sehen. Aber auch Spieltage k\u00f6nnen mit der &#8220;Instant Score&#8221;-Funktion beschleunigt werden, mit der du dir deinen Weg zum nationalen Ruhm bahnen kannst. Selbst wenn du die Tiefe gegen die Geschwindigkeit eintauschst, bietet FM21 Touch immer noch die volle Leistung der weltbekannten Football Manager Datenbank mit \u00fcber 500.000 Spielern, Trainern und Angestellten &#8211; willst du die Fu\u00dfballwelt mit einem der kleineren Teams des Spiels im Sturm erobern oder bist du der Typ Chef, der einen erfolgsverw\u00f6hnten Verein bevorzugt? Mit \u00fcber 117 Ligen aus 52 L\u00e4ndern haben Sie die Wahl.<\/span> <br \/> Verpackungsabmessungen \u200f : \u200e  16.9 x 10.3 x 0.4 cm; 20 Gramm <br \/> Erscheinungstermin \u200f : \u200e  11. M\u00e4rz 2022 <br \/> ASIN \u200f : \u200e  B08YB47TDL <br \/> Modellnummer \u200f : \u200e  SEGA41.UK.45CB <br \/> Herkunftsland \u200f : \u200e  \u00d6sterreich <\/p>\n<p>Spielerlebnis &#8211; Spieltage sind mit FM21 touch so, wie du sie noch nie erlebt hast. Grafische Verbesserungen und ein neu gestaltetes Display erm\u00f6glichen es dir, mehr vom Spielgeschehen zu sehen und gleichzeitig gezielte Informationen von deinem Assistenten zu erhalten. Zum ersten Mal in der Touch-Serie kannst du auch w\u00e4hrend des Spiels mit deinen Spielern kommunizieren, indem du sie anschreist.<br \/>Analysen und Statistiken &#8211; erfahren Sie mehr \u00fcber die St\u00e4rken und Schw\u00e4chen Ihres Teams und wie Sie diese beheben k\u00f6nnen. Profitieren Sie von neuen Statistiken und klaren Visualisierungen w\u00e4hrend der Spiele, in Mannschaftsberichten sowie Datenberichten in Nachrichten und Zusammenfassungen am Ende der Saison.<br \/>Das Erlebnis am Ende der Saison &#8211; Erfolge werden sich noch s\u00fc\u00dfer anf\u00fchlen, Troph\u00e4enfeiern werden noch bedeutsamer sein und du wirst mehr Analysen dar\u00fcber erhalten, was richtig gelaufen ist, deine gr\u00f6\u00dften Siege und Bereiche, in denen du dich noch verbessern kannst, um dein Verm\u00e4chtnis zu festigen.Grafik und Optik &#8211; verbesserte Animationen, ein erweitertes Beleuchtungssystem und zus\u00e4tzliche Stadionelemente sorgen f\u00fcr die realistischste und am besten aussehende Match-Action aller Zeiten<br \/>\n<br \/>[ad_2]<\/p>\n","protected":false},"excerpt":{"rendered":"<p>Price: [price_with_discount](as of [price_update_date] &#8211; Details) [ad_1] Auf der \u00dcberholspur zum fu\u00dfballerischen Ruhm&#8230; Mit der neuen Saison und einer \u00fcberarbeiteten Benutzeroberfl\u00e4che ist FM21 Touch das perfekte Spiel f\u00fcr alle, die<\/p>\n","protected":false},"featured_media":69702,"comment_status":"open","ping_status":"closed","template":"","meta":[],"product_cat":[227],"product_tag":[261],"class_list":{"0":"post-69701","1":"product","2":"type-product","3":"status-publish","4":"has-post-thumbnail","6":"product_cat-gaming","7":"product_tag-playstation-legacy-games","9":"first","10":"instock","11":"shipping-taxable","12":"product-type-external"},"aioseo_notices":[],"_links":{"self":[{"href":"https:\/\/topgetestet.de\/index.php?rest_route=\/wp\/v2\/product\/69701","targetHints":{"allow":["GET"]}}],"collection":[{"href":"https:\/\/topgetestet.de\/index.php?rest_route=\/wp\/v2\/product"}],"about":[{"href":"https:\/\/topgetestet.de\/index.php?rest_route=\/wp\/v2\/types\/product"}],"replies":[{"embeddable":true,"href":"https:\/\/topgetestet.de\/index.php?rest_route=%2Fwp%2Fv2%2Fcomments&post=69701"}],"wp:featuredmedia":[{"embeddable":true,"href":"https:\/\/topgetestet.de\/index.php?rest_route=\/wp\/v2\/media\/69702"}],"wp:attachment":[{"href":"https:\/\/topgetestet.de\/index.php?rest_route=%2Fwp%2Fv2%2Fmedia&parent=69701"}],"wp:term":[{"taxonomy":"product_cat","embeddable":true,"href":"https:\/\/topgetestet.de\/index.php?rest_route=%2Fwp%2Fv2%2Fproduct_cat&post=69701"},{"taxonomy":"product_tag","embeddable":true,"href":"https:\/\/topgetestet.de\/index.php?rest_route=%2Fwp%2Fv2%2Fproduct_tag&post=69701"}],"curies":[{"name":"wp","href":"https:\/\/api.w.org\/{rel}","templated":true}]}}