{"id":69607,"date":"2022-10-15T15:28:12","date_gmt":"2022-10-15T15:28:12","guid":{"rendered":"https:\/\/topgetestet.de\/?product=gabor-damen-53-333-36-sneaker"},"modified":"2022-10-15T15:28:12","modified_gmt":"2022-10-15T15:28:12","slug":"gabor-damen-53-333-36-sneaker","status":"publish","type":"product","link":"https:\/\/topgetestet.de\/?product=gabor-damen-53-333-36-sneaker","title":{"rendered":"Gabor Damen 53.333.36 Sneaker"},"content":{"rendered":"<p>Price: <span style=\"color:#b12704\">[price_with_discount]<\/span><br \/><i><small>(as of [price_update_date] &#8211; <span class=\"wp_automatic_amazon_disclaimer\" title=\"Product prices and availability are accurate as of the date\/time indicated and are subject to change. Any price and availability information displayed on [relevant Amazon Site(s), as applicable] at the time of purchase will apply to the purchase of this product.\">Details<\/span>)<\/small><\/i><\/p>\n<p><a href=\"https:\/\/amazon.de\/dp\/B09BB412N4?tag=topgetestet09-21\"><img decoding=\"async\" src=\"https:\/\/i.imgur.com\/ISRHEWs.png\"><\/a><br \/>\n[ad_1]<\/p>\n<p>       Produktinformation <\/p>\n<p>          <img decoding=\"async\" alt=\"logo-gabor-blanko\" src=\"https:\/\/images-na.ssl-images-amazon.com\/images\/G\/01\/x-locale\/common\/grey-pixel.gif\" class=\"a-spacing-base a-lazy-loaded\" data-src=\"https:\/\/m.media-amazon.com\/images\/W\/IMAGERENDERING_521856-T1\/images\/S\/aplus-media-library-service-media\/8d9bca98-73b4-404d-aede-48bee21b266c.__CR0,64,970,600_PT0_SX970_V1___.jpg\"><\/p>\n<p>           <img decoding=\"async\" alt=\"logo-gabor-blanko\" src=\"https:\/\/m.media-amazon.com\/images\/W\/IMAGERENDERING_521856-T1\/images\/S\/aplus-media-library-service-media\/8d9bca98-73b4-404d-aede-48bee21b266c.__CR0,64,970,600_PT0_SX970_V1___.jpg\"><\/p>\n<p class=\"a-spacing-base\"> Die Firma Gabor ist bekannt f\u00fcr die Produktion besonders hochwertiger Schuhe und z\u00e4hlt heute zu den gr\u00f6\u00dften Schuhherstellern in ganz Europa. Das Familien-Unternehmen kann dabei auf den Erfahrungsschatz seiner \u00fcber 100j\u00e4hrigen Firmengeschichte zur\u00fcckgreifen und setzt auch hinsichtlich technischer Innovationen und modischer Aspekte stets neue Ma\u00dfst\u00e4be. Die Verantwortung gegen\u00fcber Mensch und Umwelt ist seit jeher ein zentraler Punkt in der Firmenphilosophie der Traditionsmarke und spiegelt sich in hohen sozialen Standards und einer nachhaltigen Verwendung von Ressourcen wider. Gabor ist gelebte Begeisterung f\u00fcr Schuhe! <\/p>\n<p>               <img decoding=\"async\" alt=\"links\" src=\"https:\/\/images-na.ssl-images-amazon.com\/images\/G\/01\/x-locale\/common\/grey-pixel.gif\" class=\"a-spacing-mini a-lazy-loaded\" data-src=\"https:\/\/m.media-amazon.com\/images\/W\/IMAGERENDERING_521856-T1\/images\/S\/aplus-media\/sc\/341fa1ee-1a91-43e9-ac14-da9c0e21b9db.__CR667,167,1667,1667_PT0_SX300_V1___.jpg\"><\/p>\n<p>                <img decoding=\"async\" alt=\"links\" src=\"https:\/\/m.media-amazon.com\/images\/W\/IMAGERENDERING_521856-T1\/images\/S\/aplus-media\/sc\/341fa1ee-1a91-43e9-ac14-da9c0e21b9db.__CR667,167,1667,1667_PT0_SX300_V1___.jpg\"><\/p>\n<h3 class=\"a-spacing-mini\"> SNEAKER &#8211; Stilsichere Begleiter <\/h3>\n<p class=\"a-spacing-base\"> Jeder tr\u00e4gt sie, jeder liebt sie! Ob Kleinkind oder Rentner, ob l\u00e4ssig oder elegant, ob beim Sport, im B\u00fcro oder beim Feiern im Club &#8211; Sneaker haben einen Siegeszug durch unser Leben angetreten und sind nicht mehr wegzudenken! Der Kult-Schuh f\u00fcr Jedermann pr\u00e4sentiert sich von Saison zu Saison in neuen Styles &#8211; wir haben die Wahl und wissen: Sneaker hat man einfach nie genug! <\/p>\n<p>               <img decoding=\"async\" alt=\"rechts\" src=\"https:\/\/images-na.ssl-images-amazon.com\/images\/G\/01\/x-locale\/common\/grey-pixel.gif\" class=\"a-spacing-mini a-lazy-loaded\" data-src=\"https:\/\/m.media-amazon.com\/images\/W\/IMAGERENDERING_521856-T1\/images\/S\/aplus-media\/sc\/9548a9d0-9309-4acf-ac79-f786047232af.__CR667,167,1667,1667_PT0_SX300_V1___.jpg\"><\/p>\n<p>                <img decoding=\"async\" alt=\"rechts\" src=\"https:\/\/m.media-amazon.com\/images\/W\/IMAGERENDERING_521856-T1\/images\/S\/aplus-media\/sc\/9548a9d0-9309-4acf-ac79-f786047232af.__CR667,167,1667,1667_PT0_SX300_V1___.jpg\"><\/p>\n<h3 class=\"a-spacing-mini\"> Materialien <\/h3>\n<p class=\"a-spacing-base\">\n<p>                Obermaterial: Rauleder \/ Narbenleder<br \/>\n                Innenmaterial: Leder<br \/>\n                Laufsohle: TR-Sohle<\/p>\n<p>               <img decoding=\"async\" alt=\"main\" src=\"https:\/\/images-na.ssl-images-amazon.com\/images\/G\/01\/x-locale\/common\/grey-pixel.gif\" class=\"a-spacing-mini a-lazy-loaded\" data-src=\"https:\/\/m.media-amazon.com\/images\/W\/IMAGERENDERING_521856-T1\/images\/S\/aplus-media\/sc\/2730aefa-7f34-4a6f-abdd-cc96c722f0ab.__CR1056,264,2640,2640_PT0_SX300_V1___.jpg\"><\/p>\n<p>                <img decoding=\"async\" alt=\"main\" src=\"https:\/\/m.media-amazon.com\/images\/W\/IMAGERENDERING_521856-T1\/images\/S\/aplus-media\/sc\/2730aefa-7f34-4a6f-abdd-cc96c722f0ab.__CR1056,264,2640,2640_PT0_SX300_V1___.jpg\"><\/p>\n<h3 class=\"a-spacing-mini\"> Weitere Produktinformationen <\/h3>\n<p class=\"a-spacing-base\">\n<p>                Absatzh\u00f6he: 3.5 cm<br \/>\n                Normale Weite (F)<br \/>\n                Verschluss: Gummizug<br \/>\n                Schuhspitze: rund<\/p>\n<p>               <img decoding=\"async\" alt=\"back\" src=\"https:\/\/images-na.ssl-images-amazon.com\/images\/G\/01\/x-locale\/common\/grey-pixel.gif\" class=\"a-spacing-mini a-lazy-loaded\" data-src=\"https:\/\/m.media-amazon.com\/images\/W\/IMAGERENDERING_521856-T1\/images\/S\/aplus-media\/sc\/c6e4b3ea-1adb-4d5a-b0ba-e4b74f7d2378.__CR1056,336,2640,2640_PT0_SX300_V1___.jpg\"><\/p>\n<p>                <img decoding=\"async\" alt=\"back\" src=\"https:\/\/m.media-amazon.com\/images\/W\/IMAGERENDERING_521856-T1\/images\/S\/aplus-media\/sc\/c6e4b3ea-1adb-4d5a-b0ba-e4b74f7d2378.__CR1056,336,2640,2640_PT0_SX300_V1___.jpg\"><\/p>\n<h3 class=\"a-spacing-mini\"> Funktionen <\/h3>\n<p class=\"a-spacing-base\">\n<p>                BEST FITTING<\/p>\n<p>               <img decoding=\"async\" alt=\"links\" src=\"https:\/\/images-na.ssl-images-amazon.com\/images\/G\/01\/x-locale\/common\/grey-pixel.gif\" class=\"a-lazy-loaded\" data-src=\"https:\/\/m.media-amazon.com\/images\/W\/IMAGERENDERING_521856-T1\/images\/S\/aplus-media\/sc\/341fa1ee-1a91-43e9-ac14-da9c0e21b9db.__CR667,167,1667,1667_PT0_SX300_V1___.jpg\"><\/p>\n<p>                <img decoding=\"async\" alt=\"links\" src=\"https:\/\/m.media-amazon.com\/images\/W\/IMAGERENDERING_521856-T1\/images\/S\/aplus-media\/sc\/341fa1ee-1a91-43e9-ac14-da9c0e21b9db.__CR667,167,1667,1667_PT0_SX300_V1___.jpg\"><\/p>\n<p>               <img decoding=\"async\" alt=\"rechts\" src=\"https:\/\/images-na.ssl-images-amazon.com\/images\/G\/01\/x-locale\/common\/grey-pixel.gif\" class=\"a-lazy-loaded\" data-src=\"https:\/\/m.media-amazon.com\/images\/W\/IMAGERENDERING_521856-T1\/images\/S\/aplus-media\/sc\/9548a9d0-9309-4acf-ac79-f786047232af.__CR667,167,1667,1667_PT0_SX300_V1___.jpg\"><\/p>\n<p>                <img decoding=\"async\" alt=\"rechts\" src=\"https:\/\/m.media-amazon.com\/images\/W\/IMAGERENDERING_521856-T1\/images\/S\/aplus-media\/sc\/9548a9d0-9309-4acf-ac79-f786047232af.__CR667,167,1667,1667_PT0_SX300_V1___.jpg\"><\/p>\n<p>               <img decoding=\"async\" alt=\"main\" src=\"https:\/\/images-na.ssl-images-amazon.com\/images\/G\/01\/x-locale\/common\/grey-pixel.gif\" class=\"a-lazy-loaded\" data-src=\"https:\/\/m.media-amazon.com\/images\/W\/IMAGERENDERING_521856-T1\/images\/S\/aplus-media\/sc\/2730aefa-7f34-4a6f-abdd-cc96c722f0ab.__CR1056,264,2640,2640_PT0_SX300_V1___.jpg\"><\/p>\n<p>                <img decoding=\"async\" alt=\"main\" src=\"https:\/\/m.media-amazon.com\/images\/W\/IMAGERENDERING_521856-T1\/images\/S\/aplus-media\/sc\/2730aefa-7f34-4a6f-abdd-cc96c722f0ab.__CR1056,264,2640,2640_PT0_SX300_V1___.jpg\"><\/p>\n<p>               <img decoding=\"async\" alt=\"back\" src=\"https:\/\/images-na.ssl-images-amazon.com\/images\/G\/01\/x-locale\/common\/grey-pixel.gif\" class=\"a-lazy-loaded\" data-src=\"https:\/\/m.media-amazon.com\/images\/W\/IMAGERENDERING_521856-T1\/images\/S\/aplus-media\/sc\/c6e4b3ea-1adb-4d5a-b0ba-e4b74f7d2378.__CR1056,336,2640,2640_PT0_SX300_V1___.jpg\"><\/p>\n<p>                <img decoding=\"async\" alt=\"back\" src=\"https:\/\/m.media-amazon.com\/images\/W\/IMAGERENDERING_521856-T1\/images\/S\/aplus-media\/sc\/c6e4b3ea-1adb-4d5a-b0ba-e4b74f7d2378.__CR1056,336,2640,2640_PT0_SX300_V1___.jpg\"><\/p>\n<h3 class=\"a-spacing-small\"> Hier die Funktionen im Detail: <\/h3>\n<p> <img decoding=\"async\" alt=\"best fitting\" src=\"https:\/\/images-na.ssl-images-amazon.com\/images\/G\/01\/x-locale\/common\/grey-pixel.gif\" class=\"a-spacing-mini a-lazy-loaded\" data-src=\"https:\/\/m.media-amazon.com\/images\/W\/IMAGERENDERING_521856-T1\/images\/S\/aplus-media\/sc\/42cd612b-fa09-4221-9c03-9c60223b73a8.__CR0,0,300,300_PT0_SX300_V1___.jpg\">\n                   <\/p>\n<p>                    <img decoding=\"async\" alt=\"best fitting\" src=\"https:\/\/m.media-amazon.com\/images\/W\/IMAGERENDERING_521856-T1\/images\/S\/aplus-media\/sc\/42cd612b-fa09-4221-9c03-9c60223b73a8.__CR0,0,300,300_PT0_SX300_V1___.jpg\"><\/p>\n<p> <img decoding=\"async\" alt=\"Wechselfu\u00dfbett\" src=\"https:\/\/images-na.ssl-images-amazon.com\/images\/G\/01\/x-locale\/common\/grey-pixel.gif\" class=\"a-spacing-mini a-lazy-loaded\" data-src=\"https:\/\/m.media-amazon.com\/images\/W\/IMAGERENDERING_521856-T1\/images\/S\/aplus-media\/sc\/faf3c1b7-70bb-4e24-8030-42c950f0fd42.__CR0,0,300,300_PT0_SX300_V1___.jpg\">\n                   <\/p>\n<p>                    <img decoding=\"async\" alt=\"Wechselfu\u00dfbett\" src=\"https:\/\/m.media-amazon.com\/images\/W\/IMAGERENDERING_521856-T1\/images\/S\/aplus-media\/sc\/faf3c1b7-70bb-4e24-8030-42c950f0fd42.__CR0,0,300,300_PT0_SX300_V1___.jpg\"><\/p>\n<p>                   Best Fitting  <\/p>\n<p> Breitere Auftrittsfl\u00e4che <\/p>\n<\/p>\n<p>                   Verbreiterte Auftrittsfl\u00e4che im Ballenbereich<br \/>\n                   H\u00f6chster Tragekomfort und Bequemlichkeit<br \/>\n                   Perfekter Auftritt im modischen Gabor-Look (Ballen- und Ristweite F)<\/p>\n<p>                   Optifit  <\/p>\n<p> Wechselfu\u00dfbett <\/p>\n<\/p>\n<p>                   Hygienisch durch einfaches Entnehmen der Sohle<br \/>\n                   Ohne Fu\u00dfbett mehr Volumen im gesamten Schuh<br \/>\n                   Ideal geeignet f\u00fcr das eigene individuelle Fu\u00dfbett<br \/>\n                   Komfortabel dank zus\u00e4tzlicher D\u00e4mpfung<\/p>\n<h3 class=\"a-spacing-mini\"> Gr\u00f6\u00dfenumrechnung <\/h3>\n<p>          <img decoding=\"async\" alt=\"Gr\u00f6\u00dfentabelle\" src=\"https:\/\/images-na.ssl-images-amazon.com\/images\/G\/01\/x-locale\/common\/grey-pixel.gif\" class=\"a-spacing-base a-lazy-loaded\" data-src=\"https:\/\/m.media-amazon.com\/images\/W\/IMAGERENDERING_521856-T1\/images\/S\/aplus-media\/sc\/f8db3f2c-d666-4e79-a526-152761bd4790.__CR0,26,970,600_PT0_SX970_V1___.jpg\"><\/p>\n<p>           <img decoding=\"async\" alt=\"Gr\u00f6\u00dfentabelle\" src=\"https:\/\/m.media-amazon.com\/images\/W\/IMAGERENDERING_521856-T1\/images\/S\/aplus-media\/sc\/f8db3f2c-d666-4e79-a526-152761bd4790.__CR0,26,970,600_PT0_SX970_V1___.jpg\"><\/p>\n<h3 class=\"a-spacing-mini\"> Mehr Schuhe von Gabor: <\/h3>\n<p>                 OBERMATERIAL<br \/>\n                 Rauleder<br \/>\n                 Rauleder<br \/>\n                 Rauleder \/ Narbenleder<br \/>\n                 Textil<br \/>\n                 Rauleder \/ Glattleder   <\/p>\n<p>                 INNENMATERIAL<br \/>\n                 Leder<br \/>\n                 Microfutter<br \/>\n                 Leder<br \/>\n                 Leder<br \/>\n                 Leder   <\/p>\n<p>                 WEITE<br \/>\n                 Moderate Mehrweite (G)<br \/>\n                 Komfortable Mehrweite (H)<br \/>\n                 Komfortable Mehrweite (H)<br \/>\n                 Normale Weite<br \/>\n                 Komfortable Mehrweite (H)   <\/p>\n<p>                 ABSATZH\u00d6HE<br \/>\n                 3.5 cm<br \/>\n                 4 cm<br \/>\n                 4.5 cm<br \/>\n                 4 cm<br \/>\n                 3 cm   <\/p>\n<p>                 VERSCHLUSS<br \/>\n                 Schn\u00fcrung<br \/>\n                 Rei\u00dfverschluss<br \/>\n                 Rei\u00dfverschluss<br \/>\n                 Ohne Verschluss<br \/>\n                 Rei\u00dfverschluss   <\/p>\n<p>                 FUNKTION 1<br \/>\n                 COMFORT-Mehrweite &#8211; Mehr Tragekomfort durch mehr Raum im Schuh<br \/>\n                 COMFORT-Mehrweite &#8211; Mehr Tragekomfort durch mehr Raum im Schuh<br \/>\n                 COMFORT-Mehrweite &#8211; Mehr Tragekomfort durch mehr Raum im Schuh<br \/>\n                 Wohlf\u00fchlfaktor Wechselfu\u00dfbett<br \/>\n                 COMFORT-Mehrweite &#8211; Mehr Tragekomfort durch mehr Raum im Schuh   <\/p>\n<p>                 FUNKTION 2<br \/>\n                 Wohlf\u00fchlfaktor Wechselfu\u00dfbett<br \/>\n                 Wohlf\u00fchlfaktor Wechselfu\u00dfbett<br \/>\n                 Wohlf\u00fchlfaktor Wechselfu\u00dfbett<br \/>\n                 &#8211;<br \/>\n                 Wohlf\u00fchlfaktor Wechselfu\u00dfbett   <\/p>\n<p>[ad_2]<\/p>\n","protected":false},"excerpt":{"rendered":"<p>Price: [price_with_discount](as of [price_update_date] &#8211; Details) [ad_1] Produktinformation Die Firma Gabor ist bekannt f\u00fcr die Produktion besonders hochwertiger Schuhe und z\u00e4hlt heute zu den gr\u00f6\u00dften Schuhherstellern in ganz Europa. Das<\/p>\n","protected":false},"featured_media":69608,"comment_status":"open","ping_status":"closed","template":"","meta":[],"product_cat":[230],"product_tag":[266],"class_list":{"0":"post-69607","1":"product","2":"type-product","3":"status-publish","4":"has-post-thumbnail","6":"product_cat-fashion","7":"product_tag-womens-fashion-sneakers","9":"first","10":"instock","11":"shipping-taxable","12":"product-type-external"},"aioseo_notices":[],"_links":{"self":[{"href":"https:\/\/topgetestet.de\/index.php?rest_route=\/wp\/v2\/product\/69607","targetHints":{"allow":["GET"]}}],"collection":[{"href":"https:\/\/topgetestet.de\/index.php?rest_route=\/wp\/v2\/product"}],"about":[{"href":"https:\/\/topgetestet.de\/index.php?rest_route=\/wp\/v2\/types\/product"}],"replies":[{"embeddable":true,"href":"https:\/\/topgetestet.de\/index.php?rest_route=%2Fwp%2Fv2%2Fcomments&post=69607"}],"wp:featuredmedia":[{"embeddable":true,"href":"https:\/\/topgetestet.de\/index.php?rest_route=\/wp\/v2\/media\/69608"}],"wp:attachment":[{"href":"https:\/\/topgetestet.de\/index.php?rest_route=%2Fwp%2Fv2%2Fmedia&parent=69607"}],"wp:term":[{"taxonomy":"product_cat","embeddable":true,"href":"https:\/\/topgetestet.de\/index.php?rest_route=%2Fwp%2Fv2%2Fproduct_cat&post=69607"},{"taxonomy":"product_tag","embeddable":true,"href":"https:\/\/topgetestet.de\/index.php?rest_route=%2Fwp%2Fv2%2Fproduct_tag&post=69607"}],"curies":[{"name":"wp","href":"https:\/\/api.w.org\/{rel}","templated":true}]}}