{"id":69391,"date":"2022-10-15T14:41:16","date_gmt":"2022-10-15T14:41:16","guid":{"rendered":"https:\/\/topgetestet.de\/?product=new-balance-damen-wtarisg1-sneaker"},"modified":"2022-10-15T14:41:16","modified_gmt":"2022-10-15T14:41:16","slug":"new-balance-damen-wtarisg1-sneaker","status":"publish","type":"product","link":"https:\/\/topgetestet.de\/?product=new-balance-damen-wtarisg1-sneaker","title":{"rendered":"New Balance Damen Wtarisg1 Sneaker"},"content":{"rendered":"<p>Price: <span style=\"color:#b12704\">[price_with_discount]<\/span><br \/><i><small>(as of [price_update_date] &#8211; <span class=\"wp_automatic_amazon_disclaimer\" title=\"Product prices and availability are accurate as of the date\/time indicated and are subject to change. Any price and availability information displayed on [relevant Amazon Site(s), as applicable] at the time of purchase will apply to the purchase of this product.\">Details<\/span>)<\/small><\/i><\/p>\n<p><a href=\"https:\/\/amazon.de\/dp\/B0823HD7WF?tag=topgetestet09-21\"><img decoding=\"async\" src=\"https:\/\/i.imgur.com\/ISRHEWs.png\"><\/a><br \/>\n[ad_1]<br \/>\n <span>Wir haben unserer beliebten Fresh Foam Arishi-Silhouette robuste Technologie verpasst, um sie f\u00fcr die Trails vorzubereiten. Der Fresh Foam Arishi Trail f\u00fcr Damen bietet den gleichen weichen Komfort und die gleiche vielseitige Leistung mit Funktionen wie einer AT Tread-Au\u00dfensohle mit zwei Stollen und einer verst\u00e4rkten Toe Protect-Zehenspitze, um die Zehen vor Steinen und Schmutz zu sch\u00fctzen. Dar\u00fcber hinaus tr\u00e4gt die n\u00e4hfreie Materialapplikation auf dem Obermaterial dazu bei, dass sich die Passform leicht anf\u00fchlt.<\/span> <br \/> Produktabmessungen \u200f : \u200e  30 x 20 x 10 cm; 581 Gramm <br \/> Im Angebot von Amazon.de seit \u200f : \u200e  6. November 2020 <br \/> Hersteller \u200f : \u200e  NEW BALANCE <br \/> ASIN \u200f : \u200e  B0823H79JM <br \/> Modellnummer \u200f : \u200e  WTARISGB <br \/> Kategorie \u200f : \u200e  Damen <\/p>\n<p>[ad_2]<\/p>\n","protected":false},"excerpt":{"rendered":"<p>Price: [price_with_discount](as of [price_update_date] &#8211; Details) [ad_1] Wir haben unserer beliebten Fresh Foam Arishi-Silhouette robuste Technologie verpasst, um sie f\u00fcr die Trails vorzubereiten. Der Fresh Foam Arishi Trail f\u00fcr Damen<\/p>\n","protected":false},"featured_media":69392,"comment_status":"open","ping_status":"closed","template":"","meta":[],"product_cat":[230],"product_tag":[266],"class_list":{"0":"post-69391","1":"product","2":"type-product","3":"status-publish","4":"has-post-thumbnail","6":"product_cat-fashion","7":"product_tag-womens-fashion-sneakers","9":"first","10":"instock","11":"shipping-taxable","12":"product-type-external"},"aioseo_notices":[],"_links":{"self":[{"href":"https:\/\/topgetestet.de\/index.php?rest_route=\/wp\/v2\/product\/69391","targetHints":{"allow":["GET"]}}],"collection":[{"href":"https:\/\/topgetestet.de\/index.php?rest_route=\/wp\/v2\/product"}],"about":[{"href":"https:\/\/topgetestet.de\/index.php?rest_route=\/wp\/v2\/types\/product"}],"replies":[{"embeddable":true,"href":"https:\/\/topgetestet.de\/index.php?rest_route=%2Fwp%2Fv2%2Fcomments&post=69391"}],"wp:featuredmedia":[{"embeddable":true,"href":"https:\/\/topgetestet.de\/index.php?rest_route=\/wp\/v2\/media\/69392"}],"wp:attachment":[{"href":"https:\/\/topgetestet.de\/index.php?rest_route=%2Fwp%2Fv2%2Fmedia&parent=69391"}],"wp:term":[{"taxonomy":"product_cat","embeddable":true,"href":"https:\/\/topgetestet.de\/index.php?rest_route=%2Fwp%2Fv2%2Fproduct_cat&post=69391"},{"taxonomy":"product_tag","embeddable":true,"href":"https:\/\/topgetestet.de\/index.php?rest_route=%2Fwp%2Fv2%2Fproduct_tag&post=69391"}],"curies":[{"name":"wp","href":"https:\/\/api.w.org\/{rel}","templated":true}]}}