{"id":69385,"date":"2022-10-15T14:39:13","date_gmt":"2022-10-15T14:39:13","guid":{"rendered":"https:\/\/topgetestet.de\/?product=la-sportiva-herren-ultra-raptor-ii-wanderschuhe"},"modified":"2022-10-15T14:39:13","modified_gmt":"2022-10-15T14:39:13","slug":"la-sportiva-herren-ultra-raptor-ii-wanderschuhe","status":"publish","type":"product","link":"https:\/\/topgetestet.de\/?product=la-sportiva-herren-ultra-raptor-ii-wanderschuhe","title":{"rendered":"LA SPORTIVA Herren Ultra Raptor Ii Wanderschuhe"},"content":{"rendered":"<p>Price: <span style=\"color:#b12704\">[price_with_discount]<\/span><br \/><i><small>(as of [price_update_date] &#8211; <span class=\"wp_automatic_amazon_disclaimer\" title=\"Product prices and availability are accurate as of the date\/time indicated and are subject to change. Any price and availability information displayed on [relevant Amazon Site(s), as applicable] at the time of purchase will apply to the purchase of this product.\">Details<\/span>)<\/small><\/i><\/p>\n<p><a href=\"https:\/\/amazon.de\/dp\/B09Y2NKNW1?tag=topgetestet09-21\"><img decoding=\"async\" src=\"https:\/\/i.imgur.com\/ISRHEWs.png\"><\/a><br \/>\n[ad_1]<br \/>\n <span>\u00c4sthetische Neuauflage des ber\u00fchmten Ultra Raptor-Modells, der f\u00fcr Langstrecken-Gel\u00e4ndetouren und l\u00e4ngere Trainingseinheiten entwickelt wurde. Das Obermaterial besteht aus hochatmungsaktivem Air-Mesh-Gewebe und verf\u00fcgt \u00fcber eine sto\u00dfd\u00e4mpfende Endurance Platform aus weichem EVA mit differenzierter Dicke (h\u00f6her in der Zehenpartie, niedriger in der Ferse), f\u00fcr eine hervorragende Sto\u00dfd\u00e4mpfung in jeder Situation und Reduzierung der Rampenwinkel. Die hintere stabilisierende Ferse erm\u00f6glicht eine perfekte Kontrolle \u00fcber die Querbalken. Das Schn\u00fcrsystem wird durch den Schnitt durch Schn\u00fcrung integriert, die in das innere Stretchgewebe eingen\u00e4ht sind und mit Hochfrequenz-Verst\u00e4rkungen im \u00e4u\u00dferen Mesh verst\u00e4rken: Dieses System erm\u00f6glicht die Verteilung der Schn\u00fcrspannung \u00fcber den gesamten Rist und den Fu\u00df so gut wie m\u00f6glich f\u00fcr perfekten Tragekomfort umh\u00fcllt. Die Ortholite\u00ae Hybrid Schn\u00fcrsenkel und die Einlegesohle sind ebenfalls aus recycelten Materialien hergestellt. Ultra Raptor II ist auch erh\u00e4ltlich in einer bequemen breiten Passform f\u00fcr L\u00e4ufer mit breiten F\u00fc\u00dfen. Das Resultat ist ein Ultra-Sneaker, der f\u00fcr viele aufeinanderfolgende Stunden getragen werden kann und sich sowohl f\u00fcr den Offroad-Einsatz auf jedem Gel\u00e4nde eignet. Rufen Sie sich selbst wieder an.<\/span> <br \/> Verpackungsabmessungen \u200f : \u200e  45 x 36 x 24 cm; 900 Gramm <br \/> Im Angebot von Amazon.de seit \u200f : \u200e  1. April 2022 <br \/> Hersteller \u200f : \u200e  LA SPORTIVA <br \/> ASIN \u200f : \u200e  B09WZWVPB1 <br \/> Modellnummer \u200f : \u200e  46M999100 <br \/> Kategorie \u200f : \u200e  Herren <\/p>\n<p>[ad_2]<\/p>\n","protected":false},"excerpt":{"rendered":"<p>Price: [price_with_discount](as of [price_update_date] &#8211; Details) [ad_1] \u00c4sthetische Neuauflage des ber\u00fchmten Ultra Raptor-Modells, der f\u00fcr Langstrecken-Gel\u00e4ndetouren und l\u00e4ngere Trainingseinheiten entwickelt wurde. Das Obermaterial besteht aus hochatmungsaktivem Air-Mesh-Gewebe und verf\u00fcgt \u00fcber<\/p>\n","protected":false},"featured_media":69386,"comment_status":"open","ping_status":"closed","template":"","meta":[],"product_cat":[234],"product_tag":[235],"class_list":{"0":"post-69385","1":"product","2":"type-product","3":"status-publish","4":"has-post-thumbnail","6":"product_cat-shoes","7":"product_tag-mens-road-running-shoes","9":"first","10":"instock","11":"shipping-taxable","12":"product-type-external"},"aioseo_notices":[],"_links":{"self":[{"href":"https:\/\/topgetestet.de\/index.php?rest_route=\/wp\/v2\/product\/69385","targetHints":{"allow":["GET"]}}],"collection":[{"href":"https:\/\/topgetestet.de\/index.php?rest_route=\/wp\/v2\/product"}],"about":[{"href":"https:\/\/topgetestet.de\/index.php?rest_route=\/wp\/v2\/types\/product"}],"replies":[{"embeddable":true,"href":"https:\/\/topgetestet.de\/index.php?rest_route=%2Fwp%2Fv2%2Fcomments&post=69385"}],"wp:featuredmedia":[{"embeddable":true,"href":"https:\/\/topgetestet.de\/index.php?rest_route=\/wp\/v2\/media\/69386"}],"wp:attachment":[{"href":"https:\/\/topgetestet.de\/index.php?rest_route=%2Fwp%2Fv2%2Fmedia&parent=69385"}],"wp:term":[{"taxonomy":"product_cat","embeddable":true,"href":"https:\/\/topgetestet.de\/index.php?rest_route=%2Fwp%2Fv2%2Fproduct_cat&post=69385"},{"taxonomy":"product_tag","embeddable":true,"href":"https:\/\/topgetestet.de\/index.php?rest_route=%2Fwp%2Fv2%2Fproduct_tag&post=69385"}],"curies":[{"name":"wp","href":"https:\/\/api.w.org\/{rel}","templated":true}]}}