{"id":69222,"date":"2022-10-15T14:00:05","date_gmt":"2022-10-15T14:00:05","guid":{"rendered":"https:\/\/topgetestet.de\/?product=need-for-speed-hot-pursuit-remastered-nintendo-switch"},"modified":"2022-10-15T14:00:05","modified_gmt":"2022-10-15T14:00:05","slug":"need-for-speed-hot-pursuit-remastered-nintendo-switch","status":"publish","type":"product","link":"https:\/\/topgetestet.de\/?product=need-for-speed-hot-pursuit-remastered-nintendo-switch","title":{"rendered":"NEED FOR SPEED HOT PURSUIT REMASTERED &#8211; [Nintendo Switch]"},"content":{"rendered":"<p>Price: <span style=\"color:#b12704\">[price_with_discount]<\/span><br \/><i><small>(as of [price_update_date] &#8211; <span class=\"wp_automatic_amazon_disclaimer\" title=\"Product prices and availability are accurate as of the date\/time indicated and are subject to change. Any price and availability information displayed on [relevant Amazon Site(s), as applicable] at the time of purchase will apply to the purchase of this product.\">Details<\/span>)<\/small><\/i><\/p>\n<p><a href=\"https:\/\/amazon.de\/dp\/B08K9ZDW6S?tag=topgetestet09-21\"><img decoding=\"async\" src=\"https:\/\/i.imgur.com\/ISRHEWs.png\"><\/a><br \/>\n[ad_1]<br \/>\n <span>Hot Pursuit Remastered versetzt die Spieler in die grafisch verbesserte Welt von Seacrest County, in der die kurvenreichen Stra\u00dfen und exotischen Supersportwagen f\u00fcr ein atemberaubendes Geschwindigkeitsgef\u00fchl sorgen. In einer intensiven Einzelspielerkarriere k\u00f6nnen die Spieler die Action auf beiden Seiten des Gesetzes erleben und fl\u00fcchtige Verd\u00e4chtige in getunten Cop-Interceptors mit taktischen Waffen zur Strecke bringen oder als Elite-Racer mit Gegenangriffen und Verteidigungsman\u00f6vern f\u00fcr Chancengleichheit sorgen. Dank eines nahtlos verkn\u00fcpften Multiplayer-Erlebnisses in allen Rennmodi k\u00f6nnen sie ihre Karriere dabei allein spielen oder gegen Freunde antreten, um Kopfgeld zu sammeln und neue Wagen, Waffen und Ausr\u00fcstung freizuschalten. Das Spiel wird au\u00dferdem alle nachtr\u00e4glich ver\u00f6ffentlichten Zusatzinhalte wie die beliebten Modi &#8220;Bewaffnet und gef\u00e4hrlich&#8221; und &#8220;Lamborghini ungez\u00e4hmt&#8221; enthalten, die nahtloser als je zuvor in das Erlebnis eingebunden sind. Dar\u00fcber hinaus sorgen neue Erfolge und Wagenfarben, weniger vollbremsung, ein \u00fcberarbeiteter Foto-Modus sowie etliche weitere Verbesserungen daf\u00fcr, dass es noch nie einen besseren Zeitpunkt gab, um die Verfolgung auf beiden Seiten des Gesetzes wieder aufzunehmen. Nach der Ver\u00f6ffentlichung wird Need for Speed: Hot Pursuit Remastered au\u00dferdem um Wagenfolien erweitert, die den Spielern sogar noch mehr Anpassungsm\u00f6glichkeiten er\u00f6ffnen. Need for Speed: Hot Pursuit Remastered nutzt auch diesmal die Autolog-Technologie, die den Spielern auf Grundlage der Ergebnisse ihrer Freunde intuitiv Herausforderungen anbietet und es ihnen somit erm\u00f6glicht, in packenden asynchronen Wettbewerben gegen sie anzutreten. Dank plattform\u00fcbergreifendem Multiplayer gibt das Autolog-Feature den Spielern au\u00dferdem die M\u00f6glichkeit, nicht nur all ihre Erlebnisse, Bilder sowie Herausforderungen zu vergleichen und miteinander zu teilen, sondern sich auch \u00fcber s\u00e4mtliche Plattformen hinweg miteinander zu messen.<\/span> <br \/> Alterseinstufung \u200f : \u200e  USK ab 12 freigegeben <br \/> Sprache \u200f : \u200e  Deutsch <br \/> Produktabmessungen \u200f : \u200e  10.5 x 17 x 1.1 cm; 52 Gramm <br \/> Erscheinungstermin \u200f : \u200e  13. November 2020 <br \/> ASIN \u200f : \u200e  B08K9ZDW6S <br \/> Modellnummer \u200f : \u200e  1088447 <br \/> Herkunftsland \u200f : \u200e  \u00d6sterreich <\/p>\n<p>Inhalt: 1 St\u00fcck<br \/>\n<br \/>[ad_2]<\/p>\n","protected":false},"excerpt":{"rendered":"<p>Price: [price_with_discount](as of [price_update_date] &#8211; Details) [ad_1] Hot Pursuit Remastered versetzt die Spieler in die grafisch verbesserte Welt von Seacrest County, in der die kurvenreichen Stra\u00dfen und exotischen Supersportwagen f\u00fcr<\/p>\n","protected":false},"featured_media":69223,"comment_status":"open","ping_status":"closed","template":"","meta":[],"product_cat":[227],"product_tag":[261],"class_list":{"0":"post-69222","1":"product","2":"type-product","3":"status-publish","4":"has-post-thumbnail","6":"product_cat-gaming","7":"product_tag-playstation-legacy-games","9":"first","10":"instock","11":"sale","12":"shipping-taxable","13":"product-type-external"},"aioseo_notices":[],"_links":{"self":[{"href":"https:\/\/topgetestet.de\/index.php?rest_route=\/wp\/v2\/product\/69222","targetHints":{"allow":["GET"]}}],"collection":[{"href":"https:\/\/topgetestet.de\/index.php?rest_route=\/wp\/v2\/product"}],"about":[{"href":"https:\/\/topgetestet.de\/index.php?rest_route=\/wp\/v2\/types\/product"}],"replies":[{"embeddable":true,"href":"https:\/\/topgetestet.de\/index.php?rest_route=%2Fwp%2Fv2%2Fcomments&post=69222"}],"wp:featuredmedia":[{"embeddable":true,"href":"https:\/\/topgetestet.de\/index.php?rest_route=\/wp\/v2\/media\/69223"}],"wp:attachment":[{"href":"https:\/\/topgetestet.de\/index.php?rest_route=%2Fwp%2Fv2%2Fmedia&parent=69222"}],"wp:term":[{"taxonomy":"product_cat","embeddable":true,"href":"https:\/\/topgetestet.de\/index.php?rest_route=%2Fwp%2Fv2%2Fproduct_cat&post=69222"},{"taxonomy":"product_tag","embeddable":true,"href":"https:\/\/topgetestet.de\/index.php?rest_route=%2Fwp%2Fv2%2Fproduct_tag&post=69222"}],"curies":[{"name":"wp","href":"https:\/\/api.w.org\/{rel}","templated":true}]}}