{"id":69215,"date":"2022-10-15T13:58:13","date_gmt":"2022-10-15T13:58:13","guid":{"rendered":"https:\/\/topgetestet.de\/?product=puma-damen-leggings"},"modified":"2022-10-15T13:58:13","modified_gmt":"2022-10-15T13:58:13","slug":"puma-damen-leggings","status":"publish","type":"product","link":"https:\/\/topgetestet.de\/?product=puma-damen-leggings","title":{"rendered":"PUMA Damen Leggings, ,"},"content":{"rendered":"<p>Price: <span style=\"color:#b12704\">[price_with_discount]<\/span><br \/><i><small>(as of [price_update_date] &#8211; <span class=\"wp_automatic_amazon_disclaimer\" title=\"Product prices and availability are accurate as of the date\/time indicated and are subject to change. Any price and availability information displayed on [relevant Amazon Site(s), as applicable] at the time of purchase will apply to the purchase of this product.\">Details<\/span>)<\/small><\/i><\/p>\n<p><a href=\"https:\/\/amazon.de\/dp\/B089Z6T5SZ?tag=topgetestet09-21\"><img decoding=\"async\" src=\"https:\/\/i.imgur.com\/ISRHEWs.png\"><\/a><br \/>\n[ad_1]<\/p>\n<p>       Produktbeschreibung des Herstellers <\/p>\n<p>              <img decoding=\"async\" alt=\"shoes\" src=\"https:\/\/images-na.ssl-images-amazon.com\/images\/G\/01\/x-locale\/common\/grey-pixel.gif\" class=\"a-lazy-loaded\" data-src=\"https:\/\/m.media-amazon.com\/images\/S\/aplus-media-library-service-media\/29edda21-912e-48fc-b63a-79184695a319.__CR0,0,1429,442_PT0_SX970_V1___.png\"><\/p>\n<p>               <img decoding=\"async\" alt=\"shoes\" src=\"https:\/\/m.media-amazon.com\/images\/S\/aplus-media-library-service-media\/29edda21-912e-48fc-b63a-79184695a319.__CR0,0,1429,442_PT0_SX970_V1___.png\"><\/p>\n<h3> Erreiche deine Ziele. Forever Faster. <\/h3>\n<p> Forever Faster bedeutet nicht nur Schnelligkeit. Es bedeutet St\u00e4rke, Durchhalteverm\u00f6gen, bedeutet, jeden Tag besser werden zu wollen\u2026 Und das bedeutet: Es geht um dich. Unsere Mission ist es, dich genau so fit zu machen, wie du sein willst, damit du jedes Ziel erreichst \u2013 so schnell es geht. <\/p>\n<h3 class=\"a-spacing-small\"> Trainier dein Wohlbefinden mit Damen Sportbekleidung von PUMA. <\/h3>\n<p> <img decoding=\"async\" alt=\"shoes\" src=\"https:\/\/images-na.ssl-images-amazon.com\/images\/G\/01\/x-locale\/common\/grey-pixel.gif\" class=\"a-spacing-mini a-lazy-loaded\" data-src=\"https:\/\/m.media-amazon.com\/images\/S\/aplus-media-library-service-media\/54a0ec64-c312-4a94-806b-0bad8fef4aa4.__CR14,0,904,904_PT0_SX300_V1___.png\">\n                   <\/p>\n<p>                    <img decoding=\"async\" alt=\"shoes\" src=\"https:\/\/m.media-amazon.com\/images\/S\/aplus-media-library-service-media\/54a0ec64-c312-4a94-806b-0bad8fef4aa4.__CR14,0,904,904_PT0_SX300_V1___.png\"><\/p>\n<p> <img decoding=\"async\" alt=\"TEXT\" src=\"https:\/\/images-na.ssl-images-amazon.com\/images\/G\/01\/x-locale\/common\/grey-pixel.gif\" class=\"a-spacing-mini a-lazy-loaded\" data-src=\"https:\/\/m.media-amazon.com\/images\/S\/aplus-media-library-service-media\/cb4aa0f2-6548-4a3d-9ec6-591808420f92.__CR1,0,514,514_PT0_SX300_V1___.png\">\n                   <\/p>\n<p>                    <img decoding=\"async\" alt=\"TEXT\" src=\"https:\/\/m.media-amazon.com\/images\/S\/aplus-media-library-service-media\/cb4aa0f2-6548-4a3d-9ec6-591808420f92.__CR1,0,514,514_PT0_SX300_V1___.png\"><\/p>\n<p> <img decoding=\"async\" alt=\"TEXT\" src=\"https:\/\/images-na.ssl-images-amazon.com\/images\/G\/01\/x-locale\/common\/grey-pixel.gif\" class=\"a-spacing-mini a-lazy-loaded\" data-src=\"https:\/\/m.media-amazon.com\/images\/S\/aplus-media-library-service-media\/c3613980-2048-4d26-ad18-14791e691cf5.__CR0,0,686,686_PT0_SX300_V1___.png\">\n                   <\/p>\n<p>                    <img decoding=\"async\" alt=\"TEXT\" src=\"https:\/\/m.media-amazon.com\/images\/S\/aplus-media-library-service-media\/c3613980-2048-4d26-ad18-14791e691cf5.__CR0,0,686,686_PT0_SX300_V1___.png\"><\/p>\n<p>                   Lauf dem Schweinehund davon.  <\/p>\n<p> Du legst gerade erst mit dem Training los? Oder ist das Gym dein zweites Zuhause? Unsere Sportbekleidung f\u00fcr Damen holt dich da ab, wo du bist, und bringt dich an jedes Ziel. PUMA T-Shirts, Tops und Legginsunterstreichen deinen Style und sorgen mit ihrem hohen Tragekomfort daf\u00fcr, dass der Muskelschmerz das Einzige ist, das dir am Ende einer Einheit weh tut. <\/p>\n<p>                   Du selbst bist dein h\u00e4rtester Gegner.  <\/p>\n<p> Du hasst es und du liebst es, das Gef\u00fchl, wenn dein K\u00f6rper ans Limit kommt. Wenn die letzten Sekunden in der Plank, die letzte Liegest\u00fctze, die letzten Meter vor dem Ziel dir noch einmal alles abverlangen. Schaffst du`s? Unsere Sport Outfits f\u00fcr Damen sind genauso zuverl\u00e4ssig wie dein Wille durchzuhalten \u2013 mit atmungsaktiven und feuchtigkeitsableitenden Textilien. Weil gut aussehen alleine nicht reicht. <\/p>\n<p>                   Mach doch, was du willst.  <\/p>\n<p> Du stehst auf Abwechslung und probierst gerne etwas Neues? Oder brauchst du deine gewohnten Routinen, gerade beim Sport? F\u00fcr die Damen Fitness Kollektion von PUMA musst du dich nicht festlegen, auch nicht bei den Farben. Heute schwarz, morgen pink, \u00fcbermorgen dezenter Retro-Farbton? Entscheide dich t\u00e4glich neu, denn unsere Sporthosen, Shirts und Sockenbringen dich immer zum Leuchten. Mach dein Training so bunt wie dein Leben. <\/p>\n<p> Produktabmessungen \u200f : \u200e  10 x 2 x 2.7 cm; 100 Gramm <br \/> Im Angebot von Amazon.de seit \u200f : \u200e  18. Januar 2021 <br \/> Hersteller \u200f : \u200e  PUMA <br \/> ASIN \u200f : \u200e  B089Z8B6C9 <br \/> Modellnummer \u200f : \u200e  520313 <br \/> Kategorie \u200f : \u200e  Damen <\/p>\n<p>[ad_2]<\/p>\n","protected":false},"excerpt":{"rendered":"<p>Price: [price_with_discount](as of [price_update_date] &#8211; Details) [ad_1] Produktbeschreibung des Herstellers Erreiche deine Ziele. Forever Faster. Forever Faster bedeutet nicht nur Schnelligkeit. Es bedeutet St\u00e4rke, Durchhalteverm\u00f6gen, bedeutet, jeden Tag besser werden<\/p>\n","protected":false},"featured_media":69216,"comment_status":"open","ping_status":"closed","template":"","meta":[],"product_cat":[231],"product_tag":[],"class_list":{"0":"post-69215","1":"product","2":"type-product","3":"status-publish","4":"has-post-thumbnail","6":"product_cat-mens-fashion","8":"first","9":"instock","10":"shipping-taxable","11":"product-type-external"},"aioseo_notices":[],"_links":{"self":[{"href":"https:\/\/topgetestet.de\/index.php?rest_route=\/wp\/v2\/product\/69215","targetHints":{"allow":["GET"]}}],"collection":[{"href":"https:\/\/topgetestet.de\/index.php?rest_route=\/wp\/v2\/product"}],"about":[{"href":"https:\/\/topgetestet.de\/index.php?rest_route=\/wp\/v2\/types\/product"}],"replies":[{"embeddable":true,"href":"https:\/\/topgetestet.de\/index.php?rest_route=%2Fwp%2Fv2%2Fcomments&post=69215"}],"wp:featuredmedia":[{"embeddable":true,"href":"https:\/\/topgetestet.de\/index.php?rest_route=\/wp\/v2\/media\/69216"}],"wp:attachment":[{"href":"https:\/\/topgetestet.de\/index.php?rest_route=%2Fwp%2Fv2%2Fmedia&parent=69215"}],"wp:term":[{"taxonomy":"product_cat","embeddable":true,"href":"https:\/\/topgetestet.de\/index.php?rest_route=%2Fwp%2Fv2%2Fproduct_cat&post=69215"},{"taxonomy":"product_tag","embeddable":true,"href":"https:\/\/topgetestet.de\/index.php?rest_route=%2Fwp%2Fv2%2Fproduct_tag&post=69215"}],"curies":[{"name":"wp","href":"https:\/\/api.w.org\/{rel}","templated":true}]}}