{"id":69208,"date":"2022-10-15T13:56:09","date_gmt":"2022-10-15T13:56:09","guid":{"rendered":"https:\/\/topgetestet.de\/?product=levis-damen-dara-tank-white-t-shirt"},"modified":"2022-10-15T13:56:09","modified_gmt":"2022-10-15T13:56:09","slug":"levis-damen-dara-tank-white-t-shirt","status":"publish","type":"product","link":"https:\/\/topgetestet.de\/?product=levis-damen-dara-tank-white-t-shirt","title":{"rendered":"Levi&#8217;s Damen Dara Tank White + T-Shirt"},"content":{"rendered":"<p>Price: <span style=\"color:#b12704\">[price_with_discount]<\/span><br \/><i><small>(as of [price_update_date] &#8211; <span class=\"wp_automatic_amazon_disclaimer\" title=\"Product prices and availability are accurate as of the date\/time indicated and are subject to change. Any price and availability information displayed on [relevant Amazon Site(s), as applicable] at the time of purchase will apply to the purchase of this product.\">Details<\/span>)<\/small><\/i><\/p>\n<p><a href=\"https:\/\/amazon.de\/dp\/B093T4GX88?tag=topgetestet09-21\"><img decoding=\"async\" src=\"https:\/\/i.imgur.com\/ISRHEWs.png\"><\/a><br \/>\n[ad_1]<\/p>\n<p>       Produktbeschreibung des Herstellers <\/p>\n<p>              <img decoding=\"async\" alt=\"Levi`s Womens Tops\" src=\"https:\/\/images-na.ssl-images-amazon.com\/images\/G\/01\/x-locale\/common\/grey-pixel.gif\" class=\"a-lazy-loaded\" data-src=\"https:\/\/m.media-amazon.com\/images\/S\/aplus-media\/sota\/f8428cf5-c61c-4a62-bb44-077214917389.__CR0,0,970,300_PT0_SX970_V1___.jpg\"><\/p>\n<p>               <img decoding=\"async\" alt=\"Levi`s Womens Tops\" src=\"https:\/\/m.media-amazon.com\/images\/S\/aplus-media\/sota\/f8428cf5-c61c-4a62-bb44-077214917389.__CR0,0,970,300_PT0_SX970_V1___.jpg\"><\/p>\n<h3 class=\"a-spacing-mini\"> Du tr\u00e4gst Jeans. Du lebst in Levi&#8217;s. <\/h3>\n<p>          <img decoding=\"async\" alt=\"Levi`s Womens Tops\" src=\"https:\/\/images-na.ssl-images-amazon.com\/images\/G\/01\/x-locale\/common\/grey-pixel.gif\" class=\"a-spacing-base a-lazy-loaded\" data-src=\"https:\/\/m.media-amazon.com\/images\/S\/aplus-media\/sota\/676a5d81-8921-4df5-954d-ebb983e894ab.__CR0,0,970,600_PT0_SX970_V1___.jpg\"><\/p>\n<p>           <img decoding=\"async\" alt=\"Levi`s Womens Tops\" src=\"https:\/\/m.media-amazon.com\/images\/S\/aplus-media\/sota\/676a5d81-8921-4df5-954d-ebb983e894ab.__CR0,0,970,600_PT0_SX970_V1___.jpg\"><\/p>\n<p class=\"a-spacing-base\"> Seit Levi Strauss 1873 in Kalifornien die Jeans erfand, geh\u00f6rten Levi&#8217;s Jeans zu den bekanntesten Kleidungsst\u00fccken der Welt. Was als Erfindung f\u00fcr die amerikanischen Arbeiter entstand, wurde schnell zu einer Art Uniform. Getragen von Minenarbeitern, Cowboys, Rebellen, Rockstars, Pr\u00e4sidenten und ganz normalen M\u00e4nnern und Frauen. Die funktionale Kleidung wurde nicht mehr nur bei der Arbeit getragen, sondern man lebte f\u00f6rmlich in ihr. Aber Levi&#8217;s ist noch viel mehr. Kleidung von Levi&#8217;s ist ein ganzer Lebensstil, eine Art, sich auszudr\u00fccken. Sie zeigt die Spuren des Lebens, die Form des eigenen K\u00f6rpers, die Erinnerungen der erlebten Abenteuer. <\/p>\n<h3 class=\"a-spacing-mini\"> Levi&#8217;s Damen Oberteile und Jacken <\/h3>\n<p>          <img decoding=\"async\" alt=\"Levi`s Womens size\" src=\"https:\/\/images-na.ssl-images-amazon.com\/images\/G\/01\/x-locale\/common\/grey-pixel.gif\" class=\"a-spacing-base a-lazy-loaded\" data-src=\"https:\/\/m.media-amazon.com\/images\/S\/aplus-media\/sota\/71a6bc66-1d41-4cb9-acfa-8b7be3653df2.__CR0,0,970,600_PT0_SX970_V1___.png\"><\/p>\n<p>           <img decoding=\"async\" alt=\"Levi`s Womens size\" src=\"https:\/\/m.media-amazon.com\/images\/S\/aplus-media\/sota\/71a6bc66-1d41-4cb9-acfa-8b7be3653df2.__CR0,0,970,600_PT0_SX970_V1___.png\"><\/p>\n<p>              <img decoding=\"async\" alt=\"Levi`s Womens Tops\" src=\"https:\/\/images-na.ssl-images-amazon.com\/images\/G\/01\/x-locale\/common\/grey-pixel.gif\" class=\"a-spacing-mini a-lazy-loaded\" data-src=\"https:\/\/m.media-amazon.com\/images\/S\/aplus-media\/sota\/7f1e99ca-d4af-4027-9a38-28f6b134b008.__CR0,0,1200,1200_PT0_SX300_V1___.jpg\"><\/p>\n<p>               <img decoding=\"async\" alt=\"Levi`s Womens Tops\" src=\"https:\/\/m.media-amazon.com\/images\/S\/aplus-media\/sota\/7f1e99ca-d4af-4027-9a38-28f6b134b008.__CR0,0,1200,1200_PT0_SX300_V1___.jpg\"><\/p>\n<h3 class=\"a-spacing-mini\"> Messanweisung <\/h3>\n<p> Brust:  Miss deinen Brustumgang an der breitesten Stelle. Leg das Ma\u00dfband dabei unbedingt gerade an. <\/p>\n<p> Taille: Miss deinen Taillenumfang an der schmalsten Stelle. Nicht zu eng, nicht zu weit. <\/p>\n<p> H\u00fcfte: Miss deinen H\u00fcftumfang an der breitesten Stelle. Leg das Ma\u00dfband so gerade an wie m\u00f6glich. <\/p>\n<p>              <img decoding=\"async\" alt=\"Levi`s Womens Tops\" src=\"https:\/\/images-na.ssl-images-amazon.com\/images\/G\/01\/x-locale\/common\/grey-pixel.gif\" class=\"a-lazy-loaded\" data-src=\"https:\/\/m.media-amazon.com\/images\/S\/aplus-media\/sota\/dacc2905-bb40-4e9e-9237-64dbf4083f98.__CR0,0,970,300_PT0_SX970_V1___.jpg\"><\/p>\n<p>               <img decoding=\"async\" alt=\"Levi`s Womens Tops\" src=\"https:\/\/m.media-amazon.com\/images\/S\/aplus-media\/sota\/dacc2905-bb40-4e9e-9237-64dbf4083f98.__CR0,0,970,300_PT0_SX970_V1___.jpg\"><\/p>\n<p>[ad_2]<\/p>\n","protected":false},"excerpt":{"rendered":"<p>Price: [price_with_discount](as of [price_update_date] &#8211; Details) [ad_1] Produktbeschreibung des Herstellers Du tr\u00e4gst Jeans. Du lebst in Levi&#8217;s. Seit Levi Strauss 1873 in Kalifornien die Jeans erfand, geh\u00f6rten Levi&#8217;s Jeans zu<\/p>\n","protected":false},"featured_media":69209,"comment_status":"open","ping_status":"closed","template":"","meta":[],"product_cat":[232],"product_tag":[],"class_list":{"0":"post-69208","1":"product","2":"type-product","3":"status-publish","4":"has-post-thumbnail","6":"product_cat-women-fashion","8":"first","9":"instock","10":"shipping-taxable","11":"product-type-external"},"aioseo_notices":[],"_links":{"self":[{"href":"https:\/\/topgetestet.de\/index.php?rest_route=\/wp\/v2\/product\/69208","targetHints":{"allow":["GET"]}}],"collection":[{"href":"https:\/\/topgetestet.de\/index.php?rest_route=\/wp\/v2\/product"}],"about":[{"href":"https:\/\/topgetestet.de\/index.php?rest_route=\/wp\/v2\/types\/product"}],"replies":[{"embeddable":true,"href":"https:\/\/topgetestet.de\/index.php?rest_route=%2Fwp%2Fv2%2Fcomments&post=69208"}],"wp:featuredmedia":[{"embeddable":true,"href":"https:\/\/topgetestet.de\/index.php?rest_route=\/wp\/v2\/media\/69209"}],"wp:attachment":[{"href":"https:\/\/topgetestet.de\/index.php?rest_route=%2Fwp%2Fv2%2Fmedia&parent=69208"}],"wp:term":[{"taxonomy":"product_cat","embeddable":true,"href":"https:\/\/topgetestet.de\/index.php?rest_route=%2Fwp%2Fv2%2Fproduct_cat&post=69208"},{"taxonomy":"product_tag","embeddable":true,"href":"https:\/\/topgetestet.de\/index.php?rest_route=%2Fwp%2Fv2%2Fproduct_tag&post=69208"}],"curies":[{"name":"wp","href":"https:\/\/api.w.org\/{rel}","templated":true}]}}