{"id":69009,"date":"2022-10-15T12:52:00","date_gmt":"2022-10-15T12:52:00","guid":{"rendered":"https:\/\/topgetestet.de\/?product=gabor-damen-high-top-sneaker-frauen-sneaker-high-2"},"modified":"2022-10-15T12:52:00","modified_gmt":"2022-10-15T12:52:00","slug":"gabor-damen-high-top-sneaker-frauen-sneaker-high-2","status":"publish","type":"product","link":"https:\/\/topgetestet.de\/?product=gabor-damen-high-top-sneaker-frauen-sneaker-high-2","title":{"rendered":"Gabor Damen High-Top Sneaker, Frauen Sneaker high"},"content":{"rendered":"<p>Price: <span style=\"color:#b12704\">[price_with_discount]<\/span><br \/><i><small>(as of [price_update_date] &#8211; <span class=\"wp_automatic_amazon_disclaimer\" title=\"Product prices and availability are accurate as of the date\/time indicated and are subject to change. Any price and availability information displayed on [relevant Amazon Site(s), as applicable] at the time of purchase will apply to the purchase of this product.\">Details<\/span>)<\/small><\/i><\/p>\n<p><a href=\"https:\/\/amazon.de\/dp\/B09BBKD2PH?tag=topgetestet09-21\"><img decoding=\"async\" src=\"https:\/\/i.imgur.com\/ISRHEWs.png\"><\/a><br \/>\n[ad_1]<\/p>\n<p>       Produktinformation <\/p>\n<p>          <img decoding=\"async\" alt=\"logo-gabor-blanko\" src=\"https:\/\/images-na.ssl-images-amazon.com\/images\/G\/01\/x-locale\/common\/grey-pixel.gif\" class=\"a-spacing-base a-lazy-loaded\" data-src=\"https:\/\/m.media-amazon.com\/images\/S\/aplus-media-library-service-media\/8d9bca98-73b4-404d-aede-48bee21b266c.__CR0,64,970,600_PT0_SX970_V1___.jpg\"><\/p>\n<p>           <img decoding=\"async\" alt=\"logo-gabor-blanko\" src=\"https:\/\/m.media-amazon.com\/images\/S\/aplus-media-library-service-media\/8d9bca98-73b4-404d-aede-48bee21b266c.__CR0,64,970,600_PT0_SX970_V1___.jpg\"><\/p>\n<p class=\"a-spacing-base\"> Die Firma Gabor ist bekannt f\u00fcr die Produktion besonders hochwertiger Schuhe und z\u00e4hlt heute zu den gr\u00f6\u00dften Schuhherstellern in ganz Europa. Das Familien-Unternehmen kann dabei auf den Erfahrungsschatz seiner \u00fcber 100j\u00e4hrigen Firmengeschichte zur\u00fcckgreifen und setzt auch hinsichtlich technischer Innovationen und modischer Aspekte stets neue Ma\u00dfst\u00e4be. <\/p>\n<p class=\"a-spacing-base\"> Die Verantwortung gegen\u00fcber Mensch und Umwelt ist seit jeher ein zentraler Punkt in der Firmenphilosophie der Traditionsmarke und spiegelt sich in hohen sozialen Standards und einer nachhaltigen Verwendung von Ressourcen wider. <\/p>\n<p class=\"a-spacing-base\"> Gabor ist gelebte Begeisterung f\u00fcr Schuhe! <\/p>\n<p>               <img decoding=\"async\" alt=\"7375406_R23\" src=\"https:\/\/images-na.ssl-images-amazon.com\/images\/G\/01\/x-locale\/common\/grey-pixel.gif\" class=\"a-spacing-mini a-lazy-loaded\" data-src=\"https:\/\/m.media-amazon.com\/images\/S\/aplus-media-library-service-media\/775019dd-cd1d-463c-8947-e74933be580c.__CR0,920,1840,1840_PT0_SX300_V1___.jpg\"><\/p>\n<p>                <img decoding=\"async\" alt=\"7375406_R23\" src=\"https:\/\/m.media-amazon.com\/images\/S\/aplus-media-library-service-media\/775019dd-cd1d-463c-8947-e74933be580c.__CR0,920,1840,1840_PT0_SX300_V1___.jpg\"><\/p>\n<h3 class=\"a-spacing-mini\"> Damen Schn\u00fcrstiefeletten <\/h3>\n<p class=\"a-spacing-base\">\n<p>                Praktischer Rei\u00dfverschluss in Trendfarbe Gold<br \/>\n                Hell abgesetzte Plateausohle f\u00fcr einen sporlichen Look<\/p>\n<p>               <img decoding=\"async\" alt=\"7375406_R13\" src=\"https:\/\/images-na.ssl-images-amazon.com\/images\/G\/01\/x-locale\/common\/grey-pixel.gif\" class=\"a-spacing-mini a-lazy-loaded\" data-src=\"https:\/\/m.media-amazon.com\/images\/S\/aplus-media-library-service-media\/fe07a544-516e-4e94-b647-74ab5472a7ad.__CR14,0,1971,1971_PT0_SX300_V1___.jpg\"><\/p>\n<p>                <img decoding=\"async\" alt=\"7375406_R13\" src=\"https:\/\/m.media-amazon.com\/images\/S\/aplus-media-library-service-media\/fe07a544-516e-4e94-b647-74ab5472a7ad.__CR14,0,1971,1971_PT0_SX300_V1___.jpg\"><\/p>\n<h3 class=\"a-spacing-mini\"> Materialien <\/h3>\n<p class=\"a-spacing-base\">\n<p>                Obermaterial: Fettleder<br \/>\n                Innenmaterial: Melange (angerauht)<br \/>\n                Laufsohle: TPU-Sohle<br \/>\n                Decksohle: herausnehmbare Einlegesohle, Wechselfu\u00dfbett<\/p>\n<p>               <img decoding=\"async\" alt=\"7375406_R19\" src=\"https:\/\/images-na.ssl-images-amazon.com\/images\/G\/01\/x-locale\/common\/grey-pixel.gif\" class=\"a-spacing-mini a-lazy-loaded\" data-src=\"https:\/\/m.media-amazon.com\/images\/S\/aplus-media-library-service-media\/e052f8b6-1b6a-4b3b-8687-4585ca9b07a2.__CR14,0,1971,1971_PT0_SX300_V1___.jpg\"><\/p>\n<p>                <img decoding=\"async\" alt=\"7375406_R19\" src=\"https:\/\/m.media-amazon.com\/images\/S\/aplus-media-library-service-media\/e052f8b6-1b6a-4b3b-8687-4585ca9b07a2.__CR14,0,1971,1971_PT0_SX300_V1___.jpg\"><\/p>\n<h3 class=\"a-spacing-mini\"> Weitere Produktinformationen <\/h3>\n<p class=\"a-spacing-base\">\n<p>                Absatzh\u00f6he: 2.5 cm<br \/>\n                Normale Weite (F)<br \/>\n                Verschluss: Rei\u00dfverschluss<br \/>\n                Schuhspitze: rund<\/p>\n<p>               <img decoding=\"async\" alt=\"7375406_R07\" src=\"https:\/\/images-na.ssl-images-amazon.com\/images\/G\/01\/x-locale\/common\/grey-pixel.gif\" class=\"a-spacing-mini a-lazy-loaded\" data-src=\"https:\/\/m.media-amazon.com\/images\/S\/aplus-media-library-service-media\/3631277f-c74c-4900-8f07-3377846953dc.__CR14,0,1971,1971_PT0_SX300_V1___.jpg\"><\/p>\n<p>                <img decoding=\"async\" alt=\"7375406_R07\" src=\"https:\/\/m.media-amazon.com\/images\/S\/aplus-media-library-service-media\/3631277f-c74c-4900-8f07-3377846953dc.__CR14,0,1971,1971_PT0_SX300_V1___.jpg\"><\/p>\n<h3 class=\"a-spacing-mini\"> Funktionen <\/h3>\n<p class=\"a-spacing-base\">\n<p>                Rei\u00dfverschluss<br \/>\n                OPTIFIT- Wechselfu\u00dfbett<\/p>\n<p>               <img decoding=\"async\" alt=\"7375406_R23\" src=\"https:\/\/images-na.ssl-images-amazon.com\/images\/G\/01\/x-locale\/common\/grey-pixel.gif\" class=\"a-lazy-loaded\" data-src=\"https:\/\/m.media-amazon.com\/images\/S\/aplus-media-library-service-media\/775019dd-cd1d-463c-8947-e74933be580c.__CR0,920,1840,1840_PT0_SX300_V1___.jpg\"><\/p>\n<p>                <img decoding=\"async\" alt=\"7375406_R23\" src=\"https:\/\/m.media-amazon.com\/images\/S\/aplus-media-library-service-media\/775019dd-cd1d-463c-8947-e74933be580c.__CR0,920,1840,1840_PT0_SX300_V1___.jpg\"><\/p>\n<p>               <img decoding=\"async\" alt=\"7375406_R13\" src=\"https:\/\/images-na.ssl-images-amazon.com\/images\/G\/01\/x-locale\/common\/grey-pixel.gif\" class=\"a-lazy-loaded\" data-src=\"https:\/\/m.media-amazon.com\/images\/S\/aplus-media-library-service-media\/fe07a544-516e-4e94-b647-74ab5472a7ad.__CR14,0,1971,1971_PT0_SX300_V1___.jpg\"><\/p>\n<p>                <img decoding=\"async\" alt=\"7375406_R13\" src=\"https:\/\/m.media-amazon.com\/images\/S\/aplus-media-library-service-media\/fe07a544-516e-4e94-b647-74ab5472a7ad.__CR14,0,1971,1971_PT0_SX300_V1___.jpg\"><\/p>\n<p>               <img decoding=\"async\" alt=\"7375406_R19\" src=\"https:\/\/images-na.ssl-images-amazon.com\/images\/G\/01\/x-locale\/common\/grey-pixel.gif\" class=\"a-lazy-loaded\" data-src=\"https:\/\/m.media-amazon.com\/images\/S\/aplus-media-library-service-media\/e052f8b6-1b6a-4b3b-8687-4585ca9b07a2.__CR14,0,1971,1971_PT0_SX300_V1___.jpg\"><\/p>\n<p>                <img decoding=\"async\" alt=\"7375406_R19\" src=\"https:\/\/m.media-amazon.com\/images\/S\/aplus-media-library-service-media\/e052f8b6-1b6a-4b3b-8687-4585ca9b07a2.__CR14,0,1971,1971_PT0_SX300_V1___.jpg\"><\/p>\n<p>               <img decoding=\"async\" alt=\"7375406_R07\" src=\"https:\/\/images-na.ssl-images-amazon.com\/images\/G\/01\/x-locale\/common\/grey-pixel.gif\" class=\"a-lazy-loaded\" data-src=\"https:\/\/m.media-amazon.com\/images\/S\/aplus-media-library-service-media\/3631277f-c74c-4900-8f07-3377846953dc.__CR14,0,1971,1971_PT0_SX300_V1___.jpg\"><\/p>\n<p>                <img decoding=\"async\" alt=\"7375406_R07\" src=\"https:\/\/m.media-amazon.com\/images\/S\/aplus-media-library-service-media\/3631277f-c74c-4900-8f07-3377846953dc.__CR14,0,1971,1971_PT0_SX300_V1___.jpg\"><\/p>\n<p> Hier die Funktionen im Detail: <\/p>\n<p>              <img decoding=\"async\" alt=\"OPTIFIT - Wechselfu\u00dfbett\" src=\"https:\/\/images-na.ssl-images-amazon.com\/images\/G\/01\/x-locale\/common\/grey-pixel.gif\" class=\"a-lazy-loaded\" data-src=\"https:\/\/m.media-amazon.com\/images\/S\/aplus-media-library-service-media\/42046e40-ec0a-4951-97ca-0b34c0d0f21d.__CR0,0,300,300_PT0_SX300_V1___.jpg\"><\/p>\n<p>               <img decoding=\"async\" alt=\"OPTIFIT - Wechselfu\u00dfbett\" src=\"https:\/\/m.media-amazon.com\/images\/S\/aplus-media-library-service-media\/42046e40-ec0a-4951-97ca-0b34c0d0f21d.__CR0,0,300,300_PT0_SX300_V1___.jpg\"><\/p>\n<h3 class=\"a-spacing-mini\"> Optifit <\/h3>\n<p> Wechselfu\u00dfbett <\/p>\n<\/p>\n<p>               Hygienisch durch einfaches Entnehmen der Sohle<br \/>\n               Ohne Fu\u00dfbett mehr Volumen im gesamten Schuh<br \/>\n               Ideal geeignet f\u00fcr das eigene individuelle Fu\u00dfbett<br \/>\n               Komfortabel dank zus\u00e4tzlicher D\u00e4mpfung<\/p>\n<p>              <img decoding=\"async\" alt=\"Rei\u00dfverschluss\" src=\"https:\/\/images-na.ssl-images-amazon.com\/images\/G\/01\/x-locale\/common\/grey-pixel.gif\" class=\"a-lazy-loaded\" data-src=\"https:\/\/m.media-amazon.com\/images\/S\/aplus-media-library-service-media\/d0ed428b-05d1-412c-a3f2-4e20022d32ed.__CR0,0,300,300_PT0_SX300_V1___.jpg\"><\/p>\n<p>               <img decoding=\"async\" alt=\"Rei\u00dfverschluss\" src=\"https:\/\/m.media-amazon.com\/images\/S\/aplus-media-library-service-media\/d0ed428b-05d1-412c-a3f2-4e20022d32ed.__CR0,0,300,300_PT0_SX300_V1___.jpg\"><\/p>\n<h3 class=\"a-spacing-mini\"> Rei\u00dfverschluss <\/h3>\n<p> Praktischer Funktionsrei\u00dfverschluss f\u00fcr einen einfachen Einstieg. <\/p>\n<h3 class=\"a-spacing-mini\"> Gr\u00f6\u00dfenumrechnung <\/h3>\n<p>          <img decoding=\"async\" alt=\"Gr\u00f6\u00dfentabelle\" src=\"https:\/\/images-na.ssl-images-amazon.com\/images\/G\/01\/x-locale\/common\/grey-pixel.gif\" class=\"a-spacing-base a-lazy-loaded\" data-src=\"https:\/\/m.media-amazon.com\/images\/S\/aplus-media\/sc\/f8db3f2c-d666-4e79-a526-152761bd4790.__CR0,26,970,600_PT0_SX970_V1___.jpg\"><\/p>\n<p>           <img decoding=\"async\" alt=\"Gr\u00f6\u00dfentabelle\" src=\"https:\/\/m.media-amazon.com\/images\/S\/aplus-media\/sc\/f8db3f2c-d666-4e79-a526-152761bd4790.__CR0,26,970,600_PT0_SX970_V1___.jpg\"><\/p>\n<h3 class=\"a-spacing-mini\"> Mehr Schuhe von Gabor: <\/h3>\n<p>                 OBERMATERIAL<br \/>\n                 Glattleder<br \/>\n                 Glattleder<br \/>\n                 Rauleder<br \/>\n                 Rauleder   <\/p>\n<p>                 INNENMATERIAL<br \/>\n                 Microfutter<br \/>\n                 Microfutter<br \/>\n                 Nickifutter<br \/>\n                 Flauschfutter   <\/p>\n<p>                 DECKSOHLE<br \/>\n                 Microfutter<br \/>\n                 Einlegesohle<br \/>\n                 Microfutter<br \/>\n                 Einlegesohle   <\/p>\n<p>                 WEITE<br \/>\n                 Normale Weite (F)<br \/>\n                 Normale Weite (F)<br \/>\n                 Normale Weite (F)<br \/>\n                 Normale Weite   <\/p>\n<p>                 ABSATZH\u00d6HE<br \/>\n                 4.5 cm<br \/>\n                 4.5 cm<br \/>\n                 3.5 cm<br \/>\n                 3.5 cm   <\/p>\n<p>                 F\u00dcTTERUNG<br \/>\n                 Ungef\u00fcttert<br \/>\n                 Ungef\u00fcttert<br \/>\n                 Warm gef\u00fcttert<br \/>\n                 Warm gef\u00fcttert   <\/p>\n<p>                 FUNKTION 1<br \/>\n                 BEST FITTING &#8211; Freiraum f\u00fcr Ihren Fu\u00df<br \/>\n                 BEST FITTING &#8211; Freiraum f\u00fcr Ihren Fu\u00df<br \/>\n                 BEST FITTING &#8211; Freiraum f\u00fcr Ihren Fu\u00df<br \/>\n                 &#8211;   <\/p>\n<p>                 FUNKTION 2<br \/>\n                 Wohlf\u00fchlfaktor Wechselfu\u00dfbett<br \/>\n                 Wohlf\u00fchlfaktor Wechselfu\u00dfbett<br \/>\n                 Wohlf\u00fchlfaktor Wechselfu\u00dfbett<br \/>\n                 Wohlf\u00fchlfaktor Wechselfu\u00dfbett   <\/p>\n<p>                 FUNKTION3<br \/>\n                 Rei\u00dfverschluss<br \/>\n                 Rei\u00dfverschluss<br \/>\n                 Rei\u00dfverschluss<br \/>\n                 Rei\u00dfverschluss   <\/p>\n<p> Verpackungsabmessungen \u200f : \u200e  30 x 20 x 12 cm; 1 Kilogramm <br \/> Im Angebot von Amazon.de seit \u200f : \u200e  28. Juli 2021 <br \/> ASIN \u200f : \u200e  B097HM3DWS <br \/> Modellnummer \u200f : \u200e  73.754 <br \/> Kategorie \u200f : \u200e  Damen <\/p>\n<p>Innenmaterial: Textil<br \/>Sohle: Polyurethan<br \/>Verschluss: Rei\u00dfverschluss<br \/>Absatzh\u00f6he: 2 cm<br \/>Absatzform: Flach<br \/>Schuhweite: Normal<br \/>Nicht wasserfest<br \/>\n<br \/>[ad_2]<\/p>\n","protected":false},"excerpt":{"rendered":"<p>Price: [price_with_discount](as of [price_update_date] &#8211; Details) [ad_1] Produktinformation Die Firma Gabor ist bekannt f\u00fcr die Produktion besonders hochwertiger Schuhe und z\u00e4hlt heute zu den gr\u00f6\u00dften Schuhherstellern in ganz Europa. Das<\/p>\n","protected":false},"featured_media":69010,"comment_status":"open","ping_status":"closed","template":"","meta":[],"product_cat":[230],"product_tag":[266],"class_list":{"0":"post-69009","1":"product","2":"type-product","3":"status-publish","4":"has-post-thumbnail","6":"product_cat-fashion","7":"product_tag-womens-fashion-sneakers","9":"first","10":"instock","11":"shipping-taxable","12":"product-type-external"},"aioseo_notices":[],"_links":{"self":[{"href":"https:\/\/topgetestet.de\/index.php?rest_route=\/wp\/v2\/product\/69009","targetHints":{"allow":["GET"]}}],"collection":[{"href":"https:\/\/topgetestet.de\/index.php?rest_route=\/wp\/v2\/product"}],"about":[{"href":"https:\/\/topgetestet.de\/index.php?rest_route=\/wp\/v2\/types\/product"}],"replies":[{"embeddable":true,"href":"https:\/\/topgetestet.de\/index.php?rest_route=%2Fwp%2Fv2%2Fcomments&post=69009"}],"wp:featuredmedia":[{"embeddable":true,"href":"https:\/\/topgetestet.de\/index.php?rest_route=\/wp\/v2\/media\/69010"}],"wp:attachment":[{"href":"https:\/\/topgetestet.de\/index.php?rest_route=%2Fwp%2Fv2%2Fmedia&parent=69009"}],"wp:term":[{"taxonomy":"product_cat","embeddable":true,"href":"https:\/\/topgetestet.de\/index.php?rest_route=%2Fwp%2Fv2%2Fproduct_cat&post=69009"},{"taxonomy":"product_tag","embeddable":true,"href":"https:\/\/topgetestet.de\/index.php?rest_route=%2Fwp%2Fv2%2Fproduct_tag&post=69009"}],"curies":[{"name":"wp","href":"https:\/\/api.w.org\/{rel}","templated":true}]}}