{"id":6845,"date":"2022-09-02T16:36:46","date_gmt":"2022-09-02T16:36:46","guid":{"rendered":"https:\/\/topgetestet.de\/?product=playstation-4-dualshock-4-wireless-controller-schwarz"},"modified":"2022-09-02T16:36:46","modified_gmt":"2022-09-02T16:36:46","slug":"playstation-4-dualshock-4-wireless-controller-schwarz","status":"publish","type":"product","link":"https:\/\/topgetestet.de\/?product=playstation-4-dualshock-4-wireless-controller-schwarz","title":{"rendered":"PlayStation 4 &#8211; DualShock 4 Wireless Controller, Schwarz"},"content":{"rendered":"<p>Price: <span style=\"color:#b12704\">[price_with_discount]<\/span><br \/><i><small>(as of [price_update_date] &#8211; <span class=\"wp_automatic_amazon_disclaimer\" title=\"Product prices and availability are accurate as of the date\/time indicated and are subject to change. Any price and availability information displayed on [relevant Amazon Site(s), as applicable] at the time of purchase will apply to the purchase of this product.\">Details<\/span>)<\/small><\/i><\/p>\n<p><a href=\"https:\/\/amazon.de\/dp\/B01GVQUX3U?tag=topgetestet09-21\"><img decoding=\"async\" src=\"https:\/\/i.imgur.com\/ISRHEWs.png\"><\/a><br \/>\n[ad_1]<br \/>\n <span>Ger\u00e4tetyp: Gamepad, Unterst\u00fctzte Gamingplattformen: PlayStation 4, Gaming-Kontrolltechnologie: Analog \/ Digital. \u00dcbertragungstechnik: Verkabelt\/Kabellos, Ger\u00e4teschnittstelle: Bluetooth, Bluetooth-Version: 2.1+EDR. Batteriekapazit\u00e4t: 1000 mAh. Gewicht: 210Eingabeger\u00e4t Ger\u00e4tetyp : Gamepad Reflex Vibration : Ja Analoge Daumensticks : Ja LED-Hintergrundbeleuchtung : Ja Integriertes Touchpad : Ja Controller Funktionstasten : D-pad, Haus, Share Schulterkn\u00f6pfe : Ja<\/span> <br \/> Auslaufartikel (Produktion durch Hersteller eingestellt) \u200f : \u200e  Nein <br \/> Batterien \u200f : \u200e  1 Lithium-Polymer Batterien erforderlich (enthalten). <br \/> Alterseinstufung \u200f : \u200e  Nicht gepr\u00fcft <br \/> Sprache \u200f : \u200e  Deutsch <br \/> Handbuch \u200f : \u200e  Deutsch <br \/> Produktabmessungen \u200f : \u200e  19 x 13.5 x 3 cm; 210 Gramm <br \/> Erscheinungstermin \u200f : \u200e  7. September 2017 <br \/> Untertitel: \u200f : \u200e  Deutsch <br \/> ASIN \u200f : \u200e  B01GVQUX3U <br \/> Modellnummer \u200f : \u200e  CUH-ZCT2EX\/E <br \/> Herkunftsland \u200f : \u200e  Deutschland <\/p>\n<p>Die Dual-Analogsticks wurden verbessert und bieten eine gr\u00f6\u00dfere Pr\u00e4zision, ein besseres Material auf den Oberfl\u00e4chen sowie eine verbesserte Form, um eine noch genauere Steuerung zu erm\u00f6glichen.<br \/>Die L2\/R2-Tasten oben auf dem Controller wurden abgerundet und sind jetzt einfacher und fl\u00fcssiger zu bedienen.<br \/>Eine neue \u201cOptions\u201d-Taste kombiniert die Funktionen der \u201cSelect\u201d- und \u201cStart\u201d-Tasten auf dem DualShock 4 zur Steuerung der Ingame-Men\u00fcs.<br \/>\n<br \/>[ad_2]<\/p>\n","protected":false},"excerpt":{"rendered":"<p>Price: [price_with_discount](as of [price_update_date] &#8211; Details) [ad_1] Ger\u00e4tetyp: Gamepad, Unterst\u00fctzte Gamingplattformen: PlayStation 4, Gaming-Kontrolltechnologie: Analog \/ Digital. \u00dcbertragungstechnik: Verkabelt\/Kabellos, Ger\u00e4teschnittstelle: Bluetooth, Bluetooth-Version: 2.1+EDR. Batteriekapazit\u00e4t: 1000 mAh. Gewicht: 210Eingabeger\u00e4t Ger\u00e4tetyp :<\/p>\n","protected":false},"featured_media":6846,"comment_status":"open","ping_status":"closed","template":"","meta":[],"product_cat":[227],"product_tag":[264],"class_list":{"0":"post-6845","1":"product","2":"type-product","3":"status-publish","4":"has-post-thumbnail","6":"product_cat-gaming","7":"product_tag-playstation-4-accessories","9":"first","10":"instock","11":"sale","12":"shipping-taxable","13":"product-type-external"},"aioseo_notices":[],"_links":{"self":[{"href":"https:\/\/topgetestet.de\/index.php?rest_route=\/wp\/v2\/product\/6845","targetHints":{"allow":["GET"]}}],"collection":[{"href":"https:\/\/topgetestet.de\/index.php?rest_route=\/wp\/v2\/product"}],"about":[{"href":"https:\/\/topgetestet.de\/index.php?rest_route=\/wp\/v2\/types\/product"}],"replies":[{"embeddable":true,"href":"https:\/\/topgetestet.de\/index.php?rest_route=%2Fwp%2Fv2%2Fcomments&post=6845"}],"wp:featuredmedia":[{"embeddable":true,"href":"https:\/\/topgetestet.de\/index.php?rest_route=\/wp\/v2\/media\/6846"}],"wp:attachment":[{"href":"https:\/\/topgetestet.de\/index.php?rest_route=%2Fwp%2Fv2%2Fmedia&parent=6845"}],"wp:term":[{"taxonomy":"product_cat","embeddable":true,"href":"https:\/\/topgetestet.de\/index.php?rest_route=%2Fwp%2Fv2%2Fproduct_cat&post=6845"},{"taxonomy":"product_tag","embeddable":true,"href":"https:\/\/topgetestet.de\/index.php?rest_route=%2Fwp%2Fv2%2Fproduct_tag&post=6845"}],"curies":[{"name":"wp","href":"https:\/\/api.w.org\/{rel}","templated":true}]}}