{"id":68397,"date":"2022-10-15T10:14:48","date_gmt":"2022-10-15T10:14:48","guid":{"rendered":"https:\/\/topgetestet.de\/?product=kindle-zertifiziert-und-generaluberholt-schwarz-mit-integriertem-frontlicht"},"modified":"2022-10-15T10:14:48","modified_gmt":"2022-10-15T10:14:48","slug":"kindle-zertifiziert-und-generaluberholt-schwarz-mit-integriertem-frontlicht","status":"publish","type":"product","link":"https:\/\/topgetestet.de\/?product=kindle-zertifiziert-und-generaluberholt-schwarz-mit-integriertem-frontlicht","title":{"rendered":"Kindle, Zertifiziert und general\u00fcberholt, Schwarz \u2013 mit integriertem Frontlicht"},"content":{"rendered":"<p>Price: <span style=\"color:#b12704\">[price_with_discount]<\/span><br \/><i><small>(as of [price_update_date] &#8211; <span class=\"wp_automatic_amazon_disclaimer\" title=\"Product prices and availability are accurate as of the date\/time indicated and are subject to change. Any price and availability information displayed on [relevant Amazon Site(s), as applicable] at the time of purchase will apply to the purchase of this product.\">Details<\/span>)<\/small><\/i><\/p>\n<p><a href=\"https:\/\/amazon.de\/dp\/B07HSDTR23?tag=topgetestet09-21\"><img decoding=\"async\" src=\"https:\/\/i.imgur.com\/ISRHEWs.png\"><\/a><br \/>\n[ad_1]<br \/>\n<br \/>Eigens f\u00fcr das Lesen entwickelt, mit einem 167-ppi-Display ohne Spiegeleffekte. Lesen wie auf bedrucktem Papier, sogar in hellem Sonnenlicht.<br \/>Lesen ohne Ablenkung. Heben Sie Textstellen hervor, schlagen Sie Definitionen nach, \u00fcbersetzen Sie W\u00f6rter und passen Sie die Schriftgr\u00f6\u00dfe an \u2013 alles direkt von der Seite aus, die Sie gerade lesen.<br \/>W\u00e4hlen Sie aus Millionen von B\u00fcchern, Zeitungen sowie H\u00f6rb\u00fcchern aus. Auf dem Ger\u00e4t k\u00f6nnen Sie Tausende von Titeln abspeichern, damit Sie Ihre Bibliothek immer bei sich haben.<br \/>Prime-Mitglieder lesen kostenlos und erhalten Zugriff auf eine wechselnde Auswahl mit Hunderten B\u00fcchern.<br \/>Eine einzige Akkuladung h\u00e4lt Wochen, nicht Stunden.<br \/>Genie\u00dfen Sie mehr B\u00fccher mit Audible. Verbinden Sie Ihren Kindle mit Bluetooth-Kopfh\u00f6rern oder -Lautsprechern und wechseln Sie nahtlos zwischen Lesen und H\u00f6ren.<br \/>\n<br \/>[ad_2]<\/p>\n","protected":false},"excerpt":{"rendered":"<p>Price: [price_with_discount](as of [price_update_date] &#8211; Details) [ad_1] Eigens f\u00fcr das Lesen entwickelt, mit einem 167-ppi-Display ohne Spiegeleffekte. Lesen wie auf bedrucktem Papier, sogar in hellem Sonnenlicht.Lesen ohne Ablenkung. Heben Sie<\/p>\n","protected":false},"featured_media":68398,"comment_status":"open","ping_status":"closed","template":"","meta":[],"product_cat":[225],"product_tag":[],"class_list":{"0":"post-68397","1":"product","2":"type-product","3":"status-publish","4":"has-post-thumbnail","6":"product_cat-electronics","8":"first","9":"instock","10":"shipping-taxable","11":"product-type-external"},"aioseo_notices":[],"_links":{"self":[{"href":"https:\/\/topgetestet.de\/index.php?rest_route=\/wp\/v2\/product\/68397","targetHints":{"allow":["GET"]}}],"collection":[{"href":"https:\/\/topgetestet.de\/index.php?rest_route=\/wp\/v2\/product"}],"about":[{"href":"https:\/\/topgetestet.de\/index.php?rest_route=\/wp\/v2\/types\/product"}],"replies":[{"embeddable":true,"href":"https:\/\/topgetestet.de\/index.php?rest_route=%2Fwp%2Fv2%2Fcomments&post=68397"}],"wp:featuredmedia":[{"embeddable":true,"href":"https:\/\/topgetestet.de\/index.php?rest_route=\/wp\/v2\/media\/68398"}],"wp:attachment":[{"href":"https:\/\/topgetestet.de\/index.php?rest_route=%2Fwp%2Fv2%2Fmedia&parent=68397"}],"wp:term":[{"taxonomy":"product_cat","embeddable":true,"href":"https:\/\/topgetestet.de\/index.php?rest_route=%2Fwp%2Fv2%2Fproduct_cat&post=68397"},{"taxonomy":"product_tag","embeddable":true,"href":"https:\/\/topgetestet.de\/index.php?rest_route=%2Fwp%2Fv2%2Fproduct_tag&post=68397"}],"curies":[{"name":"wp","href":"https:\/\/api.w.org\/{rel}","templated":true}]}}