{"id":68389,"date":"2022-10-15T10:13:17","date_gmt":"2022-10-15T10:13:17","guid":{"rendered":"https:\/\/topgetestet.de\/?product=gamer-heartbeat-video-game-gaming-steuerhebel-popsockets-mit-austauschbarem-popgrip"},"modified":"2022-10-15T10:13:17","modified_gmt":"2022-10-15T10:13:17","slug":"gamer-heartbeat-video-game-gaming-steuerhebel-popsockets-mit-austauschbarem-popgrip","status":"publish","type":"product","link":"https:\/\/topgetestet.de\/?product=gamer-heartbeat-video-game-gaming-steuerhebel-popsockets-mit-austauschbarem-popgrip","title":{"rendered":"Gamer Heartbeat Video Game Gaming Steuerhebel PopSockets mit austauschbarem PopGrip"},"content":{"rendered":"<p>Price: <span style=\"color:#b12704\">[price_with_discount]<\/span><br \/><i><small>(as of [price_update_date] &#8211; <span class=\"wp_automatic_amazon_disclaimer\" title=\"Product prices and availability are accurate as of the date\/time indicated and are subject to change. Any price and availability information displayed on [relevant Amazon Site(s), as applicable] at the time of purchase will apply to the purchase of this product.\">Details<\/span>)<\/small><\/i><\/p>\n<p><a href=\"https:\/\/amazon.de\/dp\/B08CTSHTK6?tag=topgetestet09-21\"><img decoding=\"async\" src=\"https:\/\/i.imgur.com\/ISRHEWs.png\"><\/a><br \/>\n[ad_1]<br \/>\n <span>Funny retro gaming gamer heartbeat video games game on lover, Joystick Pulse controller console or pc gaming gamer video game This Gamer Heartbeat Video Game Gaming item is designed by Gamer Heartbeat HiDearPrint.<\/span> <br \/> Verpackungsabmessungen \u200f : \u200e  10.92 x 8.64 x 0.76 cm; 13.61 Gramm <br \/> Im Angebot von Amazon.de seit \u200f : \u200e  12. Juli 2020 <br \/> Hersteller \u200f : \u200e  PopSockets <br \/> ASIN \u200f : \u200e  B08CTSHTK6 <br \/> Modellnummer \u200f : \u200e  260027 <\/p>\n<p>Funny retro gaming gamer heartbeat video games game on lover, Joystick<br \/>Pulse controller console or pc gaming gamer video game<br \/>PopGrip mit Austauschbarem Deckel; tauschen Sie ihr PopTop f\u00fcr ein anderes Design aus oder entfernen Sie es vollst\u00e4ndig um kabellose Ladefunktion zu erm\u00f6glichen. (Nicht kompatibel mit Apple MagSafe kabelloses Ladeger\u00e4t oder MagSafe Wallet).<br \/>Ausziehbarer Halter zum Videoschauen, Fotografieren von Gruppen und f\u00fcr Facetime oder Skype Videotelefonie.<br \/>Fortschrittlicher Klebstoff erm\u00f6glicht einfaches Entfernen und Wiederanbringen an einer anderen Position bei den meisten Handys und Handyh\u00fcllen.<br \/>Hinweis: Haftet nicht auf manchen Silikonen, wasserdichten oder grob strukturierten Oberfl\u00e4chen. Haftet optimal auf allen glatten Hartplastikfl\u00e4chen. Haftet auf iPhone11, aber haftet NICHT ohne geeignete H\u00fclle auf iPhone 11 Pro oder iPhone 11 Pro MAX.<br \/>\n<br \/>[ad_2]<\/p>\n","protected":false},"excerpt":{"rendered":"<p>Price: [price_with_discount](as of [price_update_date] &#8211; Details) [ad_1] Funny retro gaming gamer heartbeat video games game on lover, Joystick Pulse controller console or pc gaming gamer video game This Gamer Heartbeat<\/p>\n","protected":false},"featured_media":68390,"comment_status":"open","ping_status":"closed","template":"","meta":[],"product_cat":[227],"product_tag":[267],"class_list":{"0":"post-68389","1":"product","2":"type-product","3":"status-publish","4":"has-post-thumbnail","6":"product_cat-gaming","7":"product_tag-video-games","9":"first","10":"instock","11":"shipping-taxable","12":"product-type-external"},"aioseo_notices":[],"_links":{"self":[{"href":"https:\/\/topgetestet.de\/index.php?rest_route=\/wp\/v2\/product\/68389","targetHints":{"allow":["GET"]}}],"collection":[{"href":"https:\/\/topgetestet.de\/index.php?rest_route=\/wp\/v2\/product"}],"about":[{"href":"https:\/\/topgetestet.de\/index.php?rest_route=\/wp\/v2\/types\/product"}],"replies":[{"embeddable":true,"href":"https:\/\/topgetestet.de\/index.php?rest_route=%2Fwp%2Fv2%2Fcomments&post=68389"}],"wp:featuredmedia":[{"embeddable":true,"href":"https:\/\/topgetestet.de\/index.php?rest_route=\/wp\/v2\/media\/68390"}],"wp:attachment":[{"href":"https:\/\/topgetestet.de\/index.php?rest_route=%2Fwp%2Fv2%2Fmedia&parent=68389"}],"wp:term":[{"taxonomy":"product_cat","embeddable":true,"href":"https:\/\/topgetestet.de\/index.php?rest_route=%2Fwp%2Fv2%2Fproduct_cat&post=68389"},{"taxonomy":"product_tag","embeddable":true,"href":"https:\/\/topgetestet.de\/index.php?rest_route=%2Fwp%2Fv2%2Fproduct_tag&post=68389"}],"curies":[{"name":"wp","href":"https:\/\/api.w.org\/{rel}","templated":true}]}}