{"id":68174,"date":"2022-10-15T09:19:38","date_gmt":"2022-10-15T09:19:38","guid":{"rendered":"https:\/\/topgetestet.de\/?product=fire-tv-stick-4k-mit-alexa-sprachfernbedienung-mit-tv-steuerungstasten"},"modified":"2022-10-15T09:19:38","modified_gmt":"2022-10-15T09:19:38","slug":"fire-tv-stick-4k-mit-alexa-sprachfernbedienung-mit-tv-steuerungstasten","status":"publish","type":"product","link":"https:\/\/topgetestet.de\/?product=fire-tv-stick-4k-mit-alexa-sprachfernbedienung-mit-tv-steuerungstasten","title":{"rendered":"Fire TV Stick 4K mit Alexa-Sprachfernbedienung (mit TV-Steuerungstasten)"},"content":{"rendered":"<p>Price: <span style=\"color:#b12704\">[price_with_discount]<\/span><br \/><i><small>(as of [price_update_date] &#8211; <span class=\"wp_automatic_amazon_disclaimer\" title=\"Product prices and availability are accurate as of the date\/time indicated and are subject to change. Any price and availability information displayed on [relevant Amazon Site(s), as applicable] at the time of purchase will apply to the purchase of this product.\">Details<\/span>)<\/small><\/i><\/p>\n<p><a href=\"https:\/\/amazon.de\/dp\/B08XW4FDJV?tag=topgetestet09-21\"><img decoding=\"async\" src=\"https:\/\/i.imgur.com\/ISRHEWs.png\"><\/a><br \/>\n[ad_1]<br \/>\n<br \/>Heimkinoklang mit Dolby Atmos \u2013 F\u00fcr ausgew\u00e4hlte Titel sorgt die Unterst\u00fctzung von immersivem Dolby Atmos-Audio mit kompatiblen Heim-Audiosystemen f\u00fcr ein noch realit\u00e4tsgetreueres Fernseherlebnis.<br \/>Grenzenlose Unterhaltung \u2013 Sie k\u00f6nnen \u00fcber Tausend Filme und Serienfolgen von Netflix, YouTube, Prime Video, WOW, Disney+ und vielen mehr streamen und haben Zugriff auf Millionen von Songs. Abonnementgeb\u00fchren k\u00f6nnen anfallen.<br \/>Live-TV und Free-TV \u2013 Sehen Sie Live-Fernsehen, Nachrichten und Sport mit Abonnements von ARD, ZDF, DAZN und mehr. Nutzen Sie kostenloses Streaming mit ARD, ZDF, Pluto TV, YouTube und mehr.<br \/>Alexa-Sprachfernbedienung \u2013 Suchen, starten und steuern Sie Inhalte mit Ihrer Stimme. Mit den voreingestellten Tasten rufen Sie schnell Ihre bevorzugten Apps auf. Mit nur einer Fernbedienung schalten Sie Ihre Ger\u00e4te an und aus und stellen die Lautst\u00e4rke ein.<br \/>Steuern Sie Ihr kompatibles Smart Home \u2013 Fragen Sie Alexa nach dem Wetter oder bitten Sie sie, das Licht zu dimmen, Live-Bilder von unterst\u00fctzten Kameras anzuzeigen, Musik zu streamen und mehr.<br \/>Einfache und intuitive Verwendung \u2013 Schneller Zugriff auf Ihre Lieblings-Apps, Live-TV sowie die Dinge, die Sie am meisten nutzen, ganz einfach \u00fcber das Hauptmen\u00fc.<br \/>Einfach einzurichten und klein genug, um unauff\u00e4llig platziert zu werden \u2013 Einfach auf der R\u00fcckseite des Fernsehers anschlie\u00dfen, Fernsehger\u00e4t einschalten, mit dem Internet verbinden und los geht\u2018s.<br \/>\n<br \/>[ad_2]<\/p>\n","protected":false},"excerpt":{"rendered":"<p>Price: [price_with_discount](as of [price_update_date] &#8211; Details) [ad_1] Heimkinoklang mit Dolby Atmos \u2013 F\u00fcr ausgew\u00e4hlte Titel sorgt die Unterst\u00fctzung von immersivem Dolby Atmos-Audio mit kompatiblen Heim-Audiosystemen f\u00fcr ein noch realit\u00e4tsgetreueres Fernseherlebnis.Grenzenlose<\/p>\n","protected":false},"featured_media":68175,"comment_status":"open","ping_status":"closed","template":"","meta":[],"product_cat":[225],"product_tag":[],"class_list":{"0":"post-68174","1":"product","2":"type-product","3":"status-publish","4":"has-post-thumbnail","6":"product_cat-electronics","8":"first","9":"instock","10":"shipping-taxable","11":"product-type-external"},"aioseo_notices":[],"_links":{"self":[{"href":"https:\/\/topgetestet.de\/index.php?rest_route=\/wp\/v2\/product\/68174","targetHints":{"allow":["GET"]}}],"collection":[{"href":"https:\/\/topgetestet.de\/index.php?rest_route=\/wp\/v2\/product"}],"about":[{"href":"https:\/\/topgetestet.de\/index.php?rest_route=\/wp\/v2\/types\/product"}],"replies":[{"embeddable":true,"href":"https:\/\/topgetestet.de\/index.php?rest_route=%2Fwp%2Fv2%2Fcomments&post=68174"}],"wp:featuredmedia":[{"embeddable":true,"href":"https:\/\/topgetestet.de\/index.php?rest_route=\/wp\/v2\/media\/68175"}],"wp:attachment":[{"href":"https:\/\/topgetestet.de\/index.php?rest_route=%2Fwp%2Fv2%2Fmedia&parent=68174"}],"wp:term":[{"taxonomy":"product_cat","embeddable":true,"href":"https:\/\/topgetestet.de\/index.php?rest_route=%2Fwp%2Fv2%2Fproduct_cat&post=68174"},{"taxonomy":"product_tag","embeddable":true,"href":"https:\/\/topgetestet.de\/index.php?rest_route=%2Fwp%2Fv2%2Fproduct_tag&post=68174"}],"curies":[{"name":"wp","href":"https:\/\/api.w.org\/{rel}","templated":true}]}}