{"id":68129,"date":"2022-10-15T09:06:55","date_gmt":"2022-10-15T09:06:55","guid":{"rendered":"https:\/\/topgetestet.de\/?product=nike-damen-wmns-free-rn-50-2021-laufschuh-2"},"modified":"2022-10-15T09:06:55","modified_gmt":"2022-10-15T09:06:55","slug":"nike-damen-wmns-free-rn-50-2021-laufschuh-2","status":"publish","type":"product","link":"https:\/\/topgetestet.de\/?product=nike-damen-wmns-free-rn-50-2021-laufschuh-2","title":{"rendered":"Nike Damen WMNS Free Rn 5,0 2021 Laufschuh"},"content":{"rendered":"<p>Price: <span style=\"color:#b12704\">[price_with_discount]<\/span><br \/><i><small>(as of [price_update_date] &#8211; <span class=\"wp_automatic_amazon_disclaimer\" title=\"Product prices and availability are accurate as of the date\/time indicated and are subject to change. Any price and availability information displayed on [relevant Amazon Site(s), as applicable] at the time of purchase will apply to the purchase of this product.\">Details<\/span>)<\/small><\/i><\/p>\n<p><a href=\"https:\/\/amazon.de\/dp\/B098PD59RM?tag=topgetestet09-21\"><img decoding=\"async\" src=\"https:\/\/i.imgur.com\/ISRHEWs.png\"><\/a><br \/>\n[ad_1]<br \/>\n <span>Ideal f\u00fcr Kurzaufnahmen kehrt der Nike Free Run 5.0 2021 zu seinen Wurzeln wie ein Laufschuh zur\u00fcck. Das minimalistische Mesh-Obermaterial reduziert sich auf eine Schicht und nutzt mehr Elastizit\u00e4t, um das Gef\u00fchl einer zweiten Haut zu vermitteln. Reduziertes Gewicht und Schaum in der Zwischensohle f\u00fcr die Vorbereitung auf den Lauf.<\/span> <br \/> Verpackungsabmessungen \u200f : \u200e  33 x 21 x 11 cm; 1 Kilogramm <br \/> Im Angebot von Amazon.de seit \u200f : \u200e  5. Juli 2021 <br \/> Hersteller \u200f : \u200e  Nike <br \/> ASIN \u200f : \u200e  B098PD2Z91 <br \/> Modellnummer \u200f : \u200e  CZ1891-001 <br \/> Kategorie \u200f : \u200e  Damen <\/p>\n<p>Innenmaterial: Synthetik<br \/>Sohle: Gummi<br \/>Verschluss: Schn\u00fcrung<br \/>Absatzform: Kein Absatz<br \/>Materialzusammensetzung: Mesh<br \/>Schuhweite: Medium<br \/>Nicht wasserfest<br \/>\n<br \/>[ad_2]<\/p>\n","protected":false},"excerpt":{"rendered":"<p>Price: [price_with_discount](as of [price_update_date] &#8211; Details) [ad_1] Ideal f\u00fcr Kurzaufnahmen kehrt der Nike Free Run 5.0 2021 zu seinen Wurzeln wie ein Laufschuh zur\u00fcck. Das minimalistische Mesh-Obermaterial reduziert sich auf<\/p>\n","protected":false},"featured_media":68130,"comment_status":"open","ping_status":"closed","template":"","meta":[],"product_cat":[234],"product_tag":[236],"class_list":{"0":"post-68129","1":"product","2":"type-product","3":"status-publish","4":"has-post-thumbnail","6":"product_cat-shoes","7":"product_tag-womens-road-running-shoes","9":"first","10":"instock","11":"shipping-taxable","12":"product-type-external"},"aioseo_notices":[],"_links":{"self":[{"href":"https:\/\/topgetestet.de\/index.php?rest_route=\/wp\/v2\/product\/68129","targetHints":{"allow":["GET"]}}],"collection":[{"href":"https:\/\/topgetestet.de\/index.php?rest_route=\/wp\/v2\/product"}],"about":[{"href":"https:\/\/topgetestet.de\/index.php?rest_route=\/wp\/v2\/types\/product"}],"replies":[{"embeddable":true,"href":"https:\/\/topgetestet.de\/index.php?rest_route=%2Fwp%2Fv2%2Fcomments&post=68129"}],"wp:featuredmedia":[{"embeddable":true,"href":"https:\/\/topgetestet.de\/index.php?rest_route=\/wp\/v2\/media\/68130"}],"wp:attachment":[{"href":"https:\/\/topgetestet.de\/index.php?rest_route=%2Fwp%2Fv2%2Fmedia&parent=68129"}],"wp:term":[{"taxonomy":"product_cat","embeddable":true,"href":"https:\/\/topgetestet.de\/index.php?rest_route=%2Fwp%2Fv2%2Fproduct_cat&post=68129"},{"taxonomy":"product_tag","embeddable":true,"href":"https:\/\/topgetestet.de\/index.php?rest_route=%2Fwp%2Fv2%2Fproduct_tag&post=68129"}],"curies":[{"name":"wp","href":"https:\/\/api.w.org\/{rel}","templated":true}]}}