{"id":68058,"date":"2022-10-15T08:43:48","date_gmt":"2022-10-15T08:43:48","guid":{"rendered":"https:\/\/topgetestet.de\/?product=queen-helene-body-care-moisturisers-creams-300-ml-174812"},"modified":"2022-10-15T08:43:48","modified_gmt":"2022-10-15T08:43:48","slug":"queen-helene-body-care-moisturisers-creams-300-ml-174812","status":"publish","type":"product","link":"https:\/\/topgetestet.de\/?product=queen-helene-body-care-moisturisers-creams-300-ml-174812","title":{"rendered":"Queen Helene Body Care\/Moisturisers\/Creams, 300 ml 174812"},"content":{"rendered":"<p>Price: <span style=\"color:#b12704\">[price_with_discount]<\/span><br \/><i><small>(as of [price_update_date] &#8211; <span class=\"wp_automatic_amazon_disclaimer\" title=\"Product prices and availability are accurate as of the date\/time indicated and are subject to change. Any price and availability information displayed on [relevant Amazon Site(s), as applicable] at the time of purchase will apply to the purchase of this product.\">Details<\/span>)<\/small><\/i><\/p>\n<p><a href=\"https:\/\/amazon.de\/dp\/B000EGOG46?tag=topgetestet09-21\"><img decoding=\"async\" src=\"https:\/\/i.imgur.com\/ISRHEWs.png\"><\/a><br \/>\n[ad_1]<br \/>\n <span>Marke Beauty-Produkte Queen Helene entwickelt, um sie zu verw\u00f6hnen, f\u00fcr sich selbst zu sorgen und sich jeden Tag des Jahres sch\u00f6n zu f\u00fchlen.<\/span> <br \/>Marke Queen Helene<br \/>\n<br \/>[ad_2]<\/p>\n","protected":false},"excerpt":{"rendered":"<p>Price: [price_with_discount](as of [price_update_date] &#8211; Details) [ad_1] Marke Beauty-Produkte Queen Helene entwickelt, um sie zu verw\u00f6hnen, f\u00fcr sich selbst zu sorgen und sich jeden Tag des Jahres sch\u00f6n zu f\u00fchlen.<\/p>\n","protected":false},"featured_media":68059,"comment_status":"open","ping_status":"closed","template":"","meta":[],"product_cat":[228],"product_tag":[239],"class_list":{"0":"post-68058","1":"product","2":"type-product","3":"status-publish","4":"has-post-thumbnail","6":"product_cat-beauty","7":"product_tag-body-skin-care","9":"first","10":"instock","11":"shipping-taxable","12":"product-type-external"},"aioseo_notices":[],"_links":{"self":[{"href":"https:\/\/topgetestet.de\/index.php?rest_route=\/wp\/v2\/product\/68058","targetHints":{"allow":["GET"]}}],"collection":[{"href":"https:\/\/topgetestet.de\/index.php?rest_route=\/wp\/v2\/product"}],"about":[{"href":"https:\/\/topgetestet.de\/index.php?rest_route=\/wp\/v2\/types\/product"}],"replies":[{"embeddable":true,"href":"https:\/\/topgetestet.de\/index.php?rest_route=%2Fwp%2Fv2%2Fcomments&post=68058"}],"wp:featuredmedia":[{"embeddable":true,"href":"https:\/\/topgetestet.de\/index.php?rest_route=\/wp\/v2\/media\/68059"}],"wp:attachment":[{"href":"https:\/\/topgetestet.de\/index.php?rest_route=%2Fwp%2Fv2%2Fmedia&parent=68058"}],"wp:term":[{"taxonomy":"product_cat","embeddable":true,"href":"https:\/\/topgetestet.de\/index.php?rest_route=%2Fwp%2Fv2%2Fproduct_cat&post=68058"},{"taxonomy":"product_tag","embeddable":true,"href":"https:\/\/topgetestet.de\/index.php?rest_route=%2Fwp%2Fv2%2Fproduct_tag&post=68058"}],"curies":[{"name":"wp","href":"https:\/\/api.w.org\/{rel}","templated":true}]}}