{"id":67949,"date":"2022-10-15T08:16:04","date_gmt":"2022-10-15T08:16:04","guid":{"rendered":"https:\/\/topgetestet.de\/?product=shein-damen-spitzen-bodysuits-transparenter-bodys-spaghettitrager-bodies-spaghettitrager-oberteil"},"modified":"2022-10-15T08:16:04","modified_gmt":"2022-10-15T08:16:04","slug":"shein-damen-spitzen-bodysuits-transparenter-bodys-spaghettitrager-bodies-spaghettitrager-oberteil","status":"publish","type":"product","link":"https:\/\/topgetestet.de\/?product=shein-damen-spitzen-bodysuits-transparenter-bodys-spaghettitrager-bodies-spaghettitrager-oberteil","title":{"rendered":"SheIn Damen Spitzen Bodysuits Transparenter Bodys Spaghettitr\u00e4ger Bodies Spaghettitr\u00e4ger Oberteil"},"content":{"rendered":"<p>Price: <span style=\"color:#b12704\">[price_with_discount]<\/span><br \/><i><small>(as of [price_update_date] &#8211; <span class=\"wp_automatic_amazon_disclaimer\" title=\"Product prices and availability are accurate as of the date\/time indicated and are subject to change. Any price and availability information displayed on [relevant Amazon Site(s), as applicable] at the time of purchase will apply to the purchase of this product.\">Details<\/span>)<\/small><\/i><\/p>\n<p><a href=\"https:\/\/amazon.de\/dp\/B09YM5Q8BH?tag=topgetestet09-21\"><img decoding=\"async\" src=\"https:\/\/i.imgur.com\/ISRHEWs.png\"><\/a><br \/>\n[ad_1]<\/p>\n<p>       Produktinformation <\/p>\n<p>            *SheIn ist einer der weltweiten Online-Modeh\u00e4ndler und bietet die neuesten Styles und Trends.<br \/>\n            *Unser Ziel ist es, Innovationen zu den beliebtesten Preisen anzubieten, unsere Kunden zu inspirieren und ihnen den beliebtesten Look zu bieten.<br \/>\n            *Mode ist bei SheIn unsere Leidenschaft! Kaufen Sie Kleider, Oberteile, Unterteile usw. ein.<\/p>\n<h3 class=\"a-spacing-mini\"> SheIn Damen Spitzen Bodysuits Transparenter Bodys <\/h3>\n<p>          <img decoding=\"async\" alt=\"bodys\" src=\"https:\/\/images-na.ssl-images-amazon.com\/images\/G\/01\/x-locale\/common\/grey-pixel.gif\" class=\"a-spacing-base a-lazy-loaded\" data-src=\"https:\/\/m.media-amazon.com\/images\/W\/IMAGERENDERING_521856-T1\/images\/S\/aplus-media-library-service-media\/133728df-363d-4338-8790-f7764369c6a5.__CR0,0,970,600_PT0_SX970_V1___.jpg\"><\/p>\n<p>           <img decoding=\"async\" alt=\"bodys\" src=\"https:\/\/m.media-amazon.com\/images\/W\/IMAGERENDERING_521856-T1\/images\/S\/aplus-media-library-service-media\/133728df-363d-4338-8790-f7764369c6a5.__CR0,0,970,600_PT0_SX970_V1___.jpg\"><\/p>\n<p>          <img decoding=\"async\" alt=\"bodys\" src=\"https:\/\/images-na.ssl-images-amazon.com\/images\/G\/01\/x-locale\/common\/grey-pixel.gif\" class=\"a-spacing-base a-lazy-loaded\" data-src=\"https:\/\/m.media-amazon.com\/images\/W\/IMAGERENDERING_521856-T1\/images\/S\/aplus-media-library-service-media\/2e97746c-4250-42d9-a9a3-448453ed2920.__CR0,0,970,600_PT0_SX970_V1___.jpg\"><\/p>\n<p>           <img decoding=\"async\" alt=\"bodys\" src=\"https:\/\/m.media-amazon.com\/images\/W\/IMAGERENDERING_521856-T1\/images\/S\/aplus-media-library-service-media\/2e97746c-4250-42d9-a9a3-448453ed2920.__CR0,0,970,600_PT0_SX970_V1___.jpg\"><\/p>\n<p class=\"a-spacing-base\">\n<p>           Stil: Sexy<br \/>\n           Muster: Einfarbig<br \/>\n           Details: Durchsichtig<br \/>\n           Typ: Camisole<br \/>\n           Kragen: Spaghettitr\u00e4ger<br \/>\n           \u00c4rmell\u00e4nge: \u00c4rmellos<br \/>\n           Fit Typ: D\u00fcnn<br \/>\n           Stoff: Hoch-dehnbar<br \/>\n           Material: Spitze<\/p>\n<h3 class=\"a-spacing-mini\"> mit Lederjacke und leggings\/ Jeans kombiniert <\/h3>\n<p>          <img decoding=\"async\" alt=\"bodys\" src=\"https:\/\/images-na.ssl-images-amazon.com\/images\/G\/01\/x-locale\/common\/grey-pixel.gif\" class=\"a-spacing-base a-lazy-loaded\" data-src=\"https:\/\/m.media-amazon.com\/images\/W\/IMAGERENDERING_521856-T1\/images\/S\/aplus-media-library-service-media\/c1b138ed-f17d-471a-a3e1-6e9e30964b74.__CR0,0,970,600_PT0_SX970_V1___.jpg\"><\/p>\n<p>           <img decoding=\"async\" alt=\"bodys\" src=\"https:\/\/m.media-amazon.com\/images\/W\/IMAGERENDERING_521856-T1\/images\/S\/aplus-media-library-service-media\/c1b138ed-f17d-471a-a3e1-6e9e30964b74.__CR0,0,970,600_PT0_SX970_V1___.jpg\"><\/p>\n<p class=\"a-spacing-base\">\n<p>           Gr\u00f6\u00dfen-Informationen (cm)<br \/>\n           XS: L\u00e4nge:69, Brust:68, H\u00fcftenumfang:62, Tr\u00e4gerl\u00e4nge:30.9<br \/>\n           S: L\u00e4nge:70.5, Brust:72, H\u00fcftenumfang:66, Tr\u00e4gerl\u00e4nge:31.5<br \/>\n           M: L\u00e4nge:72, Brust:76, H\u00fcftenumfang:70, Tr\u00e4gerl\u00e4nge:32.1<br \/>\n           L: L\u00e4nge:74, Brust:82, H\u00fcftenumfang:76, Tr\u00e4gerl\u00e4nge:32.9<\/p>\n<p> Verpackungsabmessungen \u200f : \u200e  26.2 x 16.3 x 7.5 cm; 70 Gramm <br \/> Im Angebot von Amazon.de seit \u200f : \u200e  22. April 2022 <br \/> ASIN \u200f : \u200e  B09YM6B87H <br \/> Modellnummer \u200f : \u200e  S9-swbodysui03210322516-XS <br \/> Kategorie \u200f : \u200e  Damen <\/p>\n<p>[ad_2]<\/p>\n","protected":false},"excerpt":{"rendered":"<p>Price: [price_with_discount](as of [price_update_date] &#8211; Details) [ad_1] Produktinformation *SheIn ist einer der weltweiten Online-Modeh\u00e4ndler und bietet die neuesten Styles und Trends. *Unser Ziel ist es, Innovationen zu den beliebtesten Preisen<\/p>\n","protected":false},"featured_media":67950,"comment_status":"open","ping_status":"closed","template":"","meta":[],"product_cat":[232],"product_tag":[],"class_list":{"0":"post-67949","1":"product","2":"type-product","3":"status-publish","4":"has-post-thumbnail","6":"product_cat-women-fashion","8":"first","9":"instock","10":"shipping-taxable","11":"product-type-external"},"aioseo_notices":[],"_links":{"self":[{"href":"https:\/\/topgetestet.de\/index.php?rest_route=\/wp\/v2\/product\/67949","targetHints":{"allow":["GET"]}}],"collection":[{"href":"https:\/\/topgetestet.de\/index.php?rest_route=\/wp\/v2\/product"}],"about":[{"href":"https:\/\/topgetestet.de\/index.php?rest_route=\/wp\/v2\/types\/product"}],"replies":[{"embeddable":true,"href":"https:\/\/topgetestet.de\/index.php?rest_route=%2Fwp%2Fv2%2Fcomments&post=67949"}],"wp:featuredmedia":[{"embeddable":true,"href":"https:\/\/topgetestet.de\/index.php?rest_route=\/wp\/v2\/media\/67950"}],"wp:attachment":[{"href":"https:\/\/topgetestet.de\/index.php?rest_route=%2Fwp%2Fv2%2Fmedia&parent=67949"}],"wp:term":[{"taxonomy":"product_cat","embeddable":true,"href":"https:\/\/topgetestet.de\/index.php?rest_route=%2Fwp%2Fv2%2Fproduct_cat&post=67949"},{"taxonomy":"product_tag","embeddable":true,"href":"https:\/\/topgetestet.de\/index.php?rest_route=%2Fwp%2Fv2%2Fproduct_tag&post=67949"}],"curies":[{"name":"wp","href":"https:\/\/api.w.org\/{rel}","templated":true}]}}